{"id":11083,"date":"2026-03-02T20:30:43","date_gmt":"2026-03-02T20:30:43","guid":{"rendered":"https:\/\/www.loyola.edu.mx\/?page_id=11083"},"modified":"2026-04-28T15:51:18","modified_gmt":"2026-04-28T15:51:18","slug":"programa-de-personas-referidas-loyola","status":"publish","type":"page","link":"https:\/\/www.loyola.edu.mx\/?page_id=11083","title":{"rendered":"Programa de Personas Referidas Loyola"},"content":{"rendered":"\t\t<div data-elementor-type=\"wp-page\" data-elementor-id=\"11083\" class=\"elementor elementor-11083\">\n\t\t\t\t<div class=\"elementor-element elementor-element-6a609ea e-grid e-con-full e-con e-parent\" data-id=\"6a609ea\" data-element_type=\"container\" data-e-type=\"container\">\n\t\t\t\t<div class=\"elementor-element elementor-element-8bdf1e3 elementor-widget__width-inherit elementor-widget elementor-widget-image\" data-id=\"8bdf1e3\" data-element_type=\"widget\" data-e-type=\"widget\" data-widget_type=\"image.default\">\n\t\t\t\t<div class=\"elementor-widget-container\">\n\t\t\t\t\t\t\t\t\t\t\t\t\t\t\t<img fetchpriority=\"high\" decoding=\"async\" width=\"1969\" height=\"699\" src=\"https:\/\/www.loyola.edu.mx\/wp-content\/uploads\/2026\/03\/Banner-Referidos.jpg\" class=\"attachment-full size-full wp-image-11332\" alt=\"\" srcset=\"https:\/\/www.loyola.edu.mx\/wp-content\/uploads\/2026\/03\/Banner-Referidos.jpg 1969w, https:\/\/www.loyola.edu.mx\/wp-content\/uploads\/2026\/03\/Banner-Referidos-300x107.jpg 300w, https:\/\/www.loyola.edu.mx\/wp-content\/uploads\/2026\/03\/Banner-Referidos-1024x364.jpg 1024w, https:\/\/www.loyola.edu.mx\/wp-content\/uploads\/2026\/03\/Banner-Referidos-768x273.jpg 768w, https:\/\/www.loyola.edu.mx\/wp-content\/uploads\/2026\/03\/Banner-Referidos-1536x545.jpg 1536w\" sizes=\"(max-width: 1969px) 100vw, 1969px\" \/>\t\t\t\t\t\t\t\t\t\t\t\t\t\t\t<\/div>\n\t\t\t\t<\/div>\n\t\t\t\t<\/div>\n\t\t<div class=\"elementor-element elementor-element-85b994d e-flex e-con-boxed e-con e-parent\" data-id=\"85b994d\" data-element_type=\"container\" data-e-type=\"container\">\n\t\t\t\t\t<div class=\"e-con-inner\">\n\t\t\t\t<div class=\"elementor-element elementor-element-68fc0e2 elementor-widget elementor-widget-text-editor\" data-id=\"68fc0e2\" data-element_type=\"widget\" data-e-type=\"widget\" data-widget_type=\"text-editor.default\">\n\t\t\t\t<div class=\"elementor-widget-container\">\n\t\t\t\t\t\t\t\t\t<p><span style=\"color: #165788;\"><b>Programa de Personas Referidas<\/b><\/span><\/p><p>El Programa de Personas Referidas tiene como objetivo captar estudiantes de nuevo ingreso a partir de las experiencias que compartan las y los miembros de la Comunidad Loyola y est\u00e1 dirigido a estudiantes, docentes, colaboradores, madres y padres de familia o tutores y egresadas y egresados. A quienes participen en esta estrategia de promoci\u00f3n y captaci\u00f3n de estudiantes de nuevo ingreso se les otorgar\u00e1n beneficios especiales. <br \/>.<\/p>\t\t\t\t\t\t\t\t<\/div>\n\t\t\t\t<\/div>\n\t\t\t\t\t<\/div>\n\t\t\t\t<\/div>\n\t\t<div class=\"elementor-element elementor-element-1c0a8da e-grid e-con-boxed e-con e-parent\" data-id=\"1c0a8da\" data-element_type=\"container\" data-e-type=\"container\">\n\t\t\t\t\t<div class=\"e-con-inner\">\n\t\t\t\t<div class=\"elementor-element elementor-element-0ec5f61 elementor-widget elementor-widget-text-editor\" data-id=\"0ec5f61\" data-element_type=\"widget\" data-e-type=\"widget\" data-widget_type=\"text-editor.default\">\n\t\t\t\t<div class=\"elementor-widget-container\">\n\t\t\t\t\t\t\t\t\t<p><span style=\"color: #165788;\"><b>\u00bfC\u00f3mo participar?<\/b><\/span><\/p><p>Refiere a un familiar (excepto hermano, hermana, hija o hijo), amigo o conocido, registra los datos en el <strong><span style=\"color: #165788;\"><a style=\"color: #165788;\" href=\"https:\/\/forms.gle\/SftiRrUwSyZkg5c66\" target=\"_blank\" rel=\"noopener\">formulario correspondiente<\/a><\/span><\/strong>\u00a0y acomp\u00e1\u00f1ale en su proceso de admisi\u00f3n para obtener beneficios.<\/p><p>El Programa de Personas Referidas aplica para aspirantes a ingresar a Secundaria, Preparatoria y Universidad (Licenciaturas Semestrales y Cuatrimestrales, y Posgrado) para inscripciones para el ciclo escolar que empieza en agosto 2026.<\/p>\t\t\t\t\t\t\t\t<\/div>\n\t\t\t\t<\/div>\n\t\t\t\t<div class=\"elementor-element elementor-element-d3809aa elementor-widget elementor-widget-text-editor\" data-id=\"d3809aa\" data-element_type=\"widget\" data-e-type=\"widget\" data-widget_type=\"text-editor.default\">\n\t\t\t\t<div class=\"elementor-widget-container\">\n\t\t\t\t\t\t\t\t\t<p><span style=\"color: #165788;\"><b>\u00bfCu\u00e1les son los beneficios?<\/b><\/span><\/p><ul><li>A <span style=\"color: #165788;\"><b>Estudiantes y Madres y Padres de Familia o Tutores <\/b><\/span>se les otorgar\u00e1 un descuento del 50% de una colegiatura por cada estudiante que refieran y se inscriba a cualquiera de los niveles del SELP.\u00a0<\/li><li>A <span style=\"color: #165788;\"><b>Colaboradores y Docentes <\/b><\/span>se les otorgar\u00e1 una recompensa de $1,000.00 en una tarjeta de regalo por cada persona referida.<\/li><li>A <span style=\"color: #165788;\"><b>Egresadas y Egresados de Preparatoria y Universidad <\/b><\/span>se les otorgar\u00e1 un descuento del 10% aplicable a colegiatura en cualquiera de nuestros programas acad\u00e9micos de Educaci\u00f3n Continua por cada persona que refieran y se inscriba a cualquiera de los niveles del SELP.<\/li><\/ul>\t\t\t\t\t\t\t\t<\/div>\n\t\t\t\t<\/div>\n\t\t\t\t\t<\/div>\n\t\t\t\t<\/div>\n\t\t<div class=\"elementor-element elementor-element-4566dc1 e-grid e-con-boxed e-con e-parent\" data-id=\"4566dc1\" data-element_type=\"container\" data-e-type=\"container\">\n\t\t\t\t\t<div class=\"e-con-inner\">\n\t\t\t\t<div class=\"elementor-element elementor-element-edbdc53 elementor-widget elementor-widget-text-editor\" data-id=\"edbdc53\" data-element_type=\"widget\" data-e-type=\"widget\" data-widget_type=\"text-editor.default\">\n\t\t\t\t<div class=\"elementor-widget-container\">\n\t\t\t\t\t\t\t\t\t<p><span style=\"color: #165788;\"><b>\u00bfQu\u00e9 debo saber?<\/b><\/span><\/p><ul class=\"plan_estudio_list color_white\"><li>La persona que refiere debe registrar al aspirante antes de pedir informes en el <strong><span style=\"color: #165788;\"><a style=\"color: #165788;\" href=\"https:\/\/forms.gle\/SftiRrUwSyZkg5c66\" target=\"_blank\" rel=\"noopener\">formulario correspondiente<\/a>.<\/span><\/strong><\/li><li>No aplica si la persona referida ya se encuentra en la base de datos del \u00e1rea de Admisiones de la instituci\u00f3n.<\/li><li>No aplica si la persona referida ya fue estudiante de cualquier nivel del SELP.<\/li><li>No hay l\u00edmite en el n\u00famero de personas referidas.<\/li><\/ul><p><span style=\"color: #165788;\"><b>Importante:<\/b><\/span> Acomp\u00e1\u00f1ale en su proceso de admisi\u00f3n, comparte tus experiencias, ay\u00fadale a conocer el campus y a integrarse a la Comunidad Loyola.<\/p><p>Para conocer las reglas espec\u00edficas por grupo y participar en este programa, revisa el <strong><span style=\"color: #165788;\"><a style=\"color: #165788;\" href=\"https:\/\/content.api.getguru.com\/files\/view\/3fe80194-692e-407a-9726-1d1b960ebd3f\" target=\"_blank\" rel=\"noopener\">Comunicado Oficial 834-Programa de Personas Referidas.<\/a><\/span><\/strong><\/p>\t\t\t\t\t\t\t\t<\/div>\n\t\t\t\t<\/div>\n\t\t\t\t\t<\/div>\n\t\t\t\t<\/div>\n\t\t<div class=\"elementor-element elementor-element-2e52706 e-flex e-con-boxed e-con e-parent\" data-id=\"2e52706\" data-element_type=\"container\" data-e-type=\"container\">\n\t\t\t\t\t<div class=\"e-con-inner\">\n\t\t\t\t<div class=\"elementor-element elementor-element-ccd28d5 elementor-widget__width-initial elementor-widget elementor-widget-html\" data-id=\"ccd28d5\" data-element_type=\"widget\" data-e-type=\"widget\" data-widget_type=\"html.default\">\n\t\t\t\t<div class=\"elementor-widget-container\">\n\t\t\t\t\t<iframe src=\"https:\/\/docs.google.com\/forms\/d\/e\/1FAIpQLSfe9z9iBGRS-LWzTBigjO8BufvvPnODbqjx9yakzlEOH49fog\/viewform?embedded=true\" width=\"640\" height=\"1201\" frameborder=\"0\" marginheight=\"0\" marginwidth=\"0\">Cargando\u2026<\/iframe>\t\t\t\t<\/div>\n\t\t\t\t<\/div>\n\t\t\t\t\t<\/div>\n\t\t\t\t<\/div>\n\t\t<div class=\"elementor-element elementor-element-ac7f186 e-flex e-con-boxed e-con e-parent\" data-id=\"ac7f186\" data-element_type=\"container\" data-e-type=\"container\">\n\t\t\t\t\t<div class=\"e-con-inner\">\n\t\t\t\t\t<\/div>\n\t\t\t\t<\/div>\n\t\t\t\t<\/div>\n\t\t","protected":false},"excerpt":{"rendered":"<p>Programa de Personas Referidas El Programa de Personas Referidas tiene como objetivo captar estudiantes de nuevo ingreso a partir de las experiencias que compartan las y los miembros de la Comunidad Loyola y est\u00e1 dirigido a estudiantes, docentes, colaboradores, madres y padres de familia o tutores y egresadas y egresados. A quienes participen en esta [&hellip;]<\/p>\n","protected":false},"author":11,"featured_media":0,"parent":0,"menu_order":0,"comment_status":"closed","ping_status":"closed","template":"template-home.php","meta":{"footnotes":"","_elementor_edit_mode":"builder","_elementor_template_type":"wp-page","_elementor_data":"[{\"id\":\"6a609ea\",\"elType\":\"container\",\"settings\":{\"container_type\":\"grid\",\"grid_columns_grid\":{\"unit\":\"fr\",\"size\":1},\"grid_rows_grid\":{\"unit\":\"fr\",\"size\":\"1\"},\"grid_rows_grid_mobile\":{\"unit\":\"fr\",\"size\":\"1\"},\"content_width\":\"full\",\"margin\":{\"unit\":\"px\",\"top\":\"-10\",\"right\":\"-10\",\"bottom\":\"-10\",\"left\":\"-10\",\"isLinked\":true},\"padding\":{\"unit\":\"px\",\"top\":\"0\",\"right\":\"0\",\"bottom\":\"0\",\"left\":\"0\",\"isLinked\":true}},\"elements\":[{\"id\":\"8bdf1e3\",\"elType\":\"widget\",\"settings\":{\"content_width\":\"full\",\"image\":{\"url\":\"https:\\\/\\\/www.loyola.edu.mx\\\/wp-content\\\/uploads\\\/2026\\\/03\\\/Banner-Referidos.jpg\",\"id\":11332,\"size\":\"\",\"alt\":\"\",\"source\":\"library\"},\"image_size\":\"full\",\"_padding\":{\"unit\":\"px\",\"top\":\"0\",\"right\":\"0\",\"bottom\":\"0\",\"left\":\"0\",\"isLinked\":true},\"_element_width\":\"inherit\"},\"elements\":[],\"widgetType\":\"image\"}],\"isInner\":false},{\"id\":\"85b994d\",\"elType\":\"container\",\"settings\":{\"padding\":{\"unit\":\"px\",\"top\":\"30\",\"right\":\"30\",\"bottom\":\"30\",\"left\":\"30\",\"isLinked\":true}},\"elements\":[{\"id\":\"68fc0e2\",\"elType\":\"widget\",\"settings\":{\"content_width\":\"full\",\"editor\":\"<p><span style=\\\"color: #165788;\\\"><b>Programa de Personas Referidas<\\\/b><\\\/span><\\\/p><p>El Programa de Personas Referidas tiene como objetivo captar estudiantes de nuevo ingreso a partir de las experiencias que compartan las y los miembros de la Comunidad Loyola y est\\u00e1 dirigido a estudiantes, docentes, colaboradores, madres y padres de familia o tutores y egresadas y egresados. A quienes participen en esta estrategia de promoci\\u00f3n y captaci\\u00f3n de estudiantes de nuevo ingreso se les otorgar\\u00e1n beneficios especiales. <br \\\/>.<\\\/p>\"},\"elements\":[],\"widgetType\":\"text-editor\"}],\"isInner\":false},{\"id\":\"1c0a8da\",\"elType\":\"container\",\"settings\":{\"container_type\":\"grid\",\"grid_columns_grid\":{\"unit\":\"fr\",\"size\":\"2\"},\"grid_rows_grid\":{\"unit\":\"fr\",\"size\":\"1\"},\"grid_rows_grid_mobile\":{\"unit\":\"fr\",\"size\":\"1\"}},\"elements\":[{\"id\":\"0ec5f61\",\"elType\":\"widget\",\"settings\":{\"content_width\":\"full\",\"editor\":\"<p><span style=\\\"color: #165788;\\\"><b>\\u00bfC\\u00f3mo participar?<\\\/b><\\\/span><\\\/p><p>Refiere a un familiar (excepto hermano, hermana, hija o hijo), amigo o conocido, registra los datos en el <strong><span style=\\\"color: #165788;\\\"><a style=\\\"color: #165788;\\\" href=\\\"https:\\\/\\\/forms.gle\\\/SftiRrUwSyZkg5c66\\\" target=\\\"_blank\\\" rel=\\\"noopener\\\">formulario correspondiente<\\\/a><\\\/span><\\\/strong>\\u00a0y acomp\\u00e1\\u00f1ale en su proceso de admisi\\u00f3n para obtener beneficios.<\\\/p><p>El Programa de Personas Referidas aplica para aspirantes a ingresar a Secundaria, Preparatoria y Universidad (Licenciaturas Semestrales y Cuatrimestrales, y Posgrado) para inscripciones para el ciclo escolar que empieza en agosto 2026.<\\\/p>\"},\"elements\":[],\"widgetType\":\"text-editor\"},{\"id\":\"d3809aa\",\"elType\":\"widget\",\"settings\":{\"content_width\":\"full\",\"editor\":\"<p><span style=\\\"color: #165788;\\\"><b>\\u00bfCu\\u00e1les son los beneficios?<\\\/b><\\\/span><\\\/p><ul><li>A <span style=\\\"color: #165788;\\\"><b>Estudiantes y Madres y Padres de Familia o Tutores <\\\/b><\\\/span>se les otorgar\\u00e1 un descuento del 50% de una colegiatura por cada estudiante que refieran y se inscriba a cualquiera de los niveles del SELP.\\u00a0<\\\/li><li>A <span style=\\\"color: #165788;\\\"><b>Colaboradores y Docentes <\\\/b><\\\/span>se les otorgar\\u00e1 una recompensa de $1,000.00 en una tarjeta de regalo por cada persona referida.<\\\/li><li>A <span style=\\\"color: #165788;\\\"><b>Egresadas y Egresados de Preparatoria y Universidad <\\\/b><\\\/span>se les otorgar\\u00e1 un descuento del 10% aplicable a colegiatura en cualquiera de nuestros programas acad\\u00e9micos de Educaci\\u00f3n Continua por cada persona que refieran y se inscriba a cualquiera de los niveles del SELP.<\\\/li><\\\/ul>\"},\"elements\":[],\"widgetType\":\"text-editor\"}],\"isInner\":false},{\"id\":\"4566dc1\",\"elType\":\"container\",\"settings\":{\"container_type\":\"grid\",\"grid_columns_grid\":{\"unit\":\"fr\",\"size\":1},\"grid_rows_grid\":{\"unit\":\"fr\",\"size\":\"1\"},\"grid_rows_grid_mobile\":{\"unit\":\"fr\",\"size\":\"1\"}},\"elements\":[{\"id\":\"edbdc53\",\"elType\":\"widget\",\"settings\":{\"content_width\":\"full\",\"editor\":\"<p><span style=\\\"color: #165788;\\\"><b>\\u00bfQu\\u00e9 debo saber?<\\\/b><\\\/span><\\\/p><ul class=\\\"plan_estudio_list color_white\\\"><li>La persona que refiere debe registrar al aspirante antes de pedir informes en el <strong><span style=\\\"color: #165788;\\\"><a style=\\\"color: #165788;\\\" href=\\\"https:\\\/\\\/forms.gle\\\/SftiRrUwSyZkg5c66\\\" target=\\\"_blank\\\" rel=\\\"noopener\\\">formulario correspondiente<\\\/a>.<\\\/span><\\\/strong><\\\/li><li>No aplica si la persona referida ya se encuentra en la base de datos del \\u00e1rea de Admisiones de la instituci\\u00f3n.<\\\/li><li>No aplica si la persona referida ya fue estudiante de cualquier nivel del SELP.<\\\/li><li>No hay l\\u00edmite en el n\\u00famero de personas referidas.<\\\/li><\\\/ul><p><span style=\\\"color: #165788;\\\"><b>Importante:<\\\/b><\\\/span> Acomp\\u00e1\\u00f1ale en su proceso de admisi\\u00f3n, comparte tus experiencias, ay\\u00fadale a conocer el campus y a integrarse a la Comunidad Loyola.<\\\/p><p>Para conocer las reglas espec\\u00edficas por grupo y participar en este programa, revisa el <strong><span style=\\\"color: #165788;\\\"><a style=\\\"color: #165788;\\\" href=\\\"https:\\\/\\\/content.api.getguru.com\\\/files\\\/view\\\/3fe80194-692e-407a-9726-1d1b960ebd3f\\\" target=\\\"_blank\\\" rel=\\\"noopener\\\">Comunicado Oficial 834-Programa de Personas Referidas.<\\\/a><\\\/span><\\\/strong><\\\/p>\"},\"elements\":[],\"widgetType\":\"text-editor\"}],\"isInner\":false},{\"id\":\"2e52706\",\"elType\":\"container\",\"settings\":[],\"elements\":[{\"id\":\"ccd28d5\",\"elType\":\"widget\",\"settings\":{\"content_width\":\"full\",\"html\":\"<iframe src=\\\"https:\\\/\\\/docs.google.com\\\/forms\\\/d\\\/e\\\/1FAIpQLSfe9z9iBGRS-LWzTBigjO8BufvvPnODbqjx9yakzlEOH49fog\\\/viewform?embedded=true\\\" width=\\\"640\\\" height=\\\"1201\\\" frameborder=\\\"0\\\" marginheight=\\\"0\\\" marginwidth=\\\"0\\\">Cargando\\u2026<\\\/iframe>\",\"_element_width\":\"initial\",\"_element_custom_width\":{\"unit\":\"%\",\"size\":94.983},\"_flex_size\":\"none\"},\"elements\":[],\"widgetType\":\"html\"}],\"isInner\":false},{\"id\":\"ac7f186\",\"elType\":\"container\",\"settings\":[],\"elements\":[],\"isInner\":false}]","_elementor_page_settings":null},"class_list":["post-11083","page","type-page","status-publish","hentry"],"_links":{"self":[{"href":"https:\/\/www.loyola.edu.mx\/index.php?rest_route=\/wp\/v2\/pages\/11083","targetHints":{"allow":["GET"]}}],"collection":[{"href":"https:\/\/www.loyola.edu.mx\/index.php?rest_route=\/wp\/v2\/pages"}],"about":[{"href":"https:\/\/www.loyola.edu.mx\/index.php?rest_route=\/wp\/v2\/types\/page"}],"author":[{"embeddable":true,"href":"https:\/\/www.loyola.edu.mx\/index.php?rest_route=\/wp\/v2\/users\/11"}],"replies":[{"embeddable":true,"href":"https:\/\/www.loyola.edu.mx\/index.php?rest_route=%2Fwp%2Fv2%2Fcomments&post=11083"}],"version-history":[{"count":14,"href":"https:\/\/www.loyola.edu.mx\/index.php?rest_route=\/wp\/v2\/pages\/11083\/revisions"}],"predecessor-version":[{"id":12023,"href":"https:\/\/www.loyola.edu.mx\/index.php?rest_route=\/wp\/v2\/pages\/11083\/revisions\/12023"}],"wp:attachment":[{"href":"https:\/\/www.loyola.edu.mx\/index.php?rest_route=%2Fwp%2Fv2%2Fmedia&parent=11083"}],"curies":[{"name":"wp","href":"https:\/\/api.w.org\/{rel}","templated":true}]}}