{"id":4312,"date":"2024-05-13T23:52:14","date_gmt":"2024-05-13T23:52:14","guid":{"rendered":"https:\/\/www.loyola.ideasdistintas.com\/?page_id=4312"},"modified":"2025-08-11T16:34:04","modified_gmt":"2025-08-11T16:34:04","slug":"mensaje-del-rector","status":"publish","type":"page","link":"https:\/\/www.loyola.edu.mx\/?page_id=4312","title":{"rendered":"Mensaje del Rector"},"content":{"rendered":"\t\t<div data-elementor-type=\"wp-page\" data-elementor-id=\"4312\" class=\"elementor elementor-4312\">\n\t\t\t\t<div class=\"elementor-element elementor-element-6252453 e-grid e-con-full e-con e-parent\" data-id=\"6252453\" data-element_type=\"container\" data-e-type=\"container\">\n\t\t\t\t<div class=\"elementor-element elementor-element-2c2c3af elementor-widget__width-inherit elementor-widget elementor-widget-image\" data-id=\"2c2c3af\" data-element_type=\"widget\" data-e-type=\"widget\" data-widget_type=\"image.default\">\n\t\t\t\t<div class=\"elementor-widget-container\">\n\t\t\t\t\t\t\t\t\t\t\t\t\t\t\t<img fetchpriority=\"high\" decoding=\"async\" width=\"1969\" height=\"699\" src=\"https:\/\/www.loyola.edu.mx\/wp-content\/uploads\/2024\/07\/Banner-MensajeRector.jpg\" class=\"attachment-full size-full wp-image-5136\" alt=\"\" srcset=\"https:\/\/www.loyola.edu.mx\/wp-content\/uploads\/2024\/07\/Banner-MensajeRector.jpg 1969w, https:\/\/www.loyola.edu.mx\/wp-content\/uploads\/2024\/07\/Banner-MensajeRector-300x107.jpg 300w, https:\/\/www.loyola.edu.mx\/wp-content\/uploads\/2024\/07\/Banner-MensajeRector-1024x364.jpg 1024w, https:\/\/www.loyola.edu.mx\/wp-content\/uploads\/2024\/07\/Banner-MensajeRector-768x273.jpg 768w, https:\/\/www.loyola.edu.mx\/wp-content\/uploads\/2024\/07\/Banner-MensajeRector-1536x545.jpg 1536w\" sizes=\"(max-width: 1969px) 100vw, 1969px\" \/>\t\t\t\t\t\t\t\t\t\t\t\t\t\t\t<\/div>\n\t\t\t\t<\/div>\n\t\t\t\t<\/div>\n\t\t<div class=\"elementor-element elementor-element-b4804e2 e-grid e-con-boxed e-con e-parent\" data-id=\"b4804e2\" data-element_type=\"container\" data-e-type=\"container\">\n\t\t\t\t\t<div class=\"e-con-inner\">\n\t\t\t\t<div class=\"elementor-element elementor-element-a07fc3a elementor-widget elementor-widget-text-editor\" data-id=\"a07fc3a\" data-element_type=\"widget\" data-e-type=\"widget\" data-widget_type=\"text-editor.default\">\n\t\t\t\t<div class=\"elementor-widget-container\">\n\t\t\t\t\t\t\t\t\t<p style=\"text-align: left;\"><span style=\"font-family: verdana, geneva, sans-serif;\">Apreciada comunidad del <span style=\"color: #165788;\"><b><span style=\"font-size: 12pt;\">Sistema Educativo Loyola del Pac\u00edfico<\/span><\/b><\/span>:<\/span><\/p><p><span style=\"font-family: verdana, geneva, sans-serif;\">Nuevamente me dirijo a ustedes para darles la bienvenida a este nuevo ciclo escolar 2025-2026. Todos los que hemos formado parte de esta comunidad en los \u00faltimos doce meses tenemos historias y aprendizajes que nos ha dejado este tiempo. Diversos y quiz\u00e1 contraproducentes en cierto sentido. Sin embargo tenemos uno que compartimos, estoy seguro, ampliamente.<\/span><\/p><p><span style=\"font-family: verdana, geneva, sans-serif;\"> Me refiero a la solidaridad con nuestros compa\u00f1eros y compa\u00f1eras. Con nuestra comunidad educativa. Con el Sistema Educativo Loyola del Pac\u00edfico. Gracias a este esp\u00edritu de comunidad. De caminar juntos, es que hemos afrontado todos los avatares de este a\u00f1o pasado.<\/span><\/p><p><img decoding=\"async\" class=\" wp-image-7196 alignleft\" src=\"https:\/\/www.loyola.edu.mx\/wp-content\/uploads\/2025\/01\/Foto-Rector-300x200.jpg\" alt=\"\" width=\"449\" height=\"299\" srcset=\"https:\/\/www.loyola.edu.mx\/wp-content\/uploads\/2025\/01\/Foto-Rector-300x200.jpg 300w, https:\/\/www.loyola.edu.mx\/wp-content\/uploads\/2025\/01\/Foto-Rector-1024x683.jpg 1024w, https:\/\/www.loyola.edu.mx\/wp-content\/uploads\/2025\/01\/Foto-Rector-768x512.jpg 768w, https:\/\/www.loyola.edu.mx\/wp-content\/uploads\/2025\/01\/Foto-Rector-1536x1024.jpg 1536w, https:\/\/www.loyola.edu.mx\/wp-content\/uploads\/2025\/01\/Foto-Rector-2048x1365.jpg 2048w\" sizes=\"(max-width: 449px) 100vw, 449px\" \/><\/p><p><span style=\"font-family: verdana, geneva, sans-serif;\">H<\/span><span style=\"font-family: verdana, geneva, sans-serif;\">oy regresamos<\/span><span style=\"font-family: verdana, geneva, sans-serif;\">\u00a0a nuestro campus plenos de alegr\u00eda y vocaci\u00f3<\/span><span style=\"font-family: verdana, geneva, sans-serif;\">n para continuar nuestra labor educativa. Desde la mirada del estudiante y la del profesor o profesora pasando por todos nosotros que aportamos nuestro quehacer para que esta ense\u00f1anza-aprendizaje d\u00e9 los mejores frutos en el coraz\u00f3n y sea la llama que ilumine nuestro caminar por este sendero d<\/span><span style=\"font-family: verdana, geneva, sans-serif;\">e la educaci\u00f3n para servir a los dem\u00e1s.<\/span><\/p><p><span style=\"font-family: verdana, geneva, sans-serif;\">Bienvenido<\/span><span style=\"font-family: verdana, geneva, sans-serif;\">s de nueva cuenta a la Loyola<\/span><\/p><p><span style=\"font-family: verdana, geneva, sans-serif;\">Mtro. Enrique Pasta Mu\u00f1\u00fazuri.<\/span><\/p><p><span style=\"font-family: verdana, geneva, sans-serif;\">Rector del Sistema Educativo Loyola del Pac\u00edfico.<\/span><\/p>\t\t\t\t\t\t\t\t<\/div>\n\t\t\t\t<\/div>\n\t\t\t\t\t<\/div>\n\t\t\t\t<\/div>\n\t\t\t\t<\/div>\n\t\t","protected":false},"excerpt":{"rendered":"<p>Apreciada comunidad del Sistema Educativo Loyola del Pac\u00edfico: Nuevamente me dirijo a ustedes para darles la bienvenida a este nuevo ciclo escolar 2025-2026. Todos los que hemos formado parte de esta comunidad en los \u00faltimos doce meses tenemos historias y aprendizajes que nos ha dejado este tiempo. Diversos y quiz\u00e1 contraproducentes en cierto sentido. Sin [&hellip;]<\/p>\n","protected":false},"author":1,"featured_media":0,"parent":0,"menu_order":0,"comment_status":"closed","ping_status":"closed","template":"template-home.php","meta":{"footnotes":"","_elementor_edit_mode":"builder","_elementor_template_type":"wp-page","_elementor_data":"[{\"id\":\"6252453\",\"elType\":\"container\",\"settings\":{\"container_type\":\"grid\",\"content_width\":\"full\",\"grid_columns_grid\":{\"unit\":\"fr\",\"size\":1,\"sizes\":[]},\"grid_rows_grid\":{\"unit\":\"fr\",\"size\":1,\"sizes\":[]},\"margin\":{\"unit\":\"px\",\"top\":\"-10\",\"right\":\"-10\",\"bottom\":\"-10\",\"left\":\"-10\",\"isLinked\":true},\"padding\":{\"unit\":\"px\",\"top\":\"0\",\"right\":\"0\",\"bottom\":\"0\",\"left\":\"0\",\"isLinked\":true},\"presetTitle\":\"Grid\",\"presetIcon\":\"eicon-container-grid\"},\"elements\":[{\"id\":\"2c2c3af\",\"elType\":\"widget\",\"settings\":{\"image\":{\"url\":\"https:\\\/\\\/www.loyola.edu.mx\\\/wp-content\\\/uploads\\\/2024\\\/07\\\/Banner-MensajeRector.jpg\",\"id\":5136,\"size\":\"\",\"alt\":\"\",\"source\":\"library\"},\"image_size\":\"full\",\"_padding\":{\"unit\":\"px\",\"top\":\"0\",\"right\":\"0\",\"bottom\":\"0\",\"left\":\"0\",\"isLinked\":true},\"_element_width\":\"inherit\"},\"elements\":[],\"widgetType\":\"image\"}],\"isInner\":false},{\"id\":\"b4804e2\",\"elType\":\"container\",\"settings\":{\"container_type\":\"grid\",\"grid_columns_grid\":{\"unit\":\"fr\",\"size\":1},\"grid_rows_grid\":{\"unit\":\"fr\",\"size\":\"1\"},\"grid_rows_grid_mobile\":{\"unit\":\"fr\",\"size\":\"1\"}},\"elements\":[{\"id\":\"a07fc3a\",\"elType\":\"widget\",\"settings\":{\"editor\":\"<p style=\\\"text-align: left;\\\"><span style=\\\"font-family: verdana, geneva, sans-serif;\\\">Apreciada comunidad del <span style=\\\"color: #165788;\\\"><b><span style=\\\"font-size: 12pt;\\\">Sistema Educativo Loyola del Pac\\u00edfico<\\\/span><\\\/b><\\\/span>:<\\\/span><\\\/p><p><span style=\\\"font-family: verdana, geneva, sans-serif;\\\">Nuevamente me dirijo a ustedes para darles la bienvenida a este nuevo ciclo escolar 2025-2026. Todos los que hemos formado parte de esta comunidad en los \\u00faltimos doce meses tenemos historias y aprendizajes que nos ha dejado este tiempo. Diversos y quiz\\u00e1 contraproducentes en cierto sentido. Sin embargo tenemos uno que compartimos, estoy seguro, ampliamente.<\\\/span><\\\/p><p><span style=\\\"font-family: verdana, geneva, sans-serif;\\\"> Me refiero a la solidaridad con nuestros compa\\u00f1eros y compa\\u00f1eras. Con nuestra comunidad educativa. Con el Sistema Educativo Loyola del Pac\\u00edfico. Gracias a este esp\\u00edritu de comunidad. De caminar juntos, es que hemos afrontado todos los avatares de este a\\u00f1o pasado.<\\\/span><\\\/p><p><img class=\\\" wp-image-7196 alignleft\\\" src=\\\"https:\\\/\\\/www.loyola.edu.mx\\\/wp-content\\\/uploads\\\/2025\\\/01\\\/Foto-Rector-300x200.jpg\\\" alt=\\\"\\\" width=\\\"449\\\" height=\\\"299\\\" \\\/><\\\/p><p><span style=\\\"font-family: verdana, geneva, sans-serif;\\\">H<\\\/span><span style=\\\"font-family: verdana, geneva, sans-serif;\\\">oy regresamos<\\\/span><span style=\\\"font-family: verdana, geneva, sans-serif;\\\">\\u00a0a nuestro campus plenos de alegr\\u00eda y vocaci\\u00f3<\\\/span><span style=\\\"font-family: verdana, geneva, sans-serif;\\\">n para continuar nuestra labor educativa. Desde la mirada del estudiante y la del profesor o profesora pasando por todos nosotros que aportamos nuestro quehacer para que esta ense\\u00f1anza-aprendizaje d\\u00e9 los mejores frutos en el coraz\\u00f3n y sea la llama que ilumine nuestro caminar por este sendero d<\\\/span><span style=\\\"font-family: verdana, geneva, sans-serif;\\\">e la educaci\\u00f3n para servir a los dem\\u00e1s.<\\\/span><\\\/p><p><span style=\\\"font-family: verdana, geneva, sans-serif;\\\">Bienvenido<\\\/span><span style=\\\"font-family: verdana, geneva, sans-serif;\\\">s de nueva cuenta a la Loyola<\\\/span><\\\/p><p><span style=\\\"font-family: verdana, geneva, sans-serif;\\\">Mtro. Enrique Pasta Mu\\u00f1\\u00fazuri.<\\\/span><\\\/p><p><span style=\\\"font-family: verdana, geneva, sans-serif;\\\">Rector del Sistema Educativo Loyola del Pac\\u00edfico.<\\\/span><\\\/p>\",\"align\":\"left\",\"_padding\":{\"unit\":\"px\",\"top\":\"20\",\"right\":\"20\",\"bottom\":\"20\",\"left\":\"20\",\"isLinked\":true},\"column_gap\":{\"unit\":\"px\",\"size\":0,\"sizes\":[]},\"content_width\":\"full\",\"_margin\":{\"unit\":\"px\",\"top\":\"0\",\"right\":\"0\",\"bottom\":\"0\",\"left\":\"0\",\"isLinked\":true},\"_flex_align_self\":\"flex-start\"},\"elements\":[],\"widgetType\":\"text-editor\"}],\"isInner\":false}]","_elementor_page_settings":null},"class_list":["post-4312","page","type-page","status-publish","hentry"],"_links":{"self":[{"href":"https:\/\/www.loyola.edu.mx\/index.php?rest_route=\/wp\/v2\/pages\/4312","targetHints":{"allow":["GET"]}}],"collection":[{"href":"https:\/\/www.loyola.edu.mx\/index.php?rest_route=\/wp\/v2\/pages"}],"about":[{"href":"https:\/\/www.loyola.edu.mx\/index.php?rest_route=\/wp\/v2\/types\/page"}],"author":[{"embeddable":true,"href":"https:\/\/www.loyola.edu.mx\/index.php?rest_route=\/wp\/v2\/users\/1"}],"replies":[{"embeddable":true,"href":"https:\/\/www.loyola.edu.mx\/index.php?rest_route=%2Fwp%2Fv2%2Fcomments&post=4312"}],"version-history":[{"count":49,"href":"https:\/\/www.loyola.edu.mx\/index.php?rest_route=\/wp\/v2\/pages\/4312\/revisions"}],"predecessor-version":[{"id":9435,"href":"https:\/\/www.loyola.edu.mx\/index.php?rest_route=\/wp\/v2\/pages\/4312\/revisions\/9435"}],"wp:attachment":[{"href":"https:\/\/www.loyola.edu.mx\/index.php?rest_route=%2Fwp%2Fv2%2Fmedia&parent=4312"}],"curies":[{"name":"wp","href":"https:\/\/api.w.org\/{rel}","templated":true}]}}