{"id":4318,"date":"2024-05-13T23:59:40","date_gmt":"2024-05-13T23:59:40","guid":{"rendered":"https:\/\/www.loyola.ideasdistintas.com\/?page_id=4318"},"modified":"2025-02-14T23:29:00","modified_gmt":"2025-02-14T23:29:00","slug":"documentos-fundantes","status":"publish","type":"page","link":"https:\/\/www.loyola.edu.mx\/?page_id=4318","title":{"rendered":"Documentos Fundantes"},"content":{"rendered":"\t\t<div data-elementor-type=\"wp-page\" data-elementor-id=\"4318\" class=\"elementor elementor-4318\">\n\t\t\t\t<div class=\"elementor-element elementor-element-624cd4b8 e-grid e-con-full e-con e-parent\" data-id=\"624cd4b8\" data-element_type=\"container\" data-e-type=\"container\">\n\t\t\t\t<div class=\"elementor-element elementor-element-e43e41a elementor-widget elementor-widget-image\" data-id=\"e43e41a\" data-element_type=\"widget\" data-e-type=\"widget\" data-widget_type=\"image.default\">\n\t\t\t\t<div class=\"elementor-widget-container\">\n\t\t\t\t\t\t\t\t\t\t\t\t\t\t\t<img fetchpriority=\"high\" decoding=\"async\" width=\"1972\" height=\"700\" src=\"https:\/\/www.loyola.edu.mx\/wp-content\/uploads\/2024\/06\/Banner-DocFun.jpg\" class=\"attachment-full size-full wp-image-4793\" alt=\"\" srcset=\"https:\/\/www.loyola.edu.mx\/wp-content\/uploads\/2024\/06\/Banner-DocFun.jpg 1972w, https:\/\/www.loyola.edu.mx\/wp-content\/uploads\/2024\/06\/Banner-DocFun-300x106.jpg 300w, https:\/\/www.loyola.edu.mx\/wp-content\/uploads\/2024\/06\/Banner-DocFun-1024x363.jpg 1024w, https:\/\/www.loyola.edu.mx\/wp-content\/uploads\/2024\/06\/Banner-DocFun-768x273.jpg 768w, https:\/\/www.loyola.edu.mx\/wp-content\/uploads\/2024\/06\/Banner-DocFun-1536x545.jpg 1536w\" sizes=\"(max-width: 1972px) 100vw, 1972px\" \/>\t\t\t\t\t\t\t\t\t\t\t\t\t\t\t<\/div>\n\t\t\t\t<\/div>\n\t\t<div class=\"elementor-element elementor-element-789a518 e-grid e-con-boxed e-con e-child\" data-id=\"789a518\" data-element_type=\"container\" data-e-type=\"container\">\n\t\t\t\t\t<div class=\"e-con-inner\">\n\t\t\t\t<div class=\"elementor-element elementor-element-ac5cba4 elementor-widget elementor-widget-text-editor\" data-id=\"ac5cba4\" data-element_type=\"widget\" data-e-type=\"widget\" data-widget_type=\"text-editor.default\">\n\t\t\t\t<div class=\"elementor-widget-container\">\n\t\t\t\t\t\t\t\t\t<p><span style=\"font-family: verdana, geneva, sans-serif;\">Los <span style=\"color: #808080;\">documentos fundantes<\/span> del <span style=\"color: #165788;\"><b><span style=\"font-size: 12pt;\">Sistema Educativo Loyola del Pac\u00edfico<\/span><\/b><\/span> son aquellos en los que su comunidad se basa para la toma de decisiones, la atenci\u00f3n y el servicio a la <span style=\"color: #165788;\"><b><span style=\"font-size: 12pt;\">Comunidad Loyola<\/span><\/b><\/span><strong><span style=\"color: #165788;\">.<\/span><\/strong><\/span><\/p>\t\t\t\t\t\t\t\t<\/div>\n\t\t\t\t<\/div>\n\t\t<div class=\"elementor-element elementor-element-17566a9 e-grid e-con-boxed e-con e-child\" data-id=\"17566a9\" data-element_type=\"container\" data-e-type=\"container\" data-settings=\"{&quot;shape_divider_bottom&quot;:&quot;split&quot;}\">\n\t\t\t\t\t<div class=\"e-con-inner\">\n\t\t\t\t<div class=\"elementor-shape elementor-shape-bottom\" aria-hidden=\"true\" data-negative=\"false\">\n\t\t\t<svg xmlns=\"http:\/\/www.w3.org\/2000\/svg\" viewBox=\"0 0 1000 20\" preserveAspectRatio=\"none\">\n\t<path class=\"elementor-shape-fill\" d=\"M0,0v3c0,0,393.8,0,483.4,0c9.2,0,16.6,7.4,16.6,16.6c0-9.1,7.4-16.6,16.6-16.6C606.2,3,1000,3,1000,3V0H0z\"\/>\n<\/svg>\t\t<\/div>\n\t\t\t\t<div class=\"elementor-element elementor-element-1ba9652 elementor-widget elementor-widget-heading\" data-id=\"1ba9652\" data-element_type=\"widget\" data-e-type=\"widget\" data-widget_type=\"heading.default\">\n\t\t\t\t<div class=\"elementor-widget-container\">\n\t\t\t\t\t<h2 class=\"elementor-heading-title elementor-size-default\">La definici\u00f3n del SELP as\u00ed como sus conceptos rectores permiten a las distintas \u00e1reas enfocar todas sus actividades en l\u00edneas de acci\u00f3n transversales.<\/h2>\t\t\t\t<\/div>\n\t\t\t\t<\/div>\n\t\t\t\t<div class=\"elementor-element elementor-element-ca4ff22 elementor-widget elementor-widget-heading\" data-id=\"ca4ff22\" data-element_type=\"widget\" data-e-type=\"widget\" data-widget_type=\"heading.default\">\n\t\t\t\t<div class=\"elementor-widget-container\">\n\t\t\t\t\t<h2 class=\"elementor-heading-title elementor-size-default\"><a href=\"https:\/\/www.loyola.edu.mx\/?attachment_id=4898\" target=\"_blank\">Definici\u00f3n del SELP<\/a><\/h2>\t\t\t\t<\/div>\n\t\t\t\t<\/div>\n\t\t\t\t\t<\/div>\n\t\t\t\t<\/div>\n\t\t<div class=\"elementor-element elementor-element-7349ea9 e-grid e-con-boxed e-con e-child\" data-id=\"7349ea9\" data-element_type=\"container\" data-e-type=\"container\" data-settings=\"{&quot;shape_divider_bottom&quot;:&quot;split&quot;}\">\n\t\t\t\t\t<div class=\"e-con-inner\">\n\t\t\t\t<div class=\"elementor-shape elementor-shape-bottom\" aria-hidden=\"true\" data-negative=\"false\">\n\t\t\t<svg xmlns=\"http:\/\/www.w3.org\/2000\/svg\" viewBox=\"0 0 1000 20\" preserveAspectRatio=\"none\">\n\t<path class=\"elementor-shape-fill\" d=\"M0,0v3c0,0,393.8,0,483.4,0c9.2,0,16.6,7.4,16.6,16.6c0-9.1,7.4-16.6,16.6-16.6C606.2,3,1000,3,1000,3V0H0z\"\/>\n<\/svg>\t\t<\/div>\n\t\t\t\t<div class=\"elementor-element elementor-element-40f0136 elementor-widget elementor-widget-heading\" data-id=\"40f0136\" data-element_type=\"widget\" data-e-type=\"widget\" data-widget_type=\"heading.default\">\n\t\t\t\t<div class=\"elementor-widget-container\">\n\t\t\t\t\t<h2 class=\"elementor-heading-title elementor-size-default\">La Misi\u00f3n, Visi\u00f3n e Ideario han sido los conceptos que han regido desde su constituci\u00f3n y han mantenido los valores de la Inspiraci\u00f3n Ignaciana. Estos se trasladan al contexto actual y de acuerdo a las necesidades la Comunidad Loyola.<\/h2>\t\t\t\t<\/div>\n\t\t\t\t<\/div>\n\t\t\t\t<div class=\"elementor-element elementor-element-0ee8907 elementor-widget elementor-widget-heading\" data-id=\"0ee8907\" data-element_type=\"widget\" data-e-type=\"widget\" data-widget_type=\"heading.default\">\n\t\t\t\t<div class=\"elementor-widget-container\">\n\t\t\t\t\t<h2 class=\"elementor-heading-title elementor-size-default\"><a href=\"https:\/\/www.loyola.edu.mx\/?attachment_id=4743\" target=\"_blank\">Documentos fundantes<\/a><\/h2>\t\t\t\t<\/div>\n\t\t\t\t<\/div>\n\t\t\t\t\t<\/div>\n\t\t\t\t<\/div>\n\t\t<div class=\"elementor-element elementor-element-270f5aa e-grid e-con-boxed e-con e-child\" data-id=\"270f5aa\" data-element_type=\"container\" data-e-type=\"container\" data-settings=\"{&quot;shape_divider_bottom&quot;:&quot;split&quot;}\">\n\t\t\t\t\t<div class=\"e-con-inner\">\n\t\t\t\t<div class=\"elementor-shape elementor-shape-bottom\" aria-hidden=\"true\" data-negative=\"false\">\n\t\t\t<svg xmlns=\"http:\/\/www.w3.org\/2000\/svg\" viewBox=\"0 0 1000 20\" preserveAspectRatio=\"none\">\n\t<path class=\"elementor-shape-fill\" d=\"M0,0v3c0,0,393.8,0,483.4,0c9.2,0,16.6,7.4,16.6,16.6c0-9.1,7.4-16.6,16.6-16.6C606.2,3,1000,3,1000,3V0H0z\"\/>\n<\/svg>\t\t<\/div>\n\t\t\t\t<div class=\"elementor-element elementor-element-a09a86c elementor-widget elementor-widget-heading\" data-id=\"a09a86c\" data-element_type=\"widget\" data-e-type=\"widget\" data-widget_type=\"heading.default\">\n\t\t\t\t<div class=\"elementor-widget-container\">\n\t\t\t\t\t<h2 class=\"elementor-heading-title elementor-size-default\">A continuaci\u00f3n se presenta el C\u00f3digo de \u00c9tica que \"<i>no es un reglamento, pero inspira, sin embargo, los reglamentos, debido a que \u00e9stos no pueden agotar las particularidades de las conductas individuales; de ah\u00ed que el no cumplimiento de las normas deontol\u00f3gicas merece principalmente la sanci\u00f3n de la conciencia personal aunque no excluye una sanci\u00f3n positiva o la exclusi\u00f3n de la comunidad<\/i>\". <br><br>Este C\u00f3digo de \u00c9tica fue publicado en el Comunicado Oficial 792 con fecha 21 de mayo de 2024.<\/h2>\t\t\t\t<\/div>\n\t\t\t\t<\/div>\n\t\t\t\t<div class=\"elementor-element elementor-element-7aa99ff elementor-widget elementor-widget-heading\" data-id=\"7aa99ff\" data-element_type=\"widget\" data-e-type=\"widget\" data-widget_type=\"heading.default\">\n\t\t\t\t<div class=\"elementor-widget-container\">\n\t\t\t\t\t<h2 class=\"elementor-heading-title elementor-size-default\"><a href=\"https:\/\/app.getguru.com\/card\/cgMqBkKi\/DOC1001-Cdigo-de-tica-del-SELP-\" target=\"_blank\">C\u00f3digo de \u00c9tica<\/a><\/h2>\t\t\t\t<\/div>\n\t\t\t\t<\/div>\n\t\t\t\t\t<\/div>\n\t\t\t\t<\/div>\n\t\t\t\t\t<\/div>\n\t\t\t\t<\/div>\n\t\t\t\t<\/div>\n\t\t\t\t<\/div>\n\t\t","protected":false},"excerpt":{"rendered":"<p>Los documentos fundantes del Sistema Educativo Loyola del Pac\u00edfico son aquellos en los que su comunidad se basa para la toma de decisiones, la atenci\u00f3n y el servicio a la Comunidad Loyola. La definici\u00f3n del SELP as\u00ed como sus conceptos rectores permiten a las distintas \u00e1reas enfocar todas sus actividades en l\u00edneas de acci\u00f3n transversales. [&hellip;]<\/p>\n","protected":false},"author":1,"featured_media":0,"parent":0,"menu_order":0,"comment_status":"closed","ping_status":"closed","template":"template-home.php","meta":{"footnotes":"","_elementor_edit_mode":"builder","_elementor_template_type":"wp-page","_elementor_data":"[{\"id\":\"624cd4b8\",\"elType\":\"container\",\"settings\":{\"container_type\":\"grid\",\"content_width\":\"full\",\"grid_columns_grid\":{\"unit\":\"fr\",\"size\":1,\"sizes\":[]},\"presetTitle\":\"Grid\",\"presetIcon\":\"eicon-container-grid\",\"width\":{\"unit\":\"%\",\"size\":100},\"_flex_size\":\"none\",\"_element_width\":\"initial\",\"margin\":{\"unit\":\"px\",\"top\":\"-10\",\"right\":\"-10\",\"bottom\":\"-10\",\"left\":\"-10\",\"isLinked\":true},\"padding\":{\"unit\":\"px\",\"top\":\"0\",\"right\":\"0\",\"bottom\":\"0\",\"left\":\"0\",\"isLinked\":true},\"grid_rows_grid\":{\"unit\":\"fr\",\"size\":1,\"sizes\":[]}},\"elements\":[{\"id\":\"e43e41a\",\"elType\":\"widget\",\"settings\":{\"image\":{\"url\":\"https:\\\/\\\/www.loyola.edu.mx\\\/wp-content\\\/uploads\\\/2024\\\/06\\\/Banner-DocFun.jpg\",\"id\":4793,\"size\":\"\",\"alt\":\"\",\"source\":\"library\"},\"image_size\":\"full\",\"_margin\":{\"unit\":\"px\",\"top\":\"0\",\"right\":\"0\",\"bottom\":\"0\",\"left\":\"0\",\"isLinked\":true},\"_padding\":{\"unit\":\"px\",\"top\":\"-13\",\"right\":\"-13\",\"bottom\":\"-13\",\"left\":\"-13\",\"isLinked\":true},\"_flex_align_self\":\"flex-start\"},\"elements\":[],\"widgetType\":\"image\"},{\"id\":\"789a518\",\"elType\":\"container\",\"settings\":{\"container_type\":\"grid\",\"presetTitle\":\"Grid\",\"presetIcon\":\"eicon-container-grid\",\"boxed_width\":{\"unit\":\"px\",\"size\":1079,\"sizes\":[]},\"min_height\":{\"unit\":\"px\",\"size\":0,\"sizes\":[]},\"grid_columns_grid\":{\"unit\":\"fr\",\"size\":1,\"sizes\":[]},\"grid_justify_items\":\"center\",\"grid_align_items\":\"start\",\"min_height_tablet\":{\"unit\":\"vh\",\"size\":\"\",\"sizes\":[]},\"min_height_mobile\":{\"unit\":\"vh\",\"size\":\"\",\"sizes\":[]},\"grid_columns_grid_tablet\":{\"unit\":\"custom\",\"size\":\"\",\"sizes\":[]},\"grid_columns_grid_mobile\":{\"unit\":\"custom\",\"size\":1,\"sizes\":[]},\"grid_gaps\":{\"column\":\"0\",\"row\":\"0\",\"isLinked\":true,\"unit\":\"px\"},\"margin\":{\"unit\":\"px\",\"top\":\"0\",\"right\":\"0\",\"bottom\":\"200\",\"left\":\"0\",\"isLinked\":false}},\"elements\":[{\"id\":\"ac5cba4\",\"elType\":\"widget\",\"settings\":{\"editor\":\"<p><span style=\\\"font-family: verdana, geneva, sans-serif;\\\">Los <span style=\\\"color: #808080;\\\">documentos fundantes<\\\/span> del <span style=\\\"color: #165788;\\\"><b><span style=\\\"font-size: 12pt;\\\">Sistema Educativo Loyola del Pac\\u00edfico<\\\/span><\\\/b><\\\/span> son aquellos en los que su comunidad se basa para la toma de decisiones, la atenci\\u00f3n y el servicio a la <span style=\\\"color: #165788;\\\"><b><span style=\\\"font-size: 12pt;\\\">Comunidad Loyola<\\\/span><\\\/b><\\\/span><strong><span style=\\\"color: #165788;\\\">.<\\\/span><\\\/strong><\\\/span><\\\/p>\",\"column_gap\":{\"unit\":\"px\",\"size\":0,\"sizes\":[]},\"typography_typography\":\"custom\",\"typography_font_family\":\"Montserrat\",\"typography_font_size\":{\"unit\":\"px\",\"size\":24,\"sizes\":[]},\"typography_font_weight\":\"400\",\"_padding\":{\"unit\":\"px\",\"top\":\"20\",\"right\":\"20\",\"bottom\":\"20\",\"left\":\"20\",\"isLinked\":true},\"_margin\":{\"unit\":\"px\",\"top\":\"0\",\"right\":\"0\",\"bottom\":\"0\",\"left\":\"0\",\"isLinked\":true}},\"elements\":[],\"widgetType\":\"text-editor\"},{\"id\":\"17566a9\",\"elType\":\"container\",\"settings\":{\"container_type\":\"grid\",\"presetTitle\":\"Grid\",\"presetIcon\":\"eicon-container-grid\",\"grid_columns_grid\":{\"unit\":\"fr\",\"size\":2,\"sizes\":[]},\"grid_rows_grid\":{\"unit\":\"fr\",\"size\":1,\"sizes\":[]},\"grid_gaps\":{\"column\":\"5\",\"row\":\"5\",\"isLinked\":true,\"unit\":\"px\"},\"border_border\":\"none\",\"border_width\":{\"unit\":\"px\",\"top\":\"5\",\"right\":\"5\",\"bottom\":\"5\",\"left\":\"5\",\"isLinked\":true},\"box_shadow_box_shadow_type\":\"yes\",\"box_shadow_box_shadow\":{\"horizontal\":0,\"vertical\":0,\"blur\":10,\"spread\":1,\"color\":\"rgba(0, 0, 0, 0.2)\"},\"shape_divider_top_color\":\"#165788\",\"shape_divider_top_width\":{\"unit\":\"%\",\"size\":100,\"sizes\":[]},\"shape_divider_top_height\":{\"unit\":\"px\",\"size\":25,\"sizes\":[]},\"shape_divider_bottom\":\"split\",\"shape_divider_bottom_color\":\"#165788\",\"shape_divider_bottom_width\":{\"unit\":\"%\",\"size\":300,\"sizes\":[]},\"shape_divider_bottom_height\":{\"unit\":\"px\",\"size\":20,\"sizes\":[]},\"margin\":{\"unit\":\"px\",\"top\":\"0\",\"right\":\"0\",\"bottom\":\"0\",\"left\":\"0\",\"isLinked\":true},\"padding\":{\"unit\":\"px\",\"top\":\"40\",\"right\":\"40\",\"bottom\":\"40\",\"left\":\"40\",\"isLinked\":true}},\"elements\":[{\"id\":\"1ba9652\",\"elType\":\"widget\",\"settings\":{\"title\":\"La definici\\u00f3n del SELP as\\u00ed como sus conceptos rectores permiten a las distintas \\u00e1reas enfocar todas sus actividades en l\\u00edneas de acci\\u00f3n transversales.\",\"title_color\":\"#808080\",\"typography_typography\":\"custom\",\"typography_font_family\":\"Verdana\",\"typography_font_size\":{\"unit\":\"px\",\"size\":16,\"sizes\":[]},\"typography_font_weight\":\"400\",\"align\":\"left\",\"typography_line_height\":{\"unit\":\"px\",\"size\":20,\"sizes\":[]},\"content_width\":\"full\"},\"elements\":[],\"widgetType\":\"heading\"},{\"id\":\"ca4ff22\",\"elType\":\"widget\",\"settings\":{\"title\":\"Definici\\u00f3n del SELP\",\"title_color\":\"#00338D\",\"typography_typography\":\"custom\",\"typography_font_family\":\"Montserrat\",\"typography_font_size\":{\"unit\":\"px\",\"size\":36,\"sizes\":[]},\"typography_font_weight\":\"700\",\"link\":{\"url\":\"https:\\\/\\\/www.loyola.edu.mx\\\/?attachment_id=4898\",\"is_external\":\"on\",\"nofollow\":\"\",\"custom_attributes\":\"\"},\"align\":\"right\"},\"elements\":[],\"widgetType\":\"heading\"}],\"isInner\":true},{\"id\":\"7349ea9\",\"elType\":\"container\",\"settings\":{\"container_type\":\"grid\",\"presetTitle\":\"Grid\",\"presetIcon\":\"eicon-container-grid\",\"grid_columns_grid\":{\"unit\":\"fr\",\"size\":2,\"sizes\":[]},\"grid_rows_grid\":{\"unit\":\"fr\",\"size\":1,\"sizes\":[]},\"grid_gaps\":{\"column\":\"5\",\"row\":\"5\",\"isLinked\":true,\"unit\":\"px\"},\"border_border\":\"none\",\"border_width\":{\"unit\":\"px\",\"top\":\"5\",\"right\":\"5\",\"bottom\":\"5\",\"left\":\"5\",\"isLinked\":true},\"box_shadow_box_shadow_type\":\"yes\",\"box_shadow_box_shadow\":{\"horizontal\":0,\"vertical\":0,\"blur\":10,\"spread\":1,\"color\":\"rgba(0, 0, 0, 0.2)\"},\"shape_divider_bottom\":\"split\",\"shape_divider_bottom_color\":\"#165788\",\"shape_divider_bottom_width\":{\"unit\":\"%\",\"size\":300,\"sizes\":[]},\"shape_divider_bottom_height\":{\"unit\":\"px\",\"size\":20,\"sizes\":[]},\"margin\":{\"unit\":\"px\",\"top\":\"0\",\"right\":\"0\",\"bottom\":\"0\",\"left\":\"0\",\"isLinked\":true},\"padding\":{\"unit\":\"px\",\"top\":\"40\",\"right\":\"40\",\"bottom\":\"40\",\"left\":\"40\",\"isLinked\":true}},\"elements\":[{\"id\":\"40f0136\",\"elType\":\"widget\",\"settings\":{\"title\":\"La Misi\\u00f3n, Visi\\u00f3n e Ideario han sido los conceptos que han regido desde su constituci\\u00f3n y han mantenido los valores de la Inspiraci\\u00f3n Ignaciana. Estos se trasladan al contexto actual y de acuerdo a las necesidades la Comunidad Loyola.\",\"title_color\":\"#808080\",\"typography_typography\":\"custom\",\"typography_font_family\":\"Verdana\",\"typography_font_size\":{\"unit\":\"px\",\"size\":16,\"sizes\":[]},\"typography_font_weight\":\"400\",\"align\":\"left\",\"typography_line_height\":{\"unit\":\"px\",\"size\":20,\"sizes\":[]},\"_padding\":{\"unit\":\"px\",\"top\":\"0\",\"right\":\"0\",\"bottom\":\"0\",\"left\":\"0\",\"isLinked\":true}},\"elements\":[],\"widgetType\":\"heading\"},{\"id\":\"0ee8907\",\"elType\":\"widget\",\"settings\":{\"title\":\"Documentos fundantes\",\"title_color\":\"#00338D\",\"typography_typography\":\"custom\",\"typography_font_family\":\"Montserrat\",\"typography_font_size\":{\"unit\":\"px\",\"size\":36,\"sizes\":[]},\"typography_font_weight\":\"700\",\"link\":{\"url\":\"https:\\\/\\\/www.loyola.edu.mx\\\/?attachment_id=4743\",\"is_external\":\"on\",\"nofollow\":\"\",\"custom_attributes\":\"\"},\"_margin\":{\"unit\":\"px\",\"top\":\"20\",\"right\":\"20\",\"bottom\":\"20\",\"left\":\"20\",\"isLinked\":true}},\"elements\":[],\"widgetType\":\"heading\"}],\"isInner\":true},{\"id\":\"270f5aa\",\"elType\":\"container\",\"settings\":{\"container_type\":\"grid\",\"presetTitle\":\"Grid\",\"presetIcon\":\"eicon-container-grid\",\"grid_columns_grid\":{\"unit\":\"fr\",\"size\":2,\"sizes\":[]},\"grid_rows_grid\":{\"unit\":\"fr\",\"size\":1,\"sizes\":[]},\"grid_gaps\":{\"column\":\"5\",\"row\":\"5\",\"isLinked\":true,\"unit\":\"px\"},\"border_border\":\"none\",\"border_width\":{\"unit\":\"px\",\"top\":\"5\",\"right\":\"5\",\"bottom\":\"5\",\"left\":\"5\",\"isLinked\":true},\"box_shadow_box_shadow_type\":\"yes\",\"box_shadow_box_shadow\":{\"horizontal\":0,\"vertical\":0,\"blur\":10,\"spread\":1,\"color\":\"rgba(0, 0, 0, 0.2)\"},\"shape_divider_bottom\":\"split\",\"shape_divider_bottom_color\":\"#165788\",\"shape_divider_bottom_width\":{\"unit\":\"%\",\"size\":300,\"sizes\":[]},\"shape_divider_bottom_height\":{\"unit\":\"px\",\"size\":20,\"sizes\":[]},\"margin\":{\"unit\":\"px\",\"top\":\"0\",\"right\":\"0\",\"bottom\":\"0\",\"left\":\"0\",\"isLinked\":true},\"padding\":{\"unit\":\"px\",\"top\":\"40\",\"right\":\"40\",\"bottom\":\"40\",\"left\":\"40\",\"isLinked\":true}},\"elements\":[{\"id\":\"a09a86c\",\"elType\":\"widget\",\"settings\":{\"title\":\"A continuaci\\u00f3n se presenta el C\\u00f3digo de \\u00c9tica que \\\"<i>no es un reglamento, pero inspira, sin embargo, los reglamentos, debido a que \\u00e9stos no pueden agotar las particularidades de las conductas individuales; de ah\\u00ed que el no cumplimiento de las normas deontol\\u00f3gicas merece principalmente la sanci\\u00f3n de la conciencia personal aunque no excluye una sanci\\u00f3n positiva o la exclusi\\u00f3n de la comunidad<\\\/i>\\\". <br><br>Este C\\u00f3digo de \\u00c9tica fue publicado en el Comunicado Oficial 792 con fecha 21 de mayo de 2024.\",\"title_color\":\"#808080\",\"typography_typography\":\"custom\",\"typography_font_family\":\"Verdana\",\"typography_font_size\":{\"unit\":\"px\",\"size\":16,\"sizes\":[]},\"typography_font_weight\":\"400\",\"align\":\"left\",\"typography_line_height\":{\"unit\":\"px\",\"size\":20,\"sizes\":[]},\"_padding\":{\"unit\":\"px\",\"top\":\"0\",\"right\":\"0\",\"bottom\":\"0\",\"left\":\"0\",\"isLinked\":true}},\"elements\":[],\"widgetType\":\"heading\"},{\"id\":\"7aa99ff\",\"elType\":\"widget\",\"settings\":{\"title\":\"C\\u00f3digo de \\u00c9tica\",\"title_color\":\"#00338D\",\"typography_typography\":\"custom\",\"typography_font_family\":\"Montserrat\",\"typography_font_size\":{\"unit\":\"px\",\"size\":36,\"sizes\":[]},\"typography_font_weight\":\"700\",\"link\":{\"url\":\"https:\\\/\\\/app.getguru.com\\\/card\\\/cgMqBkKi\\\/DOC1001-Cdigo-de-tica-del-SELP-\",\"is_external\":\"on\",\"nofollow\":\"\",\"custom_attributes\":\"\"},\"_margin\":{\"unit\":\"px\",\"top\":\"40\",\"right\":\"40\",\"bottom\":\"40\",\"left\":\"40\",\"isLinked\":true}},\"elements\":[],\"widgetType\":\"heading\"}],\"isInner\":true}],\"isInner\":true}],\"isInner\":false}]","_elementor_page_settings":null},"class_list":["post-4318","page","type-page","status-publish","hentry"],"_links":{"self":[{"href":"https:\/\/www.loyola.edu.mx\/index.php?rest_route=\/wp\/v2\/pages\/4318","targetHints":{"allow":["GET"]}}],"collection":[{"href":"https:\/\/www.loyola.edu.mx\/index.php?rest_route=\/wp\/v2\/pages"}],"about":[{"href":"https:\/\/www.loyola.edu.mx\/index.php?rest_route=\/wp\/v2\/types\/page"}],"author":[{"embeddable":true,"href":"https:\/\/www.loyola.edu.mx\/index.php?rest_route=\/wp\/v2\/users\/1"}],"replies":[{"embeddable":true,"href":"https:\/\/www.loyola.edu.mx\/index.php?rest_route=%2Fwp%2Fv2%2Fcomments&post=4318"}],"version-history":[{"count":187,"href":"https:\/\/www.loyola.edu.mx\/index.php?rest_route=\/wp\/v2\/pages\/4318\/revisions"}],"predecessor-version":[{"id":7712,"href":"https:\/\/www.loyola.edu.mx\/index.php?rest_route=\/wp\/v2\/pages\/4318\/revisions\/7712"}],"wp:attachment":[{"href":"https:\/\/www.loyola.edu.mx\/index.php?rest_route=%2Fwp%2Fv2%2Fmedia&parent=4318"}],"curies":[{"name":"wp","href":"https:\/\/api.w.org\/{rel}","templated":true}]}}