{"id":4325,"date":"2024-05-14T00:03:02","date_gmt":"2024-05-14T00:03:02","guid":{"rendered":"https:\/\/www.loyola.ideasdistintas.com\/?page_id=4325"},"modified":"2025-02-14T23:26:40","modified_gmt":"2025-02-14T23:26:40","slug":"campus","status":"publish","type":"page","link":"https:\/\/www.loyola.edu.mx\/?page_id=4325","title":{"rendered":"Campus"},"content":{"rendered":"\t\t<div data-elementor-type=\"wp-page\" data-elementor-id=\"4325\" class=\"elementor elementor-4325\">\n\t\t\t\t<div class=\"elementor-element elementor-element-148ea061 e-grid e-con-boxed e-con e-parent\" data-id=\"148ea061\" data-element_type=\"container\" data-e-type=\"container\">\n\t\t\t\t\t<div class=\"e-con-inner\">\n\t\t\t\t<div class=\"elementor-element elementor-element-24aae5a6 elementor-widget elementor-widget-text-editor\" data-id=\"24aae5a6\" data-element_type=\"widget\" data-e-type=\"widget\" data-widget_type=\"text-editor.default\">\n\t\t\t\t<div class=\"elementor-widget-container\">\n\t\t\t\t\t\t\t\t\t<p><span style=\"font-family: verdana, geneva, sans-serif;\">\u00a0<\/span><\/p><p><span style=\"font-family: verdana, geneva, sans-serif;\"><span style=\"color: #808080;\">El<\/span> <strong><span style=\"color: #165788;\"><b><span style=\"font-size: 12pt;\">Campus Loyola <\/span><\/b><\/span><\/strong><span style=\"color: #808080;\">cuenta con 15 de hect\u00e1reas de terreno albergando edificios de aulas y oficinas, \u00e1reas comunes y el<\/span> <span style=\"color: #165788;\"><i><a style=\"color: #165788;\" href=\"https:\/\/jardinbotanicoacapulco.org\/\" target=\"_blank\" rel=\"noopener\">Jard\u00edn Bot\u00e1nico de Acapulco<\/a><\/i><\/span>.<\/span><\/p>\t\t\t\t\t\t\t\t<\/div>\n\t\t\t\t<\/div>\n\t\t\t\t\t<\/div>\n\t\t\t\t<\/div>\n\t\t<div class=\"elementor-element elementor-element-a82d9eb e-grid e-con-boxed e-con e-parent\" data-id=\"a82d9eb\" data-element_type=\"container\" data-e-type=\"container\">\n\t\t\t\t\t<div class=\"e-con-inner\">\n\t\t\t\t<div class=\"elementor-element elementor-element-c7a9639 elementor-widget elementor-widget-text-editor\" data-id=\"c7a9639\" data-element_type=\"widget\" data-e-type=\"widget\" data-widget_type=\"text-editor.default\">\n\t\t\t\t<div class=\"elementor-widget-container\">\n\t\t\t\t\t\t\t\t\t<p><span style=\"font-family: verdana, geneva, sans-serif; color: #00338d; font-size: 14pt;\"><b>Datos:<\/b><\/span><\/p><p><span style=\"font-family: verdana, geneva, sans-serif; color: #808080;\">Predio: 153,611.969 m2<\/span><br \/><span style=\"font-family: verdana, geneva, sans-serif; color: #808080;\">M2.<\/span><\/p><p><span style=\"font-family: verdana, geneva, sans-serif; color: #808080;\">Construidos: 6,794.99 m2.<\/span><\/p><p><span style=\"font-family: verdana, geneva, sans-serif; color: #808080;\">No. Edificios: 07 (A, B, C, D, E, F, G)<\/span><\/p>\t\t\t\t\t\t\t\t<\/div>\n\t\t\t\t<\/div>\n\t\t\t\t<div class=\"elementor-element elementor-element-148f68f elementor-widget elementor-widget-text-editor\" data-id=\"148f68f\" data-element_type=\"widget\" data-e-type=\"widget\" data-widget_type=\"text-editor.default\">\n\t\t\t\t<div class=\"elementor-widget-container\">\n\t\t\t\t\t\t\t\t\t<p><span style=\"font-family: verdana, geneva, sans-serif; font-size: 14pt;\"><strong><span style=\"color: #165788;\"><span style=\"font-family: verdana, geneva, sans-serif; color: #00338d;\"><b>Planta de Tratamiento de Aguas Residuales:<\/b><\/span><\/span><\/strong><\/span><\/p><p><span style=\"font-family: verdana, geneva, sans-serif; color: #808080;\">Tipo: Bioenzem\u00e1tica.<\/span><\/p><p><span style=\"font-family: verdana, geneva, sans-serif; color: #808080;\">No. de tanques (digestores): 04<\/span><\/p><p><span style=\"font-family: verdana, geneva, sans-serif; color: #808080;\">Capacidad: 18 m3\/d\u00eda<\/span><\/p>\t\t\t\t\t\t\t\t<\/div>\n\t\t\t\t<\/div>\n\t\t\t\t\t<\/div>\n\t\t\t\t<\/div>\n\t\t<div class=\"elementor-element elementor-element-ba9a490 e-grid e-con-boxed e-con e-parent\" data-id=\"ba9a490\" data-element_type=\"container\" data-e-type=\"container\">\n\t\t\t\t\t<div class=\"e-con-inner\">\n\t\t\t\t<div class=\"elementor-element elementor-element-09e78e7 elementor-widget elementor-widget-text-editor\" data-id=\"09e78e7\" data-element_type=\"widget\" data-e-type=\"widget\" data-widget_type=\"text-editor.default\">\n\t\t\t\t<div class=\"elementor-widget-container\">\n\t\t\t\t\t\t\t\t\t<p><span style=\"font-family: verdana, geneva, sans-serif; font-size: 14pt;\"><strong><span style=\"color: #165788;\"><span style=\"font-family: verdana, geneva, sans-serif; color: #00338d;\"><b>\u00c1reas:<\/b><\/span><\/span><\/strong><\/span><\/p><p><span style=\"font-family: verdana, geneva, sans-serif; color: #808080;\">Edificios A &#8211; Prepa Loyola (oficinas, aulas y laboratorio)<\/span><br \/><span style=\"font-family: verdana, geneva, sans-serif; color: #808080;\">Edificio B &#8211; Administrativo y de atenci\u00f3n (En construcci\u00f3n), servicio m\u00e9dico y cafeter\u00eda.<\/span><br \/><span style=\"font-family: verdana, geneva, sans-serif; color: #808080;\">Edificio C &#8211; Secundaria Loyola (oficinas, aulas y terraza)<\/span><br \/><span style=\"font-family: verdana, geneva, sans-serif; color: #808080;\">Edificio D (Edificio Jaime Castrej\u00f3n D\u00edez) &#8211; Aulas licenciaturas, aula de usos m\u00faltiples y Biblioteca Carlos Escand\u00f3n Dom\u00ednguez, S.J.<\/span><br \/><span style=\"font-family: verdana, geneva, sans-serif; color: #808080;\">Edificio E &#8211; Administrativo y de atenci\u00f3n.<\/span><br \/><span style=\"font-family: verdana, geneva, sans-serif; color: #808080;\">Edificio F &#8211; Cafeter\u00eda y cancha de secundaria.<\/span><br \/><span style=\"font-family: verdana, geneva, sans-serif; color: #808080;\">Edificio G &#8211; Talleres (En construcci\u00f3n)<\/span><br \/><span style=\"font-family: verdana, geneva, sans-serif; color: #808080;\">Espacios emblem\u00e1ticos y de convivencia: Explanada San Ignacio, \u00c1rea del Mango, Sal\u00f3n de la Piedra, el Puente, Cancha y Terraza de Secundaria, \u00c1rea frente a Biblioteca, Cancha Universidad y estacionamientos.<\/span><\/p>\t\t\t\t\t\t\t\t<\/div>\n\t\t\t\t<\/div>\n\t\t\t\t\t<\/div>\n\t\t\t\t<\/div>\n\t\t\t\t<\/div>\n\t\t","protected":false},"excerpt":{"rendered":"<p>\u00a0 El Campus Loyola cuenta con 15 de hect\u00e1reas de terreno albergando edificios de aulas y oficinas, \u00e1reas comunes y el Jard\u00edn Bot\u00e1nico de Acapulco. Datos: Predio: 153,611.969 m2M2. Construidos: 6,794.99 m2. No. Edificios: 07 (A, B, C, D, E, F, G) Planta de Tratamiento de Aguas Residuales: Tipo: Bioenzem\u00e1tica. No. de tanques (digestores): 04 [&hellip;]<\/p>\n","protected":false},"author":1,"featured_media":0,"parent":0,"menu_order":0,"comment_status":"closed","ping_status":"closed","template":"template-home.php","meta":{"footnotes":"","_elementor_edit_mode":"builder","_elementor_template_type":"wp-page","_elementor_data":"[{\"id\":\"148ea061\",\"elType\":\"container\",\"settings\":{\"container_type\":\"grid\",\"grid_columns_grid\":{\"unit\":\"fr\",\"size\":1,\"sizes\":[]},\"presetTitle\":\"Grid\",\"presetIcon\":\"eicon-container-grid\",\"grid_rows_grid\":{\"unit\":\"fr\",\"size\":1,\"sizes\":[]}},\"elements\":[{\"id\":\"24aae5a6\",\"elType\":\"widget\",\"settings\":{\"editor\":\"<p><span style=\\\"font-family: verdana, geneva, sans-serif;\\\">\\u00a0<\\\/span><\\\/p><p><span style=\\\"font-family: verdana, geneva, sans-serif;\\\"><span style=\\\"color: #808080;\\\">El<\\\/span> <strong><span style=\\\"color: #165788;\\\"><b><span style=\\\"font-size: 12pt;\\\">Campus Loyola <\\\/span><\\\/b><\\\/span><\\\/strong><span style=\\\"color: #808080;\\\">cuenta con 15 de hect\\u00e1reas de terreno albergando edificios de aulas y oficinas, \\u00e1reas comunes y el<\\\/span> <span style=\\\"color: #165788;\\\"><i><a style=\\\"color: #165788;\\\" href=\\\"https:\\\/\\\/jardinbotanicoacapulco.org\\\/\\\" target=\\\"_blank\\\" rel=\\\"noopener\\\">Jard\\u00edn Bot\\u00e1nico de Acapulco<\\\/a><\\\/i><\\\/span>.<\\\/span><\\\/p>\"},\"elements\":[],\"widgetType\":\"text-editor\"}],\"isInner\":false},{\"id\":\"a82d9eb\",\"elType\":\"container\",\"settings\":{\"container_type\":\"grid\",\"grid_columns_grid\":{\"unit\":\"fr\",\"size\":\"2\"},\"grid_rows_grid\":{\"unit\":\"fr\",\"size\":\"1\"},\"grid_rows_grid_mobile\":{\"unit\":\"fr\",\"size\":\"1\"}},\"elements\":[{\"id\":\"c7a9639\",\"elType\":\"widget\",\"settings\":{\"content_width\":\"full\",\"editor\":\"<p><span style=\\\"font-family: verdana, geneva, sans-serif; color: #00338d; font-size: 14pt;\\\"><b>Datos:<\\\/b><\\\/span><\\\/p><p><span style=\\\"font-family: verdana, geneva, sans-serif; color: #808080;\\\">Predio: 153,611.969 m2<\\\/span><br \\\/><span style=\\\"font-family: verdana, geneva, sans-serif; color: #808080;\\\">M2.<\\\/span><\\\/p><p><span style=\\\"font-family: verdana, geneva, sans-serif; color: #808080;\\\">Construidos: 6,794.99 m2.<\\\/span><\\\/p><p><span style=\\\"font-family: verdana, geneva, sans-serif; color: #808080;\\\">No. Edificios: 07 (A, B, C, D, E, F, G)<\\\/span><\\\/p>\"},\"elements\":[],\"widgetType\":\"text-editor\"},{\"id\":\"148f68f\",\"elType\":\"widget\",\"settings\":{\"content_width\":\"full\",\"editor\":\"<p><span style=\\\"font-family: verdana, geneva, sans-serif; font-size: 14pt;\\\"><strong><span style=\\\"color: #165788;\\\"><span style=\\\"font-family: verdana, geneva, sans-serif; color: #00338d;\\\"><b>Planta de Tratamiento de Aguas Residuales:<\\\/b><\\\/span><\\\/span><\\\/strong><\\\/span><\\\/p><p><span style=\\\"font-family: verdana, geneva, sans-serif; color: #808080;\\\">Tipo: Bioenzem\\u00e1tica.<\\\/span><\\\/p><p><span style=\\\"font-family: verdana, geneva, sans-serif; color: #808080;\\\">No. de tanques (digestores): 04<\\\/span><\\\/p><p><span style=\\\"font-family: verdana, geneva, sans-serif; color: #808080;\\\">Capacidad: 18 m3\\\/d\\u00eda<\\\/span><\\\/p>\"},\"elements\":[],\"widgetType\":\"text-editor\"}],\"isInner\":false},{\"id\":\"ba9a490\",\"elType\":\"container\",\"settings\":{\"container_type\":\"grid\",\"grid_columns_grid\":{\"unit\":\"fr\",\"size\":1},\"grid_rows_grid\":{\"unit\":\"fr\",\"size\":\"1\"},\"grid_rows_grid_mobile\":{\"unit\":\"fr\",\"size\":\"1\"}},\"elements\":[{\"id\":\"09e78e7\",\"elType\":\"widget\",\"settings\":{\"content_width\":\"full\",\"editor\":\"<p><span style=\\\"font-family: verdana, geneva, sans-serif; font-size: 14pt;\\\"><strong><span style=\\\"color: #165788;\\\"><span style=\\\"font-family: verdana, geneva, sans-serif; color: #00338d;\\\"><b>\\u00c1reas:<\\\/b><\\\/span><\\\/span><\\\/strong><\\\/span><\\\/p><p><span style=\\\"font-family: verdana, geneva, sans-serif; color: #808080;\\\">Edificios A - Prepa Loyola (oficinas, aulas y laboratorio)<\\\/span><br \\\/><span style=\\\"font-family: verdana, geneva, sans-serif; color: #808080;\\\">Edificio B - Administrativo y de atenci\\u00f3n (En construcci\\u00f3n), servicio m\\u00e9dico y cafeter\\u00eda.<\\\/span><br \\\/><span style=\\\"font-family: verdana, geneva, sans-serif; color: #808080;\\\">Edificio C - Secundaria Loyola (oficinas, aulas y terraza)<\\\/span><br \\\/><span style=\\\"font-family: verdana, geneva, sans-serif; color: #808080;\\\">Edificio D (Edificio Jaime Castrej\\u00f3n D\\u00edez) - Aulas licenciaturas, aula de usos m\\u00faltiples y Biblioteca Carlos Escand\\u00f3n Dom\\u00ednguez, S.J.<\\\/span><br \\\/><span style=\\\"font-family: verdana, geneva, sans-serif; color: #808080;\\\">Edificio E - Administrativo y de atenci\\u00f3n.<\\\/span><br \\\/><span style=\\\"font-family: verdana, geneva, sans-serif; color: #808080;\\\">Edificio F - Cafeter\\u00eda y cancha de secundaria.<\\\/span><br \\\/><span style=\\\"font-family: verdana, geneva, sans-serif; color: #808080;\\\">Edificio G - Talleres (En construcci\\u00f3n)<\\\/span><br \\\/><span style=\\\"font-family: verdana, geneva, sans-serif; color: #808080;\\\">Espacios emblem\\u00e1ticos y de convivencia: Explanada San Ignacio, \\u00c1rea del Mango, Sal\\u00f3n de la Piedra, el Puente, Cancha y Terraza de Secundaria, \\u00c1rea frente a Biblioteca, Cancha Universidad y estacionamientos.<\\\/span><\\\/p>\"},\"elements\":[],\"widgetType\":\"text-editor\"}],\"isInner\":false}]","_elementor_page_settings":null},"class_list":["post-4325","page","type-page","status-publish","hentry"],"_links":{"self":[{"href":"https:\/\/www.loyola.edu.mx\/index.php?rest_route=\/wp\/v2\/pages\/4325","targetHints":{"allow":["GET"]}}],"collection":[{"href":"https:\/\/www.loyola.edu.mx\/index.php?rest_route=\/wp\/v2\/pages"}],"about":[{"href":"https:\/\/www.loyola.edu.mx\/index.php?rest_route=\/wp\/v2\/types\/page"}],"author":[{"embeddable":true,"href":"https:\/\/www.loyola.edu.mx\/index.php?rest_route=\/wp\/v2\/users\/1"}],"replies":[{"embeddable":true,"href":"https:\/\/www.loyola.edu.mx\/index.php?rest_route=%2Fwp%2Fv2%2Fcomments&post=4325"}],"version-history":[{"count":36,"href":"https:\/\/www.loyola.edu.mx\/index.php?rest_route=\/wp\/v2\/pages\/4325\/revisions"}],"predecessor-version":[{"id":7706,"href":"https:\/\/www.loyola.edu.mx\/index.php?rest_route=\/wp\/v2\/pages\/4325\/revisions\/7706"}],"wp:attachment":[{"href":"https:\/\/www.loyola.edu.mx\/index.php?rest_route=%2Fwp%2Fv2%2Fmedia&parent=4325"}],"curies":[{"name":"wp","href":"https:\/\/api.w.org\/{rel}","templated":true}]}}