{"id":4361,"date":"2024-05-14T00:31:07","date_gmt":"2024-05-14T00:31:07","guid":{"rendered":"https:\/\/www.loyola.ideasdistintas.com\/?page_id=4361"},"modified":"2025-01-04T08:05:32","modified_gmt":"2025-01-04T08:05:32","slug":"promocion-social-y-cultural","status":"publish","type":"page","link":"https:\/\/www.loyola.edu.mx\/?page_id=4361","title":{"rendered":"Promoci\u00f3n Social y Cultural"},"content":{"rendered":"\t\t<div data-elementor-type=\"wp-page\" data-elementor-id=\"4361\" class=\"elementor elementor-4361\">\n\t\t\t\t<div class=\"elementor-element elementor-element-5df6d5b e-con-full e-flex e-con e-parent\" data-id=\"5df6d5b\" data-element_type=\"container\" data-e-type=\"container\">\n\t\t\t\t<div class=\"elementor-element elementor-element-748fa29 elementor-widget elementor-widget-image\" data-id=\"748fa29\" data-element_type=\"widget\" data-e-type=\"widget\" data-widget_type=\"image.default\">\n\t\t\t\t<div class=\"elementor-widget-container\">\n\t\t\t\t\t\t\t\t\t\t\t\t\t\t\t<img fetchpriority=\"high\" decoding=\"async\" width=\"1969\" height=\"699\" src=\"https:\/\/www.loyola.edu.mx\/wp-content\/uploads\/2025\/01\/Banner-Promocion-Social.jpg\" class=\"attachment-full size-full wp-image-6841\" alt=\"\" srcset=\"https:\/\/www.loyola.edu.mx\/wp-content\/uploads\/2025\/01\/Banner-Promocion-Social.jpg 1969w, https:\/\/www.loyola.edu.mx\/wp-content\/uploads\/2025\/01\/Banner-Promocion-Social-300x107.jpg 300w, https:\/\/www.loyola.edu.mx\/wp-content\/uploads\/2025\/01\/Banner-Promocion-Social-1024x364.jpg 1024w, https:\/\/www.loyola.edu.mx\/wp-content\/uploads\/2025\/01\/Banner-Promocion-Social-768x273.jpg 768w, https:\/\/www.loyola.edu.mx\/wp-content\/uploads\/2025\/01\/Banner-Promocion-Social-1536x545.jpg 1536w\" sizes=\"(max-width: 1969px) 100vw, 1969px\" \/>\t\t\t\t\t\t\t\t\t\t\t\t\t\t\t<\/div>\n\t\t\t\t<\/div>\n\t\t\t\t<\/div>\n\t\t<div class=\"elementor-element elementor-element-0fef1bc e-flex e-con-boxed e-con e-parent\" data-id=\"0fef1bc\" data-element_type=\"container\" data-e-type=\"container\">\n\t\t\t\t\t<div class=\"e-con-inner\">\n\t\t\t\t<div class=\"elementor-element elementor-element-a313936 elementor-widget elementor-widget-text-editor\" data-id=\"a313936\" data-element_type=\"widget\" data-e-type=\"widget\" data-widget_type=\"text-editor.default\">\n\t\t\t\t<div class=\"elementor-widget-container\">\n\t\t\t\t\t\t\t\t\t<p>La <span style=\"color: #165788;\"><b>Coordinaci\u00f3n de Promoci\u00f3n Social y Cultural<\/b> <\/span>integra y acompa\u00f1a los proyectos de formaci\u00f3n y responsabilidad social, as\u00ed como los programas de promoci\u00f3n cultural que favorecen la integraci\u00f3n y el di\u00e1logo comunitario.<\/p>\t\t\t\t\t\t\t\t<\/div>\n\t\t\t\t<\/div>\n\t\t\t\t<div class=\"elementor-element elementor-element-92b4269 elementor-tabs-view-horizontal elementor-widget elementor-widget-tabs\" data-id=\"92b4269\" data-element_type=\"widget\" data-e-type=\"widget\" data-widget_type=\"tabs.default\">\n\t\t\t\t<div class=\"elementor-widget-container\">\n\t\t\t\t\t\t\t<div class=\"elementor-tabs\">\n\t\t\t<div class=\"elementor-tabs-wrapper\" role=\"tablist\" >\n\t\t\t\t\t\t\t\t\t<div id=\"elementor-tab-title-1531\" class=\"elementor-tab-title elementor-tab-desktop-title\" aria-selected=\"true\" data-tab=\"1\" role=\"tab\" tabindex=\"0\" aria-controls=\"elementor-tab-content-1531\" aria-expanded=\"false\">Actividades de Promoci\u00f3n Social y Cultural Secundaria<\/div>\n\t\t\t\t\t\t\t\t\t<div id=\"elementor-tab-title-1532\" class=\"elementor-tab-title elementor-tab-desktop-title\" aria-selected=\"false\" data-tab=\"2\" role=\"tab\" tabindex=\"-1\" aria-controls=\"elementor-tab-content-1532\" aria-expanded=\"false\">Actividades de Promoci\u00f3n Social y Cultural Preparatoria<\/div>\n\t\t\t\t\t\t\t\t\t<div id=\"elementor-tab-title-1533\" class=\"elementor-tab-title elementor-tab-desktop-title\" aria-selected=\"false\" data-tab=\"3\" role=\"tab\" tabindex=\"-1\" aria-controls=\"elementor-tab-content-1533\" aria-expanded=\"false\">Actividades de Promoci\u00f3n Social y Cultural Licenciatura<\/div>\n\t\t\t\t\t\t\t<\/div>\n\t\t\t<div class=\"elementor-tabs-content-wrapper\" role=\"tablist\" aria-orientation=\"vertical\">\n\t\t\t\t\t\t\t\t\t<div class=\"elementor-tab-title elementor-tab-mobile-title\" aria-selected=\"true\" data-tab=\"1\" role=\"tab\" tabindex=\"0\" aria-controls=\"elementor-tab-content-1531\" aria-expanded=\"false\">Actividades de Promoci\u00f3n Social y Cultural Secundaria<\/div>\n\t\t\t\t\t<div id=\"elementor-tab-content-1531\" class=\"elementor-tab-content elementor-clearfix\" data-tab=\"1\" role=\"tabpanel\" aria-labelledby=\"elementor-tab-title-1531\" tabindex=\"0\" hidden=\"false\"><p>La <span style=\"color: #165788;\"><b>Promoci\u00f3n Social<\/b><\/span> en la <span style=\"color: #165788;\"><b>Secundaria Loyola<\/b><\/span> tiene la finalidad de que las y los estudiantes tengan un acercamiento a contextos de la realidad que les ayuden a conocer las necesidades de la sociedad, para despertar una preocupaci\u00f3n particular por quienes m\u00e1s apoyo requieren e identificar que las obras despiertan la conciencia social. <br \/>Las actividades que se realizan para la formaci\u00f3n social son:<\/p><ul><li><span style=\"color: #165788;\"><b>Experiencia Fraterna:<\/b><\/span> Experiencia de encuentro breve con una instituci\u00f3n educativa p\u00fablica, a trav\u00e9s de una experiencia de convivencia e integraci\u00f3n para establecer lazos de amistad.<\/li><li><span style=\"color: #165788;\"><b>Experiencia Social:<\/b><\/span> Jornada de inserci\u00f3n breve a una instituci\u00f3n que ayuda a sectores vulnerables por pobreza, desigualdad, salud, exclusi\u00f3n, violencia, etc. para que las y los estudiantes tengan una experiencia con las necesidades de la realidad social.<\/li><li><span style=\"color: #165788;\"><b>Experiencia Comunitaria: <\/b><\/span>Es una experiencia de inserci\u00f3n que acerca a las y los estudiantes a desarrollar los principios del liderazgo Ignaciano para aprender a ser personas conscientes, competentes, compasivas y comprometidas.<\/li><\/ul><\/div>\n\t\t\t\t\t\t\t\t\t<div class=\"elementor-tab-title elementor-tab-mobile-title\" aria-selected=\"false\" data-tab=\"2\" role=\"tab\" tabindex=\"-1\" aria-controls=\"elementor-tab-content-1532\" aria-expanded=\"false\">Actividades de Promoci\u00f3n Social y Cultural Preparatoria<\/div>\n\t\t\t\t\t<div id=\"elementor-tab-content-1532\" class=\"elementor-tab-content elementor-clearfix\" data-tab=\"2\" role=\"tabpanel\" aria-labelledby=\"elementor-tab-title-1532\" tabindex=\"0\" hidden=\"hidden\"><p>La <span style=\"color: #165788;\"><b>Promoci\u00f3n Social<\/b><\/span> en la <span style=\"color: #165788;\"><b>Preparatoria Loyola<\/b><\/span> tiene la finalidad de promover una conciencia social que se ponga al servicio de las y los dem\u00e1s, desde una preocupaci\u00f3n particular a los contextos de injusticia y desigualdad, para hacer del amor y las obras un compromiso voluntario.<\/p><p>Las actividades que se realizan para la Promoci\u00f3n Social son:<\/p><ul><li><span style=\"color: #165788;\"><b>Servicio Social:<\/b><\/span> Es una experiencia colectiva que permite que las y los estudiantes convivan y compartan sus cualidades con las y los dem\u00e1s en situaciones de vulnerabilidad, en un entorno de igualdad, dignidad, paz y cohesi\u00f3n.<\/li><\/ul><p><em><span style=\"color: #165788;\"><a style=\"color: #165788;\" href=\"https:\/\/app.getguru.com\/card\/cbMB6a7i\/DFIC-Pasos-para-desarrollar-el-Servicio-Social-en-Preparatoria\" target=\"_blank\" rel=\"noopener\">Conoce aqu\u00ed el procedimiento.<\/a><\/span><\/em><\/p><ul><li><span style=\"color: #165788;\"><b>Experiencia Laboral<\/b>:<\/span> Es una experiencia de inserci\u00f3n que acerca a las y los estudiantes al mundo del trabajo para indagar y tomar conciencia de algunas de sus problem\u00e1ticas.<\/li><\/ul><p><em><span style=\"color: #165788;\"><a style=\"color: #165788;\" href=\"https:\/\/app.getguru.com\/card\/i55yMbXT\/DFIC-Pasos-para-la-Experiencia-Laboral-en-Preparatoria\" target=\"_blank\" rel=\"noopener\">Conoce aqu\u00ed el procedimiento.<\/a><\/span><\/em><\/p><ul><li><span style=\"color: #165788;\"><b>Brigada Loyola:<\/b><\/span> Grupo estudiantil del SELP vinculado a la Red Universitaria para la Prevenci\u00f3n y Atenci\u00f3n de Desastres (UNIRED) en M\u00e9xico. Fomenta la cultura de la Protecci\u00f3n Civil y la capacitaci\u00f3n para el desarrollo de habilidades y actitudes que respondan en caso de emergencia. Transmite conocimientos sobre el desarrollo de medidas preventivas, por medio de acciones coordinadas entre Organizaciones, Asociaciones, Instituciones Educativas y la Iniciativa Privada. Tambi\u00e9n brinda apoyo a grupos vulnerables y ayuda a damnificados en caso de desastres.<\/li><\/ul><p>La <span style=\"color: #165788;\"><b>Promoci\u00f3n Cultural <\/b><\/span>en la <span style=\"color: #165788;\"><b>Preparatoria Loyola<\/b><\/span> proporciona a las y los estudiantes actividades de integraci\u00f3n, as\u00ed como de difusi\u00f3n cultural y art\u00edstica para el desarrollo de un esp\u00edritu y expresi\u00f3n creativa, la sensibilidad y libertad interior, generando identidad y pertenencia comunitaria.<\/p><ul><li><span style=\"color: #165788;\"><b>Programa de Actividades Extracurriculares PAE: <\/b><\/span>Actividades de car\u00e1cter cultural, deportivo y recreativo a trav\u00e9s de clubes o talleres dise\u00f1ados para fomentar la creatividad, el aprendizaje y la apreciaci\u00f3n de diversas expresiones art\u00edsticas, as\u00ed como disciplinas deportivas.<\/li><\/ul><p>\u00bfQuieres inscribirte al PAE? <em><span style=\"color: #165788;\"><a style=\"color: #165788;\" href=\"https:\/\/app.getguru.com\/card\/inqb8GKT\/DFIC-Inscripcin-a-PAE-en-Preparatoria\" target=\"_blank\" rel=\"noopener\">Conoce aqu\u00ed el procedimiento.<\/a><\/span><\/em><\/p><ul><li><span style=\"color: #165788;\"><b>Interprepas: <\/b><\/span>Encuentro cultural, acad\u00e9mico y deportivo que anualmente re\u00fane a las Preparatorias de la Red de Colegios Asociados Jesuita con la finalidad de intercambiar experiencias que fortalezcan el desarrollo y la formaci\u00f3n integral de las y los estudiantes.<\/li><\/ul><p>\u00bfQuieres asistir al Interprepas? <em><span style=\"color: #165788;\"><a style=\"color: #165788;\" href=\"https:\/\/app.getguru.com\/card\/coqLRrqi\/DFIC-Pasos-para-asisitir-a-Interprepas-Nivel-Preparatoria\" target=\"_blank\" rel=\"noopener\">Conoce aqu\u00ed el procedimiento.<\/a> <\/span><\/em><\/p><div data-section-style=\"7\">\u00a0<\/div><\/div>\n\t\t\t\t\t\t\t\t\t<div class=\"elementor-tab-title elementor-tab-mobile-title\" aria-selected=\"false\" data-tab=\"3\" role=\"tab\" tabindex=\"-1\" aria-controls=\"elementor-tab-content-1533\" aria-expanded=\"false\">Actividades de Promoci\u00f3n Social y Cultural Licenciatura<\/div>\n\t\t\t\t\t<div id=\"elementor-tab-content-1533\" class=\"elementor-tab-content elementor-clearfix\" data-tab=\"3\" role=\"tabpanel\" aria-labelledby=\"elementor-tab-title-1533\" tabindex=\"0\" hidden=\"hidden\"><p>El <span style=\"color: #165788;\"><b>Servicio Social<\/b><\/span> de la <span style=\"color: #165788;\"><b>Universidad Loyola del Pac\u00edfico<\/b><\/span> resalta la formaci\u00f3n integral del prestador del Servicio Social incorpor\u00e1ndolo a distintas \u00e1reas de servicio donde ponga a prueba sus capacidades, destrezas y conocimientos adquiridos, propiciando con ello la cultura de servicio, \u00e9tica y responsabilidad.<\/p><p><em><span style=\"color: #165788;\"><a style=\"color: #165788;\" href=\"https:\/\/app.getguru.com\/card\/ToqgyLxc\/DFIC-Pasos-para-inscribirse-al-Servicio-Social-en-Licenciaturas\" target=\"_blank\" rel=\"noopener\">Conoce aqu\u00ed el procedimiento.<\/a><\/span><\/em><\/p><p>La <span style=\"color: #165788;\"><b>Promoci\u00f3n Cultural<\/b><\/span> de la <span style=\"color: #165788;\"><b>Universidad Loyola del Pac\u00edfico<\/b><\/span> oferta talleres culturales a trav\u00e9s del <span style=\"color: #165788;\"><b>Programa de Actividades Extracurriculares (PAE)<\/b><\/span> que es un elemento fundante de nuestro modelo educativo. Este propone ofrecer a las y los estudiantes, propuestas de formaci\u00f3n adicionales al de los propios planes de estudio, con objeto de asegurar el desarrollo humano integral.<\/p><p>\u00bfQuieres inscribirte al PAE? <em><span style=\"color: #165788;\"><a style=\"color: #165788;\" href=\"https:\/\/app.getguru.com\/card\/i9xgA8XT\/DFIC-Pasos-para-Inscripcin-a-PAE-en-Licenciaturas\" target=\"_blank\" rel=\"noopener\">Conoce aqu\u00ed el procedimiento.<\/a><\/span><\/em><\/p><\/div>\n\t\t\t\t\t\t\t<\/div>\n\t\t<\/div>\n\t\t\t\t\t\t<\/div>\n\t\t\t\t<\/div>\n\t\t\t\t\t<\/div>\n\t\t\t\t<\/div>\n\t\t<div class=\"elementor-element elementor-element-4e8da61 e-flex e-con-boxed e-con e-parent\" data-id=\"4e8da61\" data-element_type=\"container\" data-e-type=\"container\">\n\t\t\t\t\t<div class=\"e-con-inner\">\n\t\t\t\t<div class=\"elementor-element elementor-element-c438f8e elementor-widget elementor-widget-text-editor\" data-id=\"c438f8e\" data-element_type=\"widget\" data-e-type=\"widget\" data-widget_type=\"text-editor.default\">\n\t\t\t\t<div class=\"elementor-widget-container\">\n\t\t\t\t\t\t\t\t\t<p><strong><span style=\"color: #165788;\">Informes:<\/span><\/strong> <br \/>Lic. Grecia Donaj\u00ed Betancourt G\u00f3mez<br \/>Coordinadora<br \/><span style=\"color: #165788;\"><a style=\"color: #165788;\" href=\"mailto:grecia.betancourt@loyola.edu.mx\">grecia.betancourt@loyola.edu.mx<\/a><\/span> <br \/>Tel. 744 271 315) Extensi\u00f3n 176.<\/p>\t\t\t\t\t\t\t\t<\/div>\n\t\t\t\t<\/div>\n\t\t\t\t\t<\/div>\n\t\t\t\t<\/div>\n\t\t<div class=\"elementor-element elementor-element-aa302b7 e-flex e-con-boxed e-con e-parent\" data-id=\"aa302b7\" data-element_type=\"container\" data-e-type=\"container\">\n\t\t\t\t\t<div class=\"e-con-inner\">\n\t\t\t\t\t<\/div>\n\t\t\t\t<\/div>\n\t\t\t\t<\/div>\n\t\t","protected":false},"excerpt":{"rendered":"<p>La Coordinaci\u00f3n de Promoci\u00f3n Social y Cultural integra y acompa\u00f1a los proyectos de formaci\u00f3n y responsabilidad social, as\u00ed como los programas de promoci\u00f3n cultural que favorecen la integraci\u00f3n y el di\u00e1logo comunitario. Actividades de Promoci\u00f3n Social y Cultural Secundaria Actividades de Promoci\u00f3n Social y Cultural Preparatoria Actividades de Promoci\u00f3n Social y Cultural Licenciatura Actividades de [&hellip;]<\/p>\n","protected":false},"author":1,"featured_media":0,"parent":0,"menu_order":0,"comment_status":"closed","ping_status":"closed","template":"template-home.php","meta":{"footnotes":"","_elementor_edit_mode":"builder","_elementor_template_type":"wp-page","_elementor_data":"[{\"id\":\"5df6d5b\",\"elType\":\"container\",\"settings\":{\"content_width\":\"full\",\"margin\":{\"unit\":\"px\",\"top\":\"-10\",\"right\":\"-10\",\"bottom\":\"-10\",\"left\":\"-10\",\"isLinked\":true},\"padding\":{\"unit\":\"px\",\"top\":\"0\",\"right\":\"0\",\"bottom\":\"0\",\"left\":\"0\",\"isLinked\":true}},\"elements\":[{\"id\":\"748fa29\",\"elType\":\"widget\",\"settings\":{\"content_width\":\"full\",\"image\":{\"url\":\"https:\\\/\\\/www.loyola.edu.mx\\\/wp-content\\\/uploads\\\/2025\\\/01\\\/Banner-Promocion-Social.jpg\",\"id\":6841,\"size\":\"\",\"alt\":\"\",\"source\":\"library\"},\"image_size\":\"full\"},\"elements\":[],\"widgetType\":\"image\"}],\"isInner\":false},{\"id\":\"0fef1bc\",\"elType\":\"container\",\"settings\":[],\"elements\":[{\"id\":\"a313936\",\"elType\":\"widget\",\"settings\":{\"content_width\":\"full\",\"editor\":\"<p>La <span style=\\\"color: #165788;\\\"><b>Coordinaci\\u00f3n de Promoci\\u00f3n Social y Cultural<\\\/b> <\\\/span>integra y acompa\\u00f1a los proyectos de formaci\\u00f3n y responsabilidad social, as\\u00ed como los programas de promoci\\u00f3n cultural que favorecen la integraci\\u00f3n y el di\\u00e1logo comunitario.<\\\/p>\",\"_padding\":{\"unit\":\"px\",\"top\":\"50\",\"right\":\"0\",\"bottom\":\"0\",\"left\":\"0\",\"isLinked\":false}},\"elements\":[],\"widgetType\":\"text-editor\"},{\"id\":\"92b4269\",\"elType\":\"widget\",\"settings\":{\"content_width\":\"full\",\"tabs\":[{\"tab_title\":\"Actividades de Promoci\\u00f3n Social y Cultural Secundaria\",\"tab_content\":\"<p>La <span style=\\\"color: #165788;\\\"><b>Promoci\\u00f3n Social<\\\/b><\\\/span> en la <span style=\\\"color: #165788;\\\"><b>Secundaria Loyola<\\\/b><\\\/span> tiene la finalidad de que las y los estudiantes tengan un acercamiento a contextos de la realidad que les ayuden a conocer las necesidades de la sociedad, para despertar una preocupaci\\u00f3n particular por quienes m\\u00e1s apoyo requieren e identificar que las obras despiertan la conciencia social. <br \\\/>Las actividades que se realizan para la formaci\\u00f3n social son:<\\\/p><ul><li><span style=\\\"color: #165788;\\\"><b>Experiencia Fraterna:<\\\/b><\\\/span> Experiencia de encuentro breve con una instituci\\u00f3n educativa p\\u00fablica, a trav\\u00e9s de una experiencia de convivencia e integraci\\u00f3n para establecer lazos de amistad.<\\\/li><li><span style=\\\"color: #165788;\\\"><b>Experiencia Social:<\\\/b><\\\/span> Jornada de inserci\\u00f3n breve a una instituci\\u00f3n que ayuda a sectores vulnerables por pobreza, desigualdad, salud, exclusi\\u00f3n, violencia, etc. para que las y los estudiantes tengan una experiencia con las necesidades de la realidad social.<\\\/li><li><span style=\\\"color: #165788;\\\"><b>Experiencia Comunitaria: <\\\/b><\\\/span>Es una experiencia de inserci\\u00f3n que acerca a las y los estudiantes a desarrollar los principios del liderazgo Ignaciano para aprender a ser personas conscientes, competentes, compasivas y comprometidas.<\\\/li><\\\/ul>\",\"_id\":\"ea7667b\"},{\"tab_title\":\"Actividades de Promoci\\u00f3n Social y Cultural Preparatoria\",\"tab_content\":\"<p>La <span style=\\\"color: #165788;\\\"><b>Promoci\\u00f3n Social<\\\/b><\\\/span> en la <span style=\\\"color: #165788;\\\"><b>Preparatoria Loyola<\\\/b><\\\/span> tiene la finalidad de promover una conciencia social que se ponga al servicio de las y los dem\\u00e1s, desde una preocupaci\\u00f3n particular a los contextos de injusticia y desigualdad, para hacer del amor y las obras un compromiso voluntario.<\\\/p><p>Las actividades que se realizan para la Promoci\\u00f3n Social son:<\\\/p><ul><li><span style=\\\"color: #165788;\\\"><b>Servicio Social:<\\\/b><\\\/span> Es una experiencia colectiva que permite que las y los estudiantes convivan y compartan sus cualidades con las y los dem\\u00e1s en situaciones de vulnerabilidad, en un entorno de igualdad, dignidad, paz y cohesi\\u00f3n.<\\\/li><\\\/ul><p><em><span style=\\\"color: #165788;\\\"><a style=\\\"color: #165788;\\\" href=\\\"https:\\\/\\\/app.getguru.com\\\/card\\\/cbMB6a7i\\\/DFIC-Pasos-para-desarrollar-el-Servicio-Social-en-Preparatoria\\\" target=\\\"_blank\\\" rel=\\\"noopener\\\">Conoce aqu\\u00ed el procedimiento.<\\\/a><\\\/span><\\\/em><\\\/p><ul><li><span style=\\\"color: #165788;\\\"><b>Experiencia Laboral<\\\/b>:<\\\/span> Es una experiencia de inserci\\u00f3n que acerca a las y los estudiantes al mundo del trabajo para indagar y tomar conciencia de algunas de sus problem\\u00e1ticas.<\\\/li><\\\/ul><p><em><span style=\\\"color: #165788;\\\"><a style=\\\"color: #165788;\\\" href=\\\"https:\\\/\\\/app.getguru.com\\\/card\\\/i55yMbXT\\\/DFIC-Pasos-para-la-Experiencia-Laboral-en-Preparatoria\\\" target=\\\"_blank\\\" rel=\\\"noopener\\\">Conoce aqu\\u00ed el procedimiento.<\\\/a><\\\/span><\\\/em><\\\/p><ul><li><span style=\\\"color: #165788;\\\"><b>Brigada Loyola:<\\\/b><\\\/span> Grupo estudiantil del SELP vinculado a la Red Universitaria para la Prevenci\\u00f3n y Atenci\\u00f3n de Desastres (UNIRED) en M\\u00e9xico. Fomenta la cultura de la Protecci\\u00f3n Civil y la capacitaci\\u00f3n para el desarrollo de habilidades y actitudes que respondan en caso de emergencia. Transmite conocimientos sobre el desarrollo de medidas preventivas, por medio de acciones coordinadas entre Organizaciones, Asociaciones, Instituciones Educativas y la Iniciativa Privada. Tambi\\u00e9n brinda apoyo a grupos vulnerables y ayuda a damnificados en caso de desastres.<\\\/li><\\\/ul><p>La <span style=\\\"color: #165788;\\\"><b>Promoci\\u00f3n Cultural <\\\/b><\\\/span>en la <span style=\\\"color: #165788;\\\"><b>Preparatoria Loyola<\\\/b><\\\/span> proporciona a las y los estudiantes actividades de integraci\\u00f3n, as\\u00ed como de difusi\\u00f3n cultural y art\\u00edstica para el desarrollo de un esp\\u00edritu y expresi\\u00f3n creativa, la sensibilidad y libertad interior, generando identidad y pertenencia comunitaria.<\\\/p><ul><li><span style=\\\"color: #165788;\\\"><b>Programa de Actividades Extracurriculares PAE: <\\\/b><\\\/span>Actividades de car\\u00e1cter cultural, deportivo y recreativo a trav\\u00e9s de clubes o talleres dise\\u00f1ados para fomentar la creatividad, el aprendizaje y la apreciaci\\u00f3n de diversas expresiones art\\u00edsticas, as\\u00ed como disciplinas deportivas.<\\\/li><\\\/ul><p>\\u00bfQuieres inscribirte al PAE? <em><span style=\\\"color: #165788;\\\"><a style=\\\"color: #165788;\\\" href=\\\"https:\\\/\\\/app.getguru.com\\\/card\\\/inqb8GKT\\\/DFIC-Inscripcin-a-PAE-en-Preparatoria\\\" target=\\\"_blank\\\" rel=\\\"noopener\\\">Conoce aqu\\u00ed el procedimiento.<\\\/a><\\\/span><\\\/em><\\\/p><ul><li><span style=\\\"color: #165788;\\\"><b>Interprepas: <\\\/b><\\\/span>Encuentro cultural, acad\\u00e9mico y deportivo que anualmente re\\u00fane a las Preparatorias de la Red de Colegios Asociados Jesuita con la finalidad de intercambiar experiencias que fortalezcan el desarrollo y la formaci\\u00f3n integral de las y los estudiantes.<\\\/li><\\\/ul><p>\\u00bfQuieres asistir al Interprepas? <em><span style=\\\"color: #165788;\\\"><a style=\\\"color: #165788;\\\" href=\\\"https:\\\/\\\/app.getguru.com\\\/card\\\/coqLRrqi\\\/DFIC-Pasos-para-asisitir-a-Interprepas-Nivel-Preparatoria\\\" target=\\\"_blank\\\" rel=\\\"noopener\\\">Conoce aqu\\u00ed el procedimiento.<\\\/a> <\\\/span><\\\/em><\\\/p><div data-section-style=\\\"7\\\">\\u00a0<\\\/div>\",\"_id\":\"c33b032\"},{\"_id\":\"99a8016\",\"tab_title\":\"Actividades de Promoci\\u00f3n Social y Cultural Licenciatura\",\"tab_content\":\"<p>El <span style=\\\"color: #165788;\\\"><b>Servicio Social<\\\/b><\\\/span> de la <span style=\\\"color: #165788;\\\"><b>Universidad Loyola del Pac\\u00edfico<\\\/b><\\\/span> resalta la formaci\\u00f3n integral del prestador del Servicio Social incorpor\\u00e1ndolo a distintas \\u00e1reas de servicio donde ponga a prueba sus capacidades, destrezas y conocimientos adquiridos, propiciando con ello la cultura de servicio, \\u00e9tica y responsabilidad.<\\\/p><p><em><span style=\\\"color: #165788;\\\"><a style=\\\"color: #165788;\\\" href=\\\"https:\\\/\\\/app.getguru.com\\\/card\\\/ToqgyLxc\\\/DFIC-Pasos-para-inscribirse-al-Servicio-Social-en-Licenciaturas\\\" target=\\\"_blank\\\" rel=\\\"noopener\\\">Conoce aqu\\u00ed el procedimiento.<\\\/a><\\\/span><\\\/em><\\\/p><p>La <span style=\\\"color: #165788;\\\"><b>Promoci\\u00f3n Cultural<\\\/b><\\\/span> de la <span style=\\\"color: #165788;\\\"><b>Universidad Loyola del Pac\\u00edfico<\\\/b><\\\/span> oferta talleres culturales a trav\\u00e9s del <span style=\\\"color: #165788;\\\"><b>Programa de Actividades Extracurriculares (PAE)<\\\/b><\\\/span> que es un elemento fundante de nuestro modelo educativo. Este propone ofrecer a las y los estudiantes, propuestas de formaci\\u00f3n adicionales al de los propios planes de estudio, con objeto de asegurar el desarrollo humano integral.<\\\/p><p>\\u00bfQuieres inscribirte al PAE? <em><span style=\\\"color: #165788;\\\"><a style=\\\"color: #165788;\\\" href=\\\"https:\\\/\\\/app.getguru.com\\\/card\\\/i9xgA8XT\\\/DFIC-Pasos-para-Inscripcin-a-PAE-en-Licenciaturas\\\" target=\\\"_blank\\\" rel=\\\"noopener\\\">Conoce aqu\\u00ed el procedimiento.<\\\/a><\\\/span><\\\/em><\\\/p>\"}],\"tab_active_color\":\"#0039B8\"},\"elements\":[],\"widgetType\":\"tabs\"}],\"isInner\":false},{\"id\":\"4e8da61\",\"elType\":\"container\",\"settings\":[],\"elements\":[{\"id\":\"c438f8e\",\"elType\":\"widget\",\"settings\":{\"content_width\":\"full\",\"editor\":\"<p><strong><span style=\\\"color: #165788;\\\">Informes:<\\\/span><\\\/strong> <br \\\/>Lic. Grecia Donaj\\u00ed Betancourt G\\u00f3mez<br \\\/>Coordinadora<br \\\/><span style=\\\"color: #165788;\\\"><a style=\\\"color: #165788;\\\" href=\\\"mailto:grecia.betancourt@loyola.edu.mx\\\">grecia.betancourt@loyola.edu.mx<\\\/a><\\\/span> <br \\\/>Tel. 744 271 315) Extensi\\u00f3n 176.<\\\/p>\"},\"elements\":[],\"widgetType\":\"text-editor\"}],\"isInner\":false},{\"id\":\"aa302b7\",\"elType\":\"container\",\"settings\":[],\"elements\":[],\"isInner\":false}]","_elementor_page_settings":null},"class_list":["post-4361","page","type-page","status-publish","hentry"],"_links":{"self":[{"href":"https:\/\/www.loyola.edu.mx\/index.php?rest_route=\/wp\/v2\/pages\/4361","targetHints":{"allow":["GET"]}}],"collection":[{"href":"https:\/\/www.loyola.edu.mx\/index.php?rest_route=\/wp\/v2\/pages"}],"about":[{"href":"https:\/\/www.loyola.edu.mx\/index.php?rest_route=\/wp\/v2\/types\/page"}],"author":[{"embeddable":true,"href":"https:\/\/www.loyola.edu.mx\/index.php?rest_route=\/wp\/v2\/users\/1"}],"replies":[{"embeddable":true,"href":"https:\/\/www.loyola.edu.mx\/index.php?rest_route=%2Fwp%2Fv2%2Fcomments&post=4361"}],"version-history":[{"count":17,"href":"https:\/\/www.loyola.edu.mx\/index.php?rest_route=\/wp\/v2\/pages\/4361\/revisions"}],"predecessor-version":[{"id":6848,"href":"https:\/\/www.loyola.edu.mx\/index.php?rest_route=\/wp\/v2\/pages\/4361\/revisions\/6848"}],"wp:attachment":[{"href":"https:\/\/www.loyola.edu.mx\/index.php?rest_route=%2Fwp%2Fv2%2Fmedia&parent=4361"}],"curies":[{"name":"wp","href":"https:\/\/api.w.org\/{rel}","templated":true}]}}