{"id":4363,"date":"2024-05-14T00:31:39","date_gmt":"2024-05-14T00:31:39","guid":{"rendered":"https:\/\/www.loyola.ideasdistintas.com\/?page_id=4363"},"modified":"2025-01-04T06:52:58","modified_gmt":"2025-01-04T06:52:58","slug":"deportes","status":"publish","type":"page","link":"https:\/\/www.loyola.edu.mx\/?page_id=4363","title":{"rendered":"Deportes"},"content":{"rendered":"\t\t<div data-elementor-type=\"wp-page\" data-elementor-id=\"4363\" class=\"elementor elementor-4363\">\n\t\t\t\t<div class=\"elementor-element elementor-element-7a404d2 e-con-full e-flex e-con e-parent\" data-id=\"7a404d2\" data-element_type=\"container\" data-e-type=\"container\">\n\t\t\t\t<div class=\"elementor-element elementor-element-3065f78 elementor-widget elementor-widget-image\" data-id=\"3065f78\" data-element_type=\"widget\" data-e-type=\"widget\" data-widget_type=\"image.default\">\n\t\t\t\t<div class=\"elementor-widget-container\">\n\t\t\t\t\t\t\t\t\t\t\t\t\t\t\t<img fetchpriority=\"high\" decoding=\"async\" width=\"1969\" height=\"699\" src=\"https:\/\/www.loyola.edu.mx\/wp-content\/uploads\/2025\/01\/Banner-Deportes.jpg\" class=\"attachment-full size-full wp-image-6831\" alt=\"\" srcset=\"https:\/\/www.loyola.edu.mx\/wp-content\/uploads\/2025\/01\/Banner-Deportes.jpg 1969w, https:\/\/www.loyola.edu.mx\/wp-content\/uploads\/2025\/01\/Banner-Deportes-300x107.jpg 300w, https:\/\/www.loyola.edu.mx\/wp-content\/uploads\/2025\/01\/Banner-Deportes-1024x364.jpg 1024w, https:\/\/www.loyola.edu.mx\/wp-content\/uploads\/2025\/01\/Banner-Deportes-768x273.jpg 768w, https:\/\/www.loyola.edu.mx\/wp-content\/uploads\/2025\/01\/Banner-Deportes-1536x545.jpg 1536w\" sizes=\"(max-width: 1969px) 100vw, 1969px\" \/>\t\t\t\t\t\t\t\t\t\t\t\t\t\t\t<\/div>\n\t\t\t\t<\/div>\n\t\t\t\t<\/div>\n\t\t<div class=\"elementor-element elementor-element-a28a9a8 e-flex e-con-boxed e-con e-parent\" data-id=\"a28a9a8\" data-element_type=\"container\" data-e-type=\"container\">\n\t\t\t\t\t<div class=\"e-con-inner\">\n\t\t<div class=\"elementor-element elementor-element-843357e e-con-full e-flex e-con e-child\" data-id=\"843357e\" data-element_type=\"container\" data-e-type=\"container\">\n\t\t\t\t<div class=\"elementor-element elementor-element-76fac73 elementor-widget elementor-widget-text-editor\" data-id=\"76fac73\" data-element_type=\"widget\" data-e-type=\"widget\" data-widget_type=\"text-editor.default\">\n\t\t\t\t<div class=\"elementor-widget-container\">\n\t\t\t\t\t\t\t\t\t<p>La <span style=\"color: #165788;\"><b>Coordinaci\u00f3n de Deportes<\/b><\/span> promueve acciones para el desarrollo f\u00edsico y el cuidado de la salud, mediante la difusi\u00f3n del deporte favoreciendo la sana integraci\u00f3n y la cohesi\u00f3n comunitaria.<\/p>\t\t\t\t\t\t\t\t<\/div>\n\t\t\t\t<\/div>\n\t\t\t\t<\/div>\n\t\t\t\t<div class=\"elementor-element elementor-element-3ac83be elementor-tabs-view-horizontal elementor-widget elementor-widget-tabs\" data-id=\"3ac83be\" data-element_type=\"widget\" data-e-type=\"widget\" data-widget_type=\"tabs.default\">\n\t\t\t\t<div class=\"elementor-widget-container\">\n\t\t\t\t\t\t\t<div class=\"elementor-tabs\">\n\t\t\t<div class=\"elementor-tabs-wrapper\" role=\"tablist\" >\n\t\t\t\t\t\t\t\t\t<div id=\"elementor-tab-title-6161\" class=\"elementor-tab-title elementor-tab-desktop-title\" aria-selected=\"true\" data-tab=\"1\" role=\"tab\" tabindex=\"0\" aria-controls=\"elementor-tab-content-6161\" aria-expanded=\"false\">Actividades deportivas Secundaria<\/div>\n\t\t\t\t\t\t\t\t\t<div id=\"elementor-tab-title-6162\" class=\"elementor-tab-title elementor-tab-desktop-title\" aria-selected=\"false\" data-tab=\"2\" role=\"tab\" tabindex=\"-1\" aria-controls=\"elementor-tab-content-6162\" aria-expanded=\"false\">Actividades deportivas Preparatoria<\/div>\n\t\t\t\t\t\t\t\t\t<div id=\"elementor-tab-title-6163\" class=\"elementor-tab-title elementor-tab-desktop-title\" aria-selected=\"false\" data-tab=\"3\" role=\"tab\" tabindex=\"-1\" aria-controls=\"elementor-tab-content-6163\" aria-expanded=\"false\">Actividades deportivas Licenciatura<\/div>\n\t\t\t\t\t\t\t<\/div>\n\t\t\t<div class=\"elementor-tabs-content-wrapper\" role=\"tablist\" aria-orientation=\"vertical\">\n\t\t\t\t\t\t\t\t\t<div class=\"elementor-tab-title elementor-tab-mobile-title\" aria-selected=\"true\" data-tab=\"1\" role=\"tab\" tabindex=\"0\" aria-controls=\"elementor-tab-content-6161\" aria-expanded=\"false\">Actividades deportivas Secundaria<\/div>\n\t\t\t\t\t<div id=\"elementor-tab-content-6161\" class=\"elementor-tab-content elementor-clearfix\" data-tab=\"1\" role=\"tabpanel\" aria-labelledby=\"elementor-tab-title-6161\" tabindex=\"0\" hidden=\"false\"><p>En la <span style=\"color: #165788;\"><b>Secundaria Loyola<\/b><\/span> contamos con<span style=\"color: #165788;\"><b> Talleres Deportivos<\/b><\/span> como parte del <span style=\"color: #165788;\"><b>Programa de Actividades Extracurriculares (PAE)<\/b><\/span>. Estos se encargan de propiciar el desarrollo f\u00edsico y el cuidado de la salud para coadyuvar en la formaci\u00f3n integral, donde la disciplina, la integraci\u00f3n y la sana convivencia sean mecanismos que consoliden las relaciones de la comunidad.<\/p><p>\u00bfQuieres inscribirte en un taller deportivo? <em><span style=\"color: #165788;\"><a style=\"color: #165788;\" href=\"https:\/\/app.getguru.com\/card\/TyxGA4Gc\/DFIC-Pasos-para-Inscripcin-a-Talleres-en-Secundaria\">Conoce aqu\u00ed el procedimiento.<\/a><\/span><\/em><\/p><p>Durante el ciclo escolar, la <span style=\"color: #165788;\"><b>Secundaria Loyola<\/b><\/span> tambi\u00e9n participa en<span style=\"color: #165788;\"><b> Torneos Intersecundaria<\/b><\/span>. Estos son encuentros que se desarrollan con otras Escuelas Secundarias de la zona para favorecer la sana convivencia y promover el deporte.<\/p><\/div>\n\t\t\t\t\t\t\t\t\t<div class=\"elementor-tab-title elementor-tab-mobile-title\" aria-selected=\"false\" data-tab=\"2\" role=\"tab\" tabindex=\"-1\" aria-controls=\"elementor-tab-content-6162\" aria-expanded=\"false\">Actividades deportivas Preparatoria<\/div>\n\t\t\t\t\t<div id=\"elementor-tab-content-6162\" class=\"elementor-tab-content elementor-clearfix\" data-tab=\"2\" role=\"tabpanel\" aria-labelledby=\"elementor-tab-title-6162\" tabindex=\"0\" hidden=\"hidden\"><p>El <b><span style=\"color: #165788;\">Programa de Actividades Extracurriculares (PAE)<\/span> <\/b>en la <span style=\"color: #165788;\"><b>Preparatoria Loyola <\/b><\/span>cuenta con actividades deportivas que se encargan de propiciar el desarrollo f\u00edsico y el cuidado de la salud para coadyuvar en la formaci\u00f3n integral, la sana convivencia y la integraci\u00f3n comunitaria.<\/p><p>\u00bfQuieres inscribirte al PAE? <em><span style=\"color: #165788;\"><a style=\"color: #165788;\" href=\"https:\/\/app.getguru.com\/card\/inqb8GKT\/DFIC-Pasos-para-Inscripcin-a-PAE-en-Preparatoria\">Conoce aqu\u00ed el procedimiento. <\/a><\/span><\/em><\/p><div data-section-style=\"7\"><p>Cada a\u00f1o, la <span style=\"color: #165788;\"><b>Preparatoria Loyola<\/b><\/span> participa en el <span style=\"color: #165788;\"><b>Interprepas Deportivo <\/b><\/span>que es un Encuentro cultural, acad\u00e9mico y deportivo que anualmente re\u00fane a las Preparatorias de la Red de Colegios Asociados Jesuitas con la finalidad de intercambiar experiencias que fortalezcan el desarrollo y la formaci\u00f3n integral de las y los estudiantes.<\/p><\/div><p>\u00bfQuieres asistir al Interprepas? <em><span style=\"color: #165788;\"><a style=\"color: #165788;\" href=\"https:\/\/app.getguru.com\/card\/coqLRrqi\/DFIC-Pasos-para-asisitir-a-Interprepas-Nivel-Preparatoria\">Conoce aqu\u00ed el procedimiento. <\/a><\/span><\/em><\/p><\/div>\n\t\t\t\t\t\t\t\t\t<div class=\"elementor-tab-title elementor-tab-mobile-title\" aria-selected=\"false\" data-tab=\"3\" role=\"tab\" tabindex=\"-1\" aria-controls=\"elementor-tab-content-6163\" aria-expanded=\"false\">Actividades deportivas Licenciatura<\/div>\n\t\t\t\t\t<div id=\"elementor-tab-content-6163\" class=\"elementor-tab-content elementor-clearfix\" data-tab=\"3\" role=\"tabpanel\" aria-labelledby=\"elementor-tab-title-6163\" tabindex=\"0\" hidden=\"hidden\"><p>En la <span style=\"color: #165788;\"><b>Universidad Loyola del Pac\u00edfico<\/b><\/span> contamos con diversos <span style=\"color: #165788;\"><b>Talleres Deportivos<\/b><\/span> como parte del <span style=\"color: #165788;\"><b>Programa de Actividades Extracurriculares (PAE)<\/b><\/span>. Las actividades deportivas se encargan de propiciar el desarrollo f\u00edsico y el cuidado de la salud para coadyuvar en la formaci\u00f3n integral, donde la disciplina, la integraci\u00f3n y la sana convivencia sean mecanismos que consoliden las relaciones de la comunidad.<\/p><p>\u00bfQuieres inscribirte al PAE? <em><span style=\"color: #165788;\"><a style=\"color: #165788;\" href=\"https:\/\/app.getguru.com\/card\/i9xgA8XT\/DFIC-Pasos-para-Inscripcin-a-PAE-en-Licenciaturas\">Conoce aqu\u00ed el procedimiento. <\/a> <\/span><\/em><\/p><\/div>\n\t\t\t\t\t\t\t<\/div>\n\t\t<\/div>\n\t\t\t\t\t\t<\/div>\n\t\t\t\t<\/div>\n\t\t\t\t\t<\/div>\n\t\t\t\t<\/div>\n\t\t<div class=\"elementor-element elementor-element-236da8e e-flex e-con-boxed e-con e-parent\" data-id=\"236da8e\" data-element_type=\"container\" data-e-type=\"container\">\n\t\t\t\t\t<div class=\"e-con-inner\">\n\t\t\t\t<div class=\"elementor-element elementor-element-ce1ff50 elementor-widget elementor-widget-text-editor\" data-id=\"ce1ff50\" data-element_type=\"widget\" data-e-type=\"widget\" data-widget_type=\"text-editor.default\">\n\t\t\t\t<div class=\"elementor-widget-container\">\n\t\t\t\t\t\t\t\t\t<p><strong><span style=\"color: #165788;\">Informes:<\/span><\/strong> <br \/>Mtro. Fernando Mora \u00c1lvarez<br \/>Coordinador<br \/><span style=\"color: #165788;\"><a style=\"color: #165788;\" href=\"mailto:fernando.mora@loyola.edu.mx\">fernando.mora@loyola.edu.mx<\/a><\/span><br \/>Tel. 744 271 3150 Extensi\u00f3n 370.<\/p>\t\t\t\t\t\t\t\t<\/div>\n\t\t\t\t<\/div>\n\t\t\t\t\t<\/div>\n\t\t\t\t<\/div>\n\t\t\t\t<\/div>\n\t\t","protected":false},"excerpt":{"rendered":"<p>La Coordinaci\u00f3n de Deportes promueve acciones para el desarrollo f\u00edsico y el cuidado de la salud, mediante la difusi\u00f3n del deporte favoreciendo la sana integraci\u00f3n y la cohesi\u00f3n comunitaria. Actividades deportivas Secundaria Actividades deportivas Preparatoria Actividades deportivas Licenciatura Actividades deportivas Secundaria En la Secundaria Loyola contamos con Talleres Deportivos como parte del Programa de Actividades [&hellip;]<\/p>\n","protected":false},"author":1,"featured_media":0,"parent":0,"menu_order":0,"comment_status":"closed","ping_status":"closed","template":"template-home.php","meta":{"footnotes":"","_elementor_edit_mode":"builder","_elementor_template_type":"wp-page","_elementor_data":"[{\"id\":\"7a404d2\",\"elType\":\"container\",\"settings\":{\"content_width\":\"full\",\"margin\":{\"unit\":\"px\",\"top\":\"-10\",\"right\":\"-10\",\"bottom\":\"-10\",\"left\":\"-10\",\"isLinked\":true},\"padding\":{\"unit\":\"px\",\"top\":\"0\",\"right\":\"0\",\"bottom\":\"0\",\"left\":\"0\",\"isLinked\":true}},\"elements\":[{\"id\":\"3065f78\",\"elType\":\"widget\",\"settings\":{\"content_width\":\"full\",\"image\":{\"url\":\"https:\\\/\\\/www.loyola.edu.mx\\\/wp-content\\\/uploads\\\/2025\\\/01\\\/Banner-Deportes.jpg\",\"id\":6831,\"size\":\"\",\"alt\":\"\",\"source\":\"library\"},\"image_size\":\"full\"},\"elements\":[],\"widgetType\":\"image\"}],\"isInner\":false},{\"id\":\"a28a9a8\",\"elType\":\"container\",\"settings\":[],\"elements\":[{\"id\":\"843357e\",\"elType\":\"container\",\"settings\":{\"presetTitle\":\"Contenedor\",\"presetIcon\":\"eicon-container\",\"content_width\":\"full\"},\"elements\":[{\"id\":\"76fac73\",\"elType\":\"widget\",\"settings\":{\"content_width\":\"full\",\"editor\":\"<p>La <span style=\\\"color: #165788;\\\"><b>Coordinaci\\u00f3n de Deportes<\\\/b><\\\/span> promueve acciones para el desarrollo f\\u00edsico y el cuidado de la salud, mediante la difusi\\u00f3n del deporte favoreciendo la sana integraci\\u00f3n y la cohesi\\u00f3n comunitaria.<\\\/p>\",\"_padding\":{\"unit\":\"px\",\"top\":\"50\",\"right\":\"0\",\"bottom\":\"0\",\"left\":\"0\",\"isLinked\":false}},\"elements\":[],\"widgetType\":\"text-editor\"}],\"isInner\":true},{\"id\":\"3ac83be\",\"elType\":\"widget\",\"settings\":{\"content_width\":\"full\",\"tabs\":[{\"tab_title\":\"Actividades deportivas Secundaria\",\"tab_content\":\"<p>En la <span style=\\\"color: #165788;\\\"><b>Secundaria Loyola<\\\/b><\\\/span> contamos con<span style=\\\"color: #165788;\\\"><b> Talleres Deportivos<\\\/b><\\\/span> como parte del <span style=\\\"color: #165788;\\\"><b>Programa de Actividades Extracurriculares (PAE)<\\\/b><\\\/span>. Estos se encargan de propiciar el desarrollo f\\u00edsico y el cuidado de la salud para coadyuvar en la formaci\\u00f3n integral, donde la disciplina, la integraci\\u00f3n y la sana convivencia sean mecanismos que consoliden las relaciones de la comunidad.<\\\/p><p>\\u00bfQuieres inscribirte en un taller deportivo? <em><span style=\\\"color: #165788;\\\"><a style=\\\"color: #165788;\\\" href=\\\"https:\\\/\\\/app.getguru.com\\\/card\\\/TyxGA4Gc\\\/DFIC-Pasos-para-Inscripcin-a-Talleres-en-Secundaria\\\">Conoce aqu\\u00ed el procedimiento.<\\\/a><\\\/span><\\\/em><\\\/p><p>Durante el ciclo escolar, la <span style=\\\"color: #165788;\\\"><b>Secundaria Loyola<\\\/b><\\\/span> tambi\\u00e9n participa en<span style=\\\"color: #165788;\\\"><b> Torneos Intersecundaria<\\\/b><\\\/span>. Estos son encuentros que se desarrollan con otras Escuelas Secundarias de la zona para favorecer la sana convivencia y promover el deporte.<\\\/p>\",\"_id\":\"ea7667b\"},{\"tab_title\":\"Actividades deportivas Preparatoria\",\"tab_content\":\"<p>El <b><span style=\\\"color: #165788;\\\">Programa de Actividades Extracurriculares (PAE)<\\\/span> <\\\/b>en la <span style=\\\"color: #165788;\\\"><b>Preparatoria Loyola <\\\/b><\\\/span>cuenta con actividades deportivas que se encargan de propiciar el desarrollo f\\u00edsico y el cuidado de la salud para coadyuvar en la formaci\\u00f3n integral, la sana convivencia y la integraci\\u00f3n comunitaria.<\\\/p><p>\\u00bfQuieres inscribirte al PAE? <em><span style=\\\"color: #165788;\\\"><a style=\\\"color: #165788;\\\" href=\\\"https:\\\/\\\/app.getguru.com\\\/card\\\/inqb8GKT\\\/DFIC-Pasos-para-Inscripcin-a-PAE-en-Preparatoria\\\">Conoce aqu\\u00ed el procedimiento. <\\\/a><\\\/span><\\\/em><\\\/p><div data-section-style=\\\"7\\\"><p>Cada a\\u00f1o, la <span style=\\\"color: #165788;\\\"><b>Preparatoria Loyola<\\\/b><\\\/span> participa en el <span style=\\\"color: #165788;\\\"><b>Interprepas Deportivo <\\\/b><\\\/span>que es un Encuentro cultural, acad\\u00e9mico y deportivo que anualmente re\\u00fane a las Preparatorias de la Red de Colegios Asociados Jesuitas con la finalidad de intercambiar experiencias que fortalezcan el desarrollo y la formaci\\u00f3n integral de las y los estudiantes.<\\\/p><\\\/div><p>\\u00bfQuieres asistir al Interprepas? <em><span style=\\\"color: #165788;\\\"><a style=\\\"color: #165788;\\\" href=\\\"https:\\\/\\\/app.getguru.com\\\/card\\\/coqLRrqi\\\/DFIC-Pasos-para-asisitir-a-Interprepas-Nivel-Preparatoria\\\">Conoce aqu\\u00ed el procedimiento. <\\\/a><\\\/span><\\\/em><\\\/p>\",\"_id\":\"c33b032\"},{\"_id\":\"99a8016\",\"tab_title\":\"Actividades deportivas Licenciatura\",\"tab_content\":\"<p>En la <span style=\\\"color: #165788;\\\"><b>Universidad Loyola del Pac\\u00edfico<\\\/b><\\\/span> contamos con diversos <span style=\\\"color: #165788;\\\"><b>Talleres Deportivos<\\\/b><\\\/span> como parte del <span style=\\\"color: #165788;\\\"><b>Programa de Actividades Extracurriculares (PAE)<\\\/b><\\\/span>. Las actividades deportivas se encargan de propiciar el desarrollo f\\u00edsico y el cuidado de la salud para coadyuvar en la formaci\\u00f3n integral, donde la disciplina, la integraci\\u00f3n y la sana convivencia sean mecanismos que consoliden las relaciones de la comunidad.<\\\/p><p>\\u00bfQuieres inscribirte al PAE? <em><span style=\\\"color: #165788;\\\"><a style=\\\"color: #165788;\\\" href=\\\"https:\\\/\\\/app.getguru.com\\\/card\\\/i9xgA8XT\\\/DFIC-Pasos-para-Inscripcin-a-PAE-en-Licenciaturas\\\">Conoce aqu\\u00ed el procedimiento. <\\\/a> <\\\/span><\\\/em><\\\/p>\"}],\"tab_active_color\":\"#0039B8\"},\"elements\":[],\"widgetType\":\"tabs\"}],\"isInner\":false},{\"id\":\"236da8e\",\"elType\":\"container\",\"settings\":[],\"elements\":[{\"id\":\"ce1ff50\",\"elType\":\"widget\",\"settings\":{\"content_width\":\"full\",\"editor\":\"<p><strong><span style=\\\"color: #165788;\\\">Informes:<\\\/span><\\\/strong> <br \\\/>Mtro. Fernando Mora \\u00c1lvarez<br \\\/>Coordinador<br \\\/><span style=\\\"color: #165788;\\\"><a style=\\\"color: #165788;\\\" href=\\\"mailto:fernando.mora@loyola.edu.mx\\\">fernando.mora@loyola.edu.mx<\\\/a><\\\/span><br \\\/>Tel. 744 271 3150 Extensi\\u00f3n 370.<\\\/p>\"},\"elements\":[],\"widgetType\":\"text-editor\"}],\"isInner\":false}]","_elementor_page_settings":null},"class_list":["post-4363","page","type-page","status-publish","hentry"],"_links":{"self":[{"href":"https:\/\/www.loyola.edu.mx\/index.php?rest_route=\/wp\/v2\/pages\/4363","targetHints":{"allow":["GET"]}}],"collection":[{"href":"https:\/\/www.loyola.edu.mx\/index.php?rest_route=\/wp\/v2\/pages"}],"about":[{"href":"https:\/\/www.loyola.edu.mx\/index.php?rest_route=\/wp\/v2\/types\/page"}],"author":[{"embeddable":true,"href":"https:\/\/www.loyola.edu.mx\/index.php?rest_route=\/wp\/v2\/users\/1"}],"replies":[{"embeddable":true,"href":"https:\/\/www.loyola.edu.mx\/index.php?rest_route=%2Fwp%2Fv2%2Fcomments&post=4363"}],"version-history":[{"count":13,"href":"https:\/\/www.loyola.edu.mx\/index.php?rest_route=\/wp\/v2\/pages\/4363\/revisions"}],"predecessor-version":[{"id":6834,"href":"https:\/\/www.loyola.edu.mx\/index.php?rest_route=\/wp\/v2\/pages\/4363\/revisions\/6834"}],"wp:attachment":[{"href":"https:\/\/www.loyola.edu.mx\/index.php?rest_route=%2Fwp%2Fv2%2Fmedia&parent=4363"}],"curies":[{"name":"wp","href":"https:\/\/api.w.org\/{rel}","templated":true}]}}