{"id":5795,"date":"2024-10-05T06:58:39","date_gmt":"2024-10-05T06:58:39","guid":{"rendered":"https:\/\/www.loyola.edu.mx\/?page_id=5795"},"modified":"2025-07-18T17:29:22","modified_gmt":"2025-07-18T17:29:22","slug":"ciencias-ambientales-y-desarrollo-sustentable","status":"publish","type":"page","link":"https:\/\/www.loyola.edu.mx\/?page_id=5795","title":{"rendered":"Ciencias Ambientales y Desarrollo Sustentable"},"content":{"rendered":"\t\t<div data-elementor-type=\"wp-page\" data-elementor-id=\"5795\" class=\"elementor elementor-5795\">\n\t\t\t\t<div class=\"elementor-element elementor-element-9985acd e-flex e-con-boxed e-con e-parent\" data-id=\"9985acd\" data-element_type=\"container\" data-e-type=\"container\">\n\t\t\t\t\t<div class=\"e-con-inner\">\n\t\t\t\t<div class=\"elementor-element elementor-element-20780c2 elementor-widget elementor-widget-text-editor\" data-id=\"20780c2\" data-element_type=\"widget\" data-e-type=\"widget\" data-widget_type=\"text-editor.default\">\n\t\t\t\t<div class=\"elementor-widget-container\">\n\t\t\t\t\t\t\t\t\t<p>\u00a0<\/p><p><span style=\"color: #165788;\"><b>Experiencia Loyola<\/b><\/span><\/p><p>La Licenciatura en <span style=\"color: #165788;\"><b>Ciencias Ambientales y Desarrollo Sustentable<\/b><\/span> ofrece un plan de estudios bajo el modelo por competencias en el que las experiencias se encuentran centradas en ti para:<\/p><ul><li>Formar l\u00edderes creadores de proyectos que promuevan la soluci\u00f3n de problemas ambientales para lograr un bienestar social, mediante la inducci\u00f3n de conocimiento en manejo de recursos humanos, pol\u00edticas p\u00fablicas en materia ambiental, tecnolog\u00edas renovables, manejo de residuos y evaluaci\u00f3n del impacto ambiental, entre otras.<\/li><li>Analizar y medir el impacto del hombre en la naturaleza, as\u00ed como su deterioro natural. Se examinan y proponen programas y proyectos ambientales que garanticen el equilibrio, la protecci\u00f3n y preservaci\u00f3n de las especies.<\/li><li>Adquirir conocimientos de nuevas tecnolog\u00edas renovables y desarrollar habilidades como trabajo en equipo y una visi\u00f3n estrat\u00e9gica para emprender proyectos ambientales propios.<\/li><\/ul>\t\t\t\t\t\t\t\t<\/div>\n\t\t\t\t<\/div>\n\t\t\t\t\t<\/div>\n\t\t\t\t<\/div>\n\t\t<div class=\"elementor-element elementor-element-d24520b e-flex e-con-boxed e-con e-parent\" data-id=\"d24520b\" data-element_type=\"container\" data-e-type=\"container\">\n\t\t\t\t\t<div class=\"e-con-inner\">\n\t\t\t\t<div class=\"elementor-element elementor-element-dc25a78 elementor-widget elementor-widget-text-editor\" data-id=\"dc25a78\" data-element_type=\"widget\" data-e-type=\"widget\" data-widget_type=\"text-editor.default\">\n\t\t\t\t<div class=\"elementor-widget-container\">\n\t\t\t\t\t\t\t\t\t<p><span style=\"color: #165788;\"><b>Ciencias Ambientales y Desarrollo Sustentable es para ti<\/b><\/span><\/p><p>Si te gusta:<\/p><ul><li>Conocer la ciencia y la tecnolog\u00eda.<\/li><li>Propiciar el cuidado y protecci\u00f3n del medio ambiente.<\/li><li>Fomentar el buen manejo de recursos naturales.<\/li><li>Encontrar soluciones.<\/li><li>Organizar y dirigir equipos de trabajo<\/li><li>Tener disposici\u00f3n y facilidad para acceder a estudios y pr\u00e1cticas relacionadas con la gesti\u00f3n de planes de desarrollo regional y de participaci\u00f3n social con criterios de sustentabilidad.<\/li><li>Generar y promover proyectos de dise\u00f1o e implementaci\u00f3n de pol\u00edticas p\u00fablicas que regulen la explotaci\u00f3n, conservaci\u00f3n y restauraci\u00f3n ecol\u00f3gica as\u00ed como el manejo integral de los recursos naturales, promoviendo la aplicaci\u00f3n de tecnolog\u00edas alternativas.<\/li><\/ul>\t\t\t\t\t\t\t\t<\/div>\n\t\t\t\t<\/div>\n\t\t\t\t\t<\/div>\n\t\t\t\t<\/div>\n\t\t<div class=\"elementor-element elementor-element-cff369b e-flex e-con-boxed e-con e-parent\" data-id=\"cff369b\" data-element_type=\"container\" data-e-type=\"container\">\n\t\t\t\t\t<div class=\"e-con-inner\">\n\t\t\t\t<div class=\"elementor-element elementor-element-dc7e421 elementor-widget elementor-widget-text-editor\" data-id=\"dc7e421\" data-element_type=\"widget\" data-e-type=\"widget\" data-widget_type=\"text-editor.default\">\n\t\t\t\t<div class=\"elementor-widget-container\">\n\t\t\t\t\t\t\t\t\t<p><span style=\"color: #165788;\"><b>Inspiraci\u00f3n sin Fronteras<\/b><\/span><\/p><p>Se desarrollan las siguientes competencias:<\/p><ul><li>Dise\u00f1ar planes de gesti\u00f3n, protecci\u00f3n y conservaci\u00f3n de flora y fauna silvestres.<\/li><li>Implementar tecnolog\u00edas renovables.<\/li><li>Dise\u00f1ar pol\u00edticas p\u00fablicas y privadas de conservaci\u00f3n y protecci\u00f3n ambiental.<\/li><li>Elaborar programas de educaci\u00f3n ambiental para la sustentabilidad.<\/li><li>Conservar, preservar y restaurar ecosistemas.<\/li><li>Generar proyecto de desarrollo ecotur\u00edstico.<\/li><li>Generar proyectos de ordenamiento ecol\u00f3gico territorial.<\/li><li>Desarrollo y gesti\u00f3n de energ\u00edas alternativas.<\/li><li>Desarrollo regional basado en pol\u00edticas p\u00fablicas para la sustentabilidad.<\/li><li>Gesti\u00f3n de modelos de intervenci\u00f3n tecnol\u00f3gica, social, econ\u00f3mica y pol\u00edtica sobre problemas ambientales.<\/li><li>Gesti\u00f3n de programas y proyectos ambientales para la sustentabilidad.<\/li><li>Emprendimiento de programas sustentables que consideren la construcci\u00f3n de alternativas integrando saberes tradicionales, cient\u00edficos y tecnol\u00f3gicos.<\/li><\/ul>\t\t\t\t\t\t\t\t<\/div>\n\t\t\t\t<\/div>\n\t\t\t\t\t<\/div>\n\t\t\t\t<\/div>\n\t\t<div class=\"elementor-element elementor-element-db7e083 e-flex e-con-boxed e-con e-parent\" data-id=\"db7e083\" data-element_type=\"container\" data-e-type=\"container\">\n\t\t\t\t\t<div class=\"e-con-inner\">\n\t\t\t\t<div class=\"elementor-element elementor-element-48c4ba3 elementor-widget elementor-widget-text-editor\" data-id=\"48c4ba3\" data-element_type=\"widget\" data-e-type=\"widget\" data-widget_type=\"text-editor.default\">\n\t\t\t\t<div class=\"elementor-widget-container\">\n\t\t\t\t\t\t\t\t\t<p><span style=\"color: #165788;\"><b>Vida profesional<\/b><\/span><\/p><p>Con la Licenciatura en <span style=\"color: #165788;\"><b>Ciencias Ambientales y Desarrollo Sustentable<\/b><\/span> te podr\u00e1s desempe\u00f1ar en las \u00e1reas del sector p\u00fablico o privado relacionadas con el medio ambiente, ya sea a nivel nacional e internacional. Como empresario o asesor, as\u00ed como en instituciones de investigaci\u00f3n cient\u00edfica y de educaci\u00f3n superior, en organizaciones de la sociedad civil o en el sector productivo tecnol\u00f3gico.<\/p>\t\t\t\t\t\t\t\t<\/div>\n\t\t\t\t<\/div>\n\t\t\t\t\t<\/div>\n\t\t\t\t<\/div>\n\t\t<div class=\"elementor-element elementor-element-361741b e-grid e-con-boxed e-con e-parent\" data-id=\"361741b\" data-element_type=\"container\" data-e-type=\"container\">\n\t\t\t\t\t<div class=\"e-con-inner\">\n\t\t\t\t<div class=\"elementor-element elementor-element-30ddae7 elementor-widget elementor-widget-text-editor\" data-id=\"30ddae7\" data-element_type=\"widget\" data-e-type=\"widget\" data-widget_type=\"text-editor.default\">\n\t\t\t\t<div class=\"elementor-widget-container\">\n\t\t\t\t\t\t\t\t\t<p><span style=\"color: #165788;\"><b>Intercambio Acad\u00e9mico<\/b><\/span><\/p><p>Siendo parte de la comunidad Loyola es posible gozar de intercambio acad\u00e9mico con otras universidades del pa\u00eds o del extranjero con las que se tenga convenio y de acuerdo a los lineamientos, pol\u00edticas y procedimientos establecidos por la universidad.<\/p><p>Conoce sobre el procedimiento para el\u00a0<em><a href=\"https:\/\/www.loyola.edu.mx\/?page_id=4394\" target=\"_blank\" rel=\"noopener\"><span style=\"color: #165788;\">Intercambio Acad\u00e9mico<\/span><\/a><\/em>.<\/p>\t\t\t\t\t\t\t\t<\/div>\n\t\t\t\t<\/div>\n\t\t\t\t<div class=\"elementor-element elementor-element-76fb0df elementor-widget elementor-widget-text-editor\" data-id=\"76fb0df\" data-element_type=\"widget\" data-e-type=\"widget\" data-widget_type=\"text-editor.default\">\n\t\t\t\t<div class=\"elementor-widget-container\">\n\t\t\t\t\t\t\t\t\t<p><span style=\"color: #165788;\"><b>Seguro M\u00e9dico<\/b><\/span><\/p><p>Durante el semestre vigente, las y los estudiantes est\u00e1n amparados por una p\u00f3liza de seguro en caso de accidentes escolares, durante su permanencia en el campus as\u00ed como en actividades organizadas y supervisadas por la Direcci\u00f3n General Acad\u00e9mica.<\/p><p>Conoce m\u00e1s del\u00a0<em><a href=\"https:\/\/www.loyola.edu.mx\/?page_id=4389\" target=\"_blank\" rel=\"noopener\"><span style=\"color: #165788;\">Seguro M\u00e9dico<\/span><\/a><\/em>.\u00a0<\/p>\t\t\t\t\t\t\t\t<\/div>\n\t\t\t\t<\/div>\n\t\t\t\t<div class=\"elementor-element elementor-element-e7c576a elementor-widget elementor-widget-text-editor\" data-id=\"e7c576a\" data-element_type=\"widget\" data-e-type=\"widget\" data-widget_type=\"text-editor.default\">\n\t\t\t\t<div class=\"elementor-widget-container\">\n\t\t\t\t\t\t\t\t\t<p><span style=\"color: #165788;\"><b>Transporte escolar<\/b><\/span><\/p><p>Como apoyo al traslado, las y los estudiantes pueden hacer uso del transporte escolar para llegar al\u00a0<span style=\"color: #165788;\"><em><a style=\"color: #165788;\" href=\"https:\/\/www.loyola.edu.mx\/?page_id=4325\" target=\"_blank\" rel=\"noopener\">Campus Loyola<\/a><\/em><\/span>. Este transporte maneja horarios que optimizan el servicio.<\/p><p>Conoce m\u00e1s del<em><span style=\"color: #165788;\">\u00a0<\/span><\/em><a href=\"https:\/\/www.loyola.edu.mx\/?page_id=4392\" target=\"_blank\" rel=\"noopener\"><em><span style=\"color: #165788;\">Transporte escolar<\/span><\/em><\/a>.\u00a0<\/p>\t\t\t\t\t\t\t\t<\/div>\n\t\t\t\t<\/div>\n\t\t\t\t\t<\/div>\n\t\t\t\t<\/div>\n\t\t<div class=\"elementor-element elementor-element-ea12cc2 e-grid e-con-boxed e-con e-parent\" data-id=\"ea12cc2\" data-element_type=\"container\" data-e-type=\"container\">\n\t\t\t\t\t<div class=\"e-con-inner\">\n\t\t\t\t<div class=\"elementor-element elementor-element-5dbce1d elementor-widget elementor-widget-text-editor\" data-id=\"5dbce1d\" data-element_type=\"widget\" data-e-type=\"widget\" data-widget_type=\"text-editor.default\">\n\t\t\t\t<div class=\"elementor-widget-container\">\n\t\t\t\t\t\t\t\t\t<p>Pide informes en <em><span style=\"color: #165788;\"><a style=\"color: #165788;\" href=\"https:\/\/www.loyola.edu.mx\/?page_id=5603\" target=\"_blank\" rel=\"noopener\">Admisiones Licenciatura<\/a><\/span><\/em>.<\/p>\t\t\t\t\t\t\t\t<\/div>\n\t\t\t\t<\/div>\n\t\t\t\t<div class=\"elementor-element elementor-element-333a1e1 elementor-widget elementor-widget-text-editor\" data-id=\"333a1e1\" data-element_type=\"widget\" data-e-type=\"widget\" data-widget_type=\"text-editor.default\">\n\t\t\t\t<div class=\"elementor-widget-container\">\n\t\t\t\t\t\t\t\t\t<p>Revisa la\u00a0<a href=\"https:\/\/www.loyola.edu.mx\/?page_id=4356\" target=\"_blank\" rel=\"noopener\"><em><span style=\"color: #165788;\">Convocatoria a Becas Licenciatura<\/span><\/em><\/a>.<\/p>\t\t\t\t\t\t\t\t<\/div>\n\t\t\t\t<\/div>\n\t\t\t\t\t<\/div>\n\t\t\t\t<\/div>\n\t\t<div class=\"elementor-element elementor-element-4084bb2 e-grid e-con-boxed e-con e-parent\" data-id=\"4084bb2\" data-element_type=\"container\" data-e-type=\"container\">\n\t\t\t\t\t<div class=\"e-con-inner\">\n\t\t<div class=\"elementor-element elementor-element-08c6249 e-grid e-con-full e-con e-child\" data-id=\"08c6249\" data-element_type=\"container\" data-e-type=\"container\">\n\t\t\t\t<div class=\"elementor-element elementor-element-ef8fe9c elementor-widget__width-initial elementor-widget elementor-widget-heading\" data-id=\"ef8fe9c\" data-element_type=\"widget\" data-e-type=\"widget\" data-widget_type=\"heading.default\">\n\t\t\t\t<div class=\"elementor-widget-container\">\n\t\t\t\t\t<h2 class=\"elementor-heading-title elementor-size-default\"><a href=\"https:\/\/www.loyola.edu.mx\/wp-content\/uploads\/2025\/07\/Folleto_CADS_Web.pdf\" target=\"_blank\">Descarga aqu\u00ed el folleto de Ciencias Ambientales y Desarrollo Sustentable<\/a><\/h2>\t\t\t\t<\/div>\n\t\t\t\t<\/div>\n\t\t\t\t<\/div>\n\t\t\t\t\t<\/div>\n\t\t\t\t<\/div>\n\t\t<div class=\"elementor-element elementor-element-5bf7c57 e-grid e-con-boxed e-con e-parent\" data-id=\"5bf7c57\" data-element_type=\"container\" data-e-type=\"container\">\n\t\t\t\t\t<div class=\"e-con-inner\">\n\t\t\t\t<div class=\"elementor-element elementor-element-a57c677 elementor-widget elementor-widget-text-editor\" data-id=\"a57c677\" data-element_type=\"widget\" data-e-type=\"widget\" data-widget_type=\"text-editor.default\">\n\t\t\t\t<div class=\"elementor-widget-container\">\n\t\t\t\t\t\t\t\t\t<p><strong><span style=\"font-size: 14pt;\"><span style=\"font-size: 12pt;\">Ciencias Ambientales y Desarrollo Sustentable<\/span><\/span><\/strong><\/p><ul><li style=\"text-align: left;\"><span style=\"font-size: 12pt;\">Plan de estudios Semestral con Reconocimiento de Validez Oficial de la Secretar\u00eda de Educaci\u00f3n P\u00fablica.<\/span><\/li><li style=\"text-align: left;\"><span style=\"font-size: 12pt;\">N\u00famero de Acuerdo: 20121955.<\/span><\/li><li style=\"text-align: left;\"><span style=\"font-size: 12pt;\">Fecha de incorporaci\u00f3n: 26\/09\/2012.<\/span><\/li><li style=\"text-align: left;\"><span style=\"font-size: 12pt;\">Modalidad: Escolarizada.<\/span><\/li><li style=\"text-align: left;\"><span style=\"font-size: 12pt;\">Clave de Centro de Trabajo (CCT): 12PSU0021D.<\/span><\/li><\/ul>\t\t\t\t\t\t\t\t<\/div>\n\t\t\t\t<\/div>\n\t\t\t\t\t<\/div>\n\t\t\t\t<\/div>\n\t\t\t\t<\/div>\n\t\t","protected":false},"excerpt":{"rendered":"<p>\u00a0 Experiencia Loyola La Licenciatura en Ciencias Ambientales y Desarrollo Sustentable ofrece un plan de estudios bajo el modelo por competencias en el que las experiencias se encuentran centradas en ti para: Formar l\u00edderes creadores de proyectos que promuevan la soluci\u00f3n de problemas ambientales para lograr un bienestar social, mediante la inducci\u00f3n de conocimiento en [&hellip;]<\/p>\n","protected":false},"author":1,"featured_media":0,"parent":0,"menu_order":0,"comment_status":"closed","ping_status":"closed","template":"template-home.php","meta":{"footnotes":"","_elementor_edit_mode":"builder","_elementor_template_type":"wp-page","_elementor_data":"[{\"id\":\"9985acd\",\"elType\":\"container\",\"settings\":[],\"elements\":[{\"id\":\"20780c2\",\"elType\":\"widget\",\"settings\":{\"content_width\":\"full\",\"editor\":\"<p>\\u00a0<\\\/p><p><span style=\\\"color: #165788;\\\"><b>Experiencia Loyola<\\\/b><\\\/span><\\\/p><p>La Licenciatura en <span style=\\\"color: #165788;\\\"><b>Ciencias Ambientales y Desarrollo Sustentable<\\\/b><\\\/span> ofrece un plan de estudios bajo el modelo por competencias en el que las experiencias se encuentran centradas en ti para:<\\\/p><ul><li>Formar l\\u00edderes creadores de proyectos que promuevan la soluci\\u00f3n de problemas ambientales para lograr un bienestar social, mediante la inducci\\u00f3n de conocimiento en manejo de recursos humanos, pol\\u00edticas p\\u00fablicas en materia ambiental, tecnolog\\u00edas renovables, manejo de residuos y evaluaci\\u00f3n del impacto ambiental, entre otras.<\\\/li><li>Analizar y medir el impacto del hombre en la naturaleza, as\\u00ed como su deterioro natural. Se examinan y proponen programas y proyectos ambientales que garanticen el equilibrio, la protecci\\u00f3n y preservaci\\u00f3n de las especies.<\\\/li><li>Adquirir conocimientos de nuevas tecnolog\\u00edas renovables y desarrollar habilidades como trabajo en equipo y una visi\\u00f3n estrat\\u00e9gica para emprender proyectos ambientales propios.<\\\/li><\\\/ul>\"},\"elements\":[],\"widgetType\":\"text-editor\"}],\"isInner\":false},{\"id\":\"d24520b\",\"elType\":\"container\",\"settings\":[],\"elements\":[{\"id\":\"dc25a78\",\"elType\":\"widget\",\"settings\":{\"content_width\":\"full\",\"editor\":\"<p><span style=\\\"color: #165788;\\\"><b>Ciencias Ambientales y Desarrollo Sustentable es para ti<\\\/b><\\\/span><\\\/p><p>Si te gusta:<\\\/p><ul><li>Conocer la ciencia y la tecnolog\\u00eda.<\\\/li><li>Propiciar el cuidado y protecci\\u00f3n del medio ambiente.<\\\/li><li>Fomentar el buen manejo de recursos naturales.<\\\/li><li>Encontrar soluciones.<\\\/li><li>Organizar y dirigir equipos de trabajo<\\\/li><li>Tener disposici\\u00f3n y facilidad para acceder a estudios y pr\\u00e1cticas relacionadas con la gesti\\u00f3n de planes de desarrollo regional y de participaci\\u00f3n social con criterios de sustentabilidad.<\\\/li><li>Generar y promover proyectos de dise\\u00f1o e implementaci\\u00f3n de pol\\u00edticas p\\u00fablicas que regulen la explotaci\\u00f3n, conservaci\\u00f3n y restauraci\\u00f3n ecol\\u00f3gica as\\u00ed como el manejo integral de los recursos naturales, promoviendo la aplicaci\\u00f3n de tecnolog\\u00edas alternativas.<\\\/li><\\\/ul>\"},\"elements\":[],\"widgetType\":\"text-editor\"}],\"isInner\":false},{\"id\":\"cff369b\",\"elType\":\"container\",\"settings\":[],\"elements\":[{\"id\":\"dc7e421\",\"elType\":\"widget\",\"settings\":{\"content_width\":\"full\",\"editor\":\"<p><span style=\\\"color: #165788;\\\"><b>Inspiraci\\u00f3n sin Fronteras<\\\/b><\\\/span><\\\/p><p>Se desarrollan las siguientes competencias:<\\\/p><ul><li>Dise\\u00f1ar planes de gesti\\u00f3n, protecci\\u00f3n y conservaci\\u00f3n de flora y fauna silvestres.<\\\/li><li>Implementar tecnolog\\u00edas renovables.<\\\/li><li>Dise\\u00f1ar pol\\u00edticas p\\u00fablicas y privadas de conservaci\\u00f3n y protecci\\u00f3n ambiental.<\\\/li><li>Elaborar programas de educaci\\u00f3n ambiental para la sustentabilidad.<\\\/li><li>Conservar, preservar y restaurar ecosistemas.<\\\/li><li>Generar proyecto de desarrollo ecotur\\u00edstico.<\\\/li><li>Generar proyectos de ordenamiento ecol\\u00f3gico territorial.<\\\/li><li>Desarrollo y gesti\\u00f3n de energ\\u00edas alternativas.<\\\/li><li>Desarrollo regional basado en pol\\u00edticas p\\u00fablicas para la sustentabilidad.<\\\/li><li>Gesti\\u00f3n de modelos de intervenci\\u00f3n tecnol\\u00f3gica, social, econ\\u00f3mica y pol\\u00edtica sobre problemas ambientales.<\\\/li><li>Gesti\\u00f3n de programas y proyectos ambientales para la sustentabilidad.<\\\/li><li>Emprendimiento de programas sustentables que consideren la construcci\\u00f3n de alternativas integrando saberes tradicionales, cient\\u00edficos y tecnol\\u00f3gicos.<\\\/li><\\\/ul>\"},\"elements\":[],\"widgetType\":\"text-editor\"}],\"isInner\":false},{\"id\":\"db7e083\",\"elType\":\"container\",\"settings\":[],\"elements\":[{\"id\":\"48c4ba3\",\"elType\":\"widget\",\"settings\":{\"content_width\":\"full\",\"editor\":\"<p><span style=\\\"color: #165788;\\\"><b>Vida profesional<\\\/b><\\\/span><\\\/p><p>Con la Licenciatura en <span style=\\\"color: #165788;\\\"><b>Ciencias Ambientales y Desarrollo Sustentable<\\\/b><\\\/span> te podr\\u00e1s desempe\\u00f1ar en las \\u00e1reas del sector p\\u00fablico o privado relacionadas con el medio ambiente, ya sea a nivel nacional e internacional. Como empresario o asesor, as\\u00ed como en instituciones de investigaci\\u00f3n cient\\u00edfica y de educaci\\u00f3n superior, en organizaciones de la sociedad civil o en el sector productivo tecnol\\u00f3gico.<\\\/p>\"},\"elements\":[],\"widgetType\":\"text-editor\"}],\"isInner\":false},{\"id\":\"361741b\",\"elType\":\"container\",\"settings\":{\"container_type\":\"grid\",\"grid_columns_grid\":{\"unit\":\"fr\",\"size\":\"3\"},\"grid_rows_grid\":{\"unit\":\"fr\",\"size\":\"1\"},\"grid_rows_grid_mobile\":{\"unit\":\"fr\",\"size\":\"1\"}},\"elements\":[{\"id\":\"30ddae7\",\"elType\":\"widget\",\"settings\":{\"content_width\":\"full\",\"editor\":\"<p><span style=\\\"color: #165788;\\\"><b>Intercambio Acad\\u00e9mico<\\\/b><\\\/span><\\\/p><p>Siendo parte de la comunidad Loyola es posible gozar de intercambio acad\\u00e9mico con otras universidades del pa\\u00eds o del extranjero con las que se tenga convenio y de acuerdo a los lineamientos, pol\\u00edticas y procedimientos establecidos por la universidad.<\\\/p><p>Conoce sobre el procedimiento para el\\u00a0<em><a href=\\\"https:\\\/\\\/www.loyola.edu.mx\\\/?page_id=4394\\\" target=\\\"_blank\\\" rel=\\\"noopener\\\"><span style=\\\"color: #165788;\\\">Intercambio Acad\\u00e9mico<\\\/span><\\\/a><\\\/em>.<\\\/p>\"},\"elements\":[],\"widgetType\":\"text-editor\"},{\"id\":\"76fb0df\",\"elType\":\"widget\",\"settings\":{\"content_width\":\"full\",\"editor\":\"<p><span style=\\\"color: #165788;\\\"><b>Seguro M\\u00e9dico<\\\/b><\\\/span><\\\/p><p>Durante el semestre vigente, las y los estudiantes est\\u00e1n amparados por una p\\u00f3liza de seguro en caso de accidentes escolares, durante su permanencia en el campus as\\u00ed como en actividades organizadas y supervisadas por la Direcci\\u00f3n General Acad\\u00e9mica.<\\\/p><p>Conoce m\\u00e1s del\\u00a0<em><a href=\\\"https:\\\/\\\/www.loyola.edu.mx\\\/?page_id=4389\\\" target=\\\"_blank\\\" rel=\\\"noopener\\\"><span style=\\\"color: #165788;\\\">Seguro M\\u00e9dico<\\\/span><\\\/a><\\\/em>.\\u00a0<\\\/p>\"},\"elements\":[],\"widgetType\":\"text-editor\"},{\"id\":\"e7c576a\",\"elType\":\"widget\",\"settings\":{\"content_width\":\"full\",\"editor\":\"<p><span style=\\\"color: #165788;\\\"><b>Transporte escolar<\\\/b><\\\/span><\\\/p><p>Como apoyo al traslado, las y los estudiantes pueden hacer uso del transporte escolar para llegar al\\u00a0<span style=\\\"color: #165788;\\\"><em><a style=\\\"color: #165788;\\\" href=\\\"https:\\\/\\\/www.loyola.edu.mx\\\/?page_id=4325\\\" target=\\\"_blank\\\" rel=\\\"noopener\\\">Campus Loyola<\\\/a><\\\/em><\\\/span>. Este transporte maneja horarios que optimizan el servicio.<\\\/p><p>Conoce m\\u00e1s del<em><span style=\\\"color: #165788;\\\">\\u00a0<\\\/span><\\\/em><a href=\\\"https:\\\/\\\/www.loyola.edu.mx\\\/?page_id=4392\\\" target=\\\"_blank\\\" rel=\\\"noopener\\\"><em><span style=\\\"color: #165788;\\\">Transporte escolar<\\\/span><\\\/em><\\\/a>.\\u00a0<\\\/p>\"},\"elements\":[],\"widgetType\":\"text-editor\"}],\"isInner\":false},{\"id\":\"ea12cc2\",\"elType\":\"container\",\"settings\":{\"container_type\":\"grid\",\"grid_columns_grid\":{\"unit\":\"fr\",\"size\":\"2\"},\"grid_rows_grid\":{\"unit\":\"fr\",\"size\":\"1\"},\"grid_rows_grid_mobile\":{\"unit\":\"fr\",\"size\":\"1\"}},\"elements\":[{\"id\":\"5dbce1d\",\"elType\":\"widget\",\"settings\":{\"content_width\":\"full\",\"editor\":\"<p>Pide informes en <em><span style=\\\"color: #165788;\\\"><a style=\\\"color: #165788;\\\" href=\\\"https:\\\/\\\/www.loyola.edu.mx\\\/?page_id=5603\\\" target=\\\"_blank\\\" rel=\\\"noopener\\\">Admisiones Licenciatura<\\\/a><\\\/span><\\\/em>.<\\\/p>\"},\"elements\":[],\"widgetType\":\"text-editor\"},{\"id\":\"333a1e1\",\"elType\":\"widget\",\"settings\":{\"content_width\":\"full\",\"editor\":\"<p>Revisa la\\u00a0<a href=\\\"https:\\\/\\\/www.loyola.edu.mx\\\/?page_id=4356\\\" target=\\\"_blank\\\" rel=\\\"noopener\\\"><em><span style=\\\"color: #165788;\\\">Convocatoria a Becas Licenciatura<\\\/span><\\\/em><\\\/a>.<\\\/p>\"},\"elements\":[],\"widgetType\":\"text-editor\"}],\"isInner\":false},{\"id\":\"4084bb2\",\"elType\":\"container\",\"settings\":{\"container_type\":\"grid\",\"grid_columns_grid\":{\"unit\":\"fr\",\"size\":1},\"grid_rows_grid\":{\"unit\":\"fr\",\"size\":\"1\"},\"grid_rows_grid_mobile\":{\"unit\":\"fr\",\"size\":\"1\"}},\"elements\":[{\"id\":\"08c6249\",\"elType\":\"container\",\"settings\":{\"container_type\":\"grid\",\"grid_columns_grid\":{\"unit\":\"fr\",\"size\":1},\"grid_rows_grid\":{\"unit\":\"fr\",\"size\":\"1\"},\"grid_rows_grid_mobile\":{\"unit\":\"fr\",\"size\":\"1\"},\"content_width\":\"full\",\"grid_justify_items\":\"center\",\"grid_align_items\":\"center\"},\"elements\":[{\"id\":\"ef8fe9c\",\"elType\":\"widget\",\"settings\":{\"title\":\"Descarga aqu\\u00ed el folleto de Ciencias Ambientales y Desarrollo Sustentable\",\"align\":\"center\",\"title_color\":\"#FFFFFF\",\"typography_typography\":\"custom\",\"typography_font_family\":\"Montserrat\",\"typography_font_size\":{\"unit\":\"px\",\"size\":36,\"sizes\":[]},\"typography_font_weight\":\"700\",\"_padding\":{\"unit\":\"px\",\"top\":\"15\",\"right\":\"15\",\"bottom\":\"15\",\"left\":\"15\",\"isLinked\":true},\"_element_width\":\"initial\",\"_element_custom_width\":{\"unit\":\"%\",\"size\":70,\"sizes\":[]},\"_flex_align_self\":\"center\",\"_box_shadow_box_shadow_type\":\"yes\",\"link\":{\"url\":\"https:\\\/\\\/www.loyola.edu.mx\\\/wp-content\\\/uploads\\\/2025\\\/07\\\/Folleto_CADS_Web.pdf\",\"is_external\":\"on\",\"nofollow\":\"\",\"custom_attributes\":\"\"},\"_background_background\":\"gradient\",\"_background_color\":\"#00338D\",\"_background_color_b\":\"#00A1DE\",\"content_width\":\"full\"},\"elements\":[],\"widgetType\":\"heading\"}],\"isInner\":true}],\"isInner\":false},{\"id\":\"5bf7c57\",\"elType\":\"container\",\"settings\":{\"container_type\":\"grid\",\"grid_columns_grid\":{\"unit\":\"fr\",\"size\":1},\"grid_rows_grid\":{\"unit\":\"fr\",\"size\":\"1\"},\"grid_rows_grid_mobile\":{\"unit\":\"fr\",\"size\":\"1\"}},\"elements\":[{\"id\":\"a57c677\",\"elType\":\"widget\",\"settings\":{\"content_width\":\"full\",\"editor\":\"<p><strong><span style=\\\"font-size: 14pt;\\\"><span style=\\\"font-size: 12pt;\\\">Ciencias Ambientales y Desarrollo Sustentable<\\\/span><\\\/span><\\\/strong><\\\/p><ul><li style=\\\"text-align: left;\\\"><span style=\\\"font-size: 12pt;\\\">Plan de estudios Semestral con Reconocimiento de Validez Oficial de la Secretar\\u00eda de Educaci\\u00f3n P\\u00fablica.<\\\/span><\\\/li><li style=\\\"text-align: left;\\\"><span style=\\\"font-size: 12pt;\\\">N\\u00famero de Acuerdo: 20121955.<\\\/span><\\\/li><li style=\\\"text-align: left;\\\"><span style=\\\"font-size: 12pt;\\\">Fecha de incorporaci\\u00f3n: 26\\\/09\\\/2012.<\\\/span><\\\/li><li style=\\\"text-align: left;\\\"><span style=\\\"font-size: 12pt;\\\">Modalidad: Escolarizada.<\\\/span><\\\/li><li style=\\\"text-align: left;\\\"><span style=\\\"font-size: 12pt;\\\">Clave de Centro de Trabajo (CCT): 12PSU0021D.<\\\/span><\\\/li><\\\/ul>\",\"_margin\":{\"unit\":\"px\",\"top\":\"0\",\"right\":\"0\",\"bottom\":\"0\",\"left\":\"0\",\"isLinked\":true},\"_border_border\":\"none\",\"_border_color\":\"#020101\",\"_border_radius\":{\"unit\":\"px\",\"top\":\"0\",\"right\":\"0\",\"bottom\":\"0\",\"left\":\"0\",\"isLinked\":true},\"_box_shadow_box_shadow_type\":\"yes\",\"_box_shadow_box_shadow\":{\"horizontal\":0,\"vertical\":0,\"blur\":0,\"spread\":0,\"color\":\"#000000\"},\"_box_shadow_box_shadow_position\":\"inset\"},\"elements\":[],\"widgetType\":\"text-editor\"}],\"isInner\":false}]","_elementor_page_settings":null},"class_list":["post-5795","page","type-page","status-publish","hentry"],"_links":{"self":[{"href":"https:\/\/www.loyola.edu.mx\/index.php?rest_route=\/wp\/v2\/pages\/5795","targetHints":{"allow":["GET"]}}],"collection":[{"href":"https:\/\/www.loyola.edu.mx\/index.php?rest_route=\/wp\/v2\/pages"}],"about":[{"href":"https:\/\/www.loyola.edu.mx\/index.php?rest_route=\/wp\/v2\/types\/page"}],"author":[{"embeddable":true,"href":"https:\/\/www.loyola.edu.mx\/index.php?rest_route=\/wp\/v2\/users\/1"}],"replies":[{"embeddable":true,"href":"https:\/\/www.loyola.edu.mx\/index.php?rest_route=%2Fwp%2Fv2%2Fcomments&post=5795"}],"version-history":[{"count":17,"href":"https:\/\/www.loyola.edu.mx\/index.php?rest_route=\/wp\/v2\/pages\/5795\/revisions"}],"predecessor-version":[{"id":9364,"href":"https:\/\/www.loyola.edu.mx\/index.php?rest_route=\/wp\/v2\/pages\/5795\/revisions\/9364"}],"wp:attachment":[{"href":"https:\/\/www.loyola.edu.mx\/index.php?rest_route=%2Fwp%2Fv2%2Fmedia&parent=5795"}],"curies":[{"name":"wp","href":"https:\/\/api.w.org\/{rel}","templated":true}]}}