{"id":5799,"date":"2024-10-05T06:59:37","date_gmt":"2024-10-05T06:59:37","guid":{"rendered":"https:\/\/www.loyola.edu.mx\/?page_id=5799"},"modified":"2025-07-18T17:45:38","modified_gmt":"2025-07-18T17:45:38","slug":"derecho","status":"publish","type":"page","link":"https:\/\/www.loyola.edu.mx\/?page_id=5799","title":{"rendered":"Derecho"},"content":{"rendered":"\t\t<div data-elementor-type=\"wp-page\" data-elementor-id=\"5799\" class=\"elementor elementor-5799\">\n\t\t\t\t<div class=\"elementor-element elementor-element-dba5e1d e-flex e-con-boxed e-con e-parent\" data-id=\"dba5e1d\" data-element_type=\"container\" data-e-type=\"container\">\n\t\t\t\t\t<div class=\"e-con-inner\">\n\t\t\t\t<div class=\"elementor-element elementor-element-3a444b8 elementor-widget elementor-widget-text-editor\" data-id=\"3a444b8\" data-element_type=\"widget\" data-e-type=\"widget\" data-widget_type=\"text-editor.default\">\n\t\t\t\t<div class=\"elementor-widget-container\">\n\t\t\t\t\t\t\t\t\t<p>\u00a0<\/p><p><span style=\"color: #165788;\"><b>Experiencia Loyola<\/b><\/span><\/p><p>La Licenciatura en <b><span style=\"color: #165788;\">Derecho<\/span> <\/b>ofrece un plan de estudios bajo el modelo por competencias en el que las experiencias se encuentran centradas en ti para:<\/p><ul><li>Aplicar tus conocimientos y habilidades jur\u00eddicas en diferentes situaciones de conflicto en la sociedad, desde una visi\u00f3n \u00e9tica y responsable.<\/li><li>Diagnosticar problemas jur\u00eddicos de forma anal\u00edtica y proponer alternativas de soluci\u00f3n en conformidad con el marco jur\u00eddico vigente en el \u00e1mbito nacional e internacional.<\/li><li>Analizar los cambios pol\u00edticos, econ\u00f3micos, sociales, culturales y jur\u00eddicos del Sistema Mexicano de Seguridad y Justicia para la vigencia del estado democr\u00e1tico, mismo que permite comprender la realidad actual mediante el estudio y conocimiento de las leyes, de la historia y del contexto social de M\u00e9xico para escuchar las necesidades de quienes te consultan y de tu entorno.<\/li><\/ul>\t\t\t\t\t\t\t\t<\/div>\n\t\t\t\t<\/div>\n\t\t\t\t\t<\/div>\n\t\t\t\t<\/div>\n\t\t<div class=\"elementor-element elementor-element-36569e5 e-flex e-con-boxed e-con e-parent\" data-id=\"36569e5\" data-element_type=\"container\" data-e-type=\"container\">\n\t\t\t\t\t<div class=\"e-con-inner\">\n\t\t\t\t<div class=\"elementor-element elementor-element-39b8d8a elementor-widget elementor-widget-text-editor\" data-id=\"39b8d8a\" data-element_type=\"widget\" data-e-type=\"widget\" data-widget_type=\"text-editor.default\">\n\t\t\t\t<div class=\"elementor-widget-container\">\n\t\t\t\t\t\t\t\t\t<p><span style=\"color: #165788;\"><b>Derecho es para ti<\/b><\/span><\/p><p>Si te gusta:<\/p><ul><li>Analizar y argumentar.<\/li><li>Negociar.<\/li><li>Fomentar la equidad y la justicia.<\/li><li>Comprometerse y fomentar la equidad y la justicia para el mejoramiento de la comunidad.<\/li><li>Ser l\u00edder de opini\u00f3n.<\/li><li>Trabajar en equipo.<\/li><\/ul>\t\t\t\t\t\t\t\t<\/div>\n\t\t\t\t<\/div>\n\t\t\t\t\t<\/div>\n\t\t\t\t<\/div>\n\t\t<div class=\"elementor-element elementor-element-13a000e e-flex e-con-boxed e-con e-parent\" data-id=\"13a000e\" data-element_type=\"container\" data-e-type=\"container\">\n\t\t\t\t\t<div class=\"e-con-inner\">\n\t\t\t\t<div class=\"elementor-element elementor-element-e65beb6 elementor-widget elementor-widget-text-editor\" data-id=\"e65beb6\" data-element_type=\"widget\" data-e-type=\"widget\" data-widget_type=\"text-editor.default\">\n\t\t\t\t<div class=\"elementor-widget-container\">\n\t\t\t\t\t\t\t\t\t<p><span style=\"color: #165788;\"><b>Inspiraci\u00f3n sin Fronteras<\/b><\/span><\/p><p>Se desarrollan las siguientes competencias:<\/p><ul><li>Diagnosticar los problemas jur\u00eddicos en el \u00e1mbito regional, nacional e internacional.<\/li><li>Aplicar criterios de investigaci\u00f3n cient\u00edfica en su actividad profesional.<\/li><li>Concebir alternativas de soluci\u00f3n de acuerdo al margen jur\u00eddico vigente comprendiendo los distintos puntos de vista.<\/li><li>Redactar textos y expresarse oralmente en un lenguaje fluido y t\u00e9cnico, usando t\u00e9rminos jur\u00eddicos precisos y claros.<\/li><li>Razonar, interpretar y Argumentar jur\u00eddicamente desde una perspectiva jur\u00eddica y con un enfoque humanista e interdisciplinario.<\/li><li>Considerar la pertinencia del uso de medios alternativos en la soluci\u00f3n de conflictos.<\/li><li>Actuar de manera conciliadora y mediadora con las partes, en los problemas jur\u00eddicos que se enfrentan, logrando con ello una justicia restaurativa.<\/li><li>Utilizar las herramientas tecnol\u00f3gicas jur\u00eddicas, como apoyo en la soluci\u00f3n eficaz de los conflictos jur\u00eddicos.<\/li><li>Actuar como promotor de la justicia social, el bien com\u00fan, la equidad y la seguridad jur\u00eddica, con la finalidad de luchar por un Estado de Derecho.<\/li><\/ul>\t\t\t\t\t\t\t\t<\/div>\n\t\t\t\t<\/div>\n\t\t\t\t\t<\/div>\n\t\t\t\t<\/div>\n\t\t<div class=\"elementor-element elementor-element-7a509fb e-flex e-con-boxed e-con e-parent\" data-id=\"7a509fb\" data-element_type=\"container\" data-e-type=\"container\">\n\t\t\t\t\t<div class=\"e-con-inner\">\n\t\t\t\t<div class=\"elementor-element elementor-element-c1fe46c elementor-widget elementor-widget-text-editor\" data-id=\"c1fe46c\" data-element_type=\"widget\" data-e-type=\"widget\" data-widget_type=\"text-editor.default\">\n\t\t\t\t<div class=\"elementor-widget-container\">\n\t\t\t\t\t\t\t\t\t<p><span style=\"color: #165788;\"><b>Vida profesional<\/b><\/span><\/p><p>Con la Licenciatura en <b>Derecho <\/b>podr\u00e1s desempe\u00f1arte en las \u00e1reas del sector p\u00fablico o privado como asesor, consultor jur\u00eddico o representante legal, asesor jur\u00eddico de funcionarios en los tres niveles de gobierno, as\u00ed mismo siendo capacitador, docente o investigador, int\u00e9rprete legal o agente diplom\u00e1tico o bien como empresario con su propio bufete o despacho de abogados.<\/p>\t\t\t\t\t\t\t\t<\/div>\n\t\t\t\t<\/div>\n\t\t\t\t\t<\/div>\n\t\t\t\t<\/div>\n\t\t<div class=\"elementor-element elementor-element-dfca575 e-grid e-con-boxed e-con e-parent\" data-id=\"dfca575\" data-element_type=\"container\" data-e-type=\"container\">\n\t\t\t\t\t<div class=\"e-con-inner\">\n\t\t\t\t<div class=\"elementor-element elementor-element-f3477b3 elementor-widget elementor-widget-text-editor\" data-id=\"f3477b3\" data-element_type=\"widget\" data-e-type=\"widget\" data-widget_type=\"text-editor.default\">\n\t\t\t\t<div class=\"elementor-widget-container\">\n\t\t\t\t\t\t\t\t\t<p><span style=\"color: #165788;\"><b>Intercambio Acad\u00e9mico<\/b><\/span><\/p><p>Siendo parte de la comunidad Loyola es posible gozar de intercambio acad\u00e9mico con otras universidades del pa\u00eds o del extranjero con las que se tenga convenio y de acuerdo a los lineamientos, pol\u00edticas y procedimientos establecidos por la universidad.<\/p><p>Conoce sobre el procedimiento para el\u00a0<em><a href=\"https:\/\/www.loyola.edu.mx\/?page_id=4394\" target=\"_blank\" rel=\"noopener\"><span style=\"color: #165788;\">Intercambio Acad\u00e9mico<\/span><\/a><\/em>.<\/p>\t\t\t\t\t\t\t\t<\/div>\n\t\t\t\t<\/div>\n\t\t\t\t<div class=\"elementor-element elementor-element-0e21a04 elementor-widget elementor-widget-text-editor\" data-id=\"0e21a04\" data-element_type=\"widget\" data-e-type=\"widget\" data-widget_type=\"text-editor.default\">\n\t\t\t\t<div class=\"elementor-widget-container\">\n\t\t\t\t\t\t\t\t\t<p><span style=\"color: #165788;\"><b>Seguro M\u00e9dico<\/b><\/span><\/p><p>Durante el semestre vigente, las y los estudiantes est\u00e1n amparados por una p\u00f3liza de seguro en caso de accidentes escolares, durante su permanencia en el campus as\u00ed como en actividades organizadas y supervisadas por la Direcci\u00f3n General Acad\u00e9mica.<\/p><p>Conoce m\u00e1s del\u00a0<em><a href=\"https:\/\/www.loyola.edu.mx\/?page_id=4389\" target=\"_blank\" rel=\"noopener\"><span style=\"color: #165788;\">Seguro M\u00e9dico<\/span><\/a><\/em>.\u00a0<\/p>\t\t\t\t\t\t\t\t<\/div>\n\t\t\t\t<\/div>\n\t\t\t\t<div class=\"elementor-element elementor-element-d6b6f05 elementor-widget elementor-widget-text-editor\" data-id=\"d6b6f05\" data-element_type=\"widget\" data-e-type=\"widget\" data-widget_type=\"text-editor.default\">\n\t\t\t\t<div class=\"elementor-widget-container\">\n\t\t\t\t\t\t\t\t\t<p><span style=\"color: #165788;\"><b>Transporte escolar<\/b><\/span><\/p><p>Como apoyo al traslado, las y los estudiantes pueden hacer uso del transporte escolar para llegar al\u00a0<span style=\"color: #165788;\"><em><a style=\"color: #165788;\" href=\"https:\/\/www.loyola.edu.mx\/?page_id=4325\" target=\"_blank\" rel=\"noopener\">Campus Loyola<\/a><\/em><\/span>. Este transporte maneja horarios que optimizan el servicio.<\/p><p>Conoce m\u00e1s del<em><span style=\"color: #165788;\">\u00a0<\/span><\/em><a href=\"https:\/\/www.loyola.edu.mx\/?page_id=4392\" target=\"_blank\" rel=\"noopener\"><em><span style=\"color: #165788;\">Transporte escolar<\/span><\/em><\/a>.\u00a0<\/p>\t\t\t\t\t\t\t\t<\/div>\n\t\t\t\t<\/div>\n\t\t\t\t\t<\/div>\n\t\t\t\t<\/div>\n\t\t<div class=\"elementor-element elementor-element-9121769 e-grid e-con-boxed e-con e-parent\" data-id=\"9121769\" data-element_type=\"container\" data-e-type=\"container\">\n\t\t\t\t\t<div class=\"e-con-inner\">\n\t\t\t\t<div class=\"elementor-element elementor-element-60df9e4 elementor-widget elementor-widget-text-editor\" data-id=\"60df9e4\" data-element_type=\"widget\" data-e-type=\"widget\" data-widget_type=\"text-editor.default\">\n\t\t\t\t<div class=\"elementor-widget-container\">\n\t\t\t\t\t\t\t\t\t<p>Pide informes en <em><span style=\"color: #165788;\"><a style=\"color: #165788;\" href=\"https:\/\/www.loyola.edu.mx\/?page_id=5603\" target=\"_blank\" rel=\"noopener\">Admisiones Licenciatura<\/a><\/span><\/em>.<\/p>\t\t\t\t\t\t\t\t<\/div>\n\t\t\t\t<\/div>\n\t\t\t\t<div class=\"elementor-element elementor-element-95051cc elementor-widget elementor-widget-text-editor\" data-id=\"95051cc\" data-element_type=\"widget\" data-e-type=\"widget\" data-widget_type=\"text-editor.default\">\n\t\t\t\t<div class=\"elementor-widget-container\">\n\t\t\t\t\t\t\t\t\t<p>Revisa la\u00a0<a href=\"https:\/\/www.loyola.edu.mx\/?page_id=4356\" target=\"_blank\" rel=\"noopener\"><em><span style=\"color: #165788;\">Convocatoria a Becas Licenciatura<\/span><\/em><\/a>.<\/p>\t\t\t\t\t\t\t\t<\/div>\n\t\t\t\t<\/div>\n\t\t\t\t\t<\/div>\n\t\t\t\t<\/div>\n\t\t<div class=\"elementor-element elementor-element-abe5698 e-grid e-con-boxed e-con e-parent\" data-id=\"abe5698\" data-element_type=\"container\" data-e-type=\"container\">\n\t\t\t\t\t<div class=\"e-con-inner\">\n\t\t<div class=\"elementor-element elementor-element-2732023 e-grid e-con-full e-con e-child\" data-id=\"2732023\" data-element_type=\"container\" data-e-type=\"container\">\n\t\t\t\t<div class=\"elementor-element elementor-element-1b124b5 elementor-widget__width-initial elementor-widget elementor-widget-heading\" data-id=\"1b124b5\" data-element_type=\"widget\" data-e-type=\"widget\" data-widget_type=\"heading.default\">\n\t\t\t\t<div class=\"elementor-widget-container\">\n\t\t\t\t\t<h2 class=\"elementor-heading-title elementor-size-default\"><a href=\"https:\/\/www.loyola.edu.mx\/wp-content\/uploads\/2025\/07\/Folleto_Derecho_Web.pdf\" target=\"_blank\">Descarga aqu\u00ed el folleto de Derecho<\/a><\/h2>\t\t\t\t<\/div>\n\t\t\t\t<\/div>\n\t\t\t\t<\/div>\n\t\t\t\t\t<\/div>\n\t\t\t\t<\/div>\n\t\t<div class=\"elementor-element elementor-element-9b78a74 e-grid e-con-boxed e-con e-parent\" data-id=\"9b78a74\" data-element_type=\"container\" data-e-type=\"container\">\n\t\t\t\t\t<div class=\"e-con-inner\">\n\t\t\t\t<div class=\"elementor-element elementor-element-2d4847c elementor-widget elementor-widget-text-editor\" data-id=\"2d4847c\" data-element_type=\"widget\" data-e-type=\"widget\" data-widget_type=\"text-editor.default\">\n\t\t\t\t<div class=\"elementor-widget-container\">\n\t\t\t\t\t\t\t\t\t<p><strong><span style=\"font-size: 14pt;\"><span style=\"font-size: 12pt;\">Derecho<\/span><\/span><\/strong><\/p><ul><li style=\"text-align: left;\"><span style=\"font-size: 12pt;\">Plan de estudios Semestral con Reconocimiento de Validez Oficial de la Secretar\u00eda de Educaci\u00f3n P\u00fablica.<\/span><\/li><li style=\"text-align: left;\"><span style=\"font-size: 12pt;\">N\u00famero de Acuerdo: 942036.<\/span><\/li><li style=\"text-align: left;\"><span style=\"font-size: 12pt;\">Fecha de incorporaci\u00f3n: 14\/07\/1994.<\/span><\/li><li style=\"text-align: left;\"><span style=\"font-size: 12pt;\">Modalidad: Escolarizada.<\/span><\/li><li style=\"text-align: left;\"><span style=\"font-size: 12pt;\">Clave de Centro de Trabajo (CCT): 12PSU0021D.<\/span><\/li><\/ul>\t\t\t\t\t\t\t\t<\/div>\n\t\t\t\t<\/div>\n\t\t\t\t\t<\/div>\n\t\t\t\t<\/div>\n\t\t\t\t<\/div>\n\t\t","protected":false},"excerpt":{"rendered":"<p>\u00a0 Experiencia Loyola La Licenciatura en Derecho ofrece un plan de estudios bajo el modelo por competencias en el que las experiencias se encuentran centradas en ti para: Aplicar tus conocimientos y habilidades jur\u00eddicas en diferentes situaciones de conflicto en la sociedad, desde una visi\u00f3n \u00e9tica y responsable. Diagnosticar problemas jur\u00eddicos de forma anal\u00edtica y [&hellip;]<\/p>\n","protected":false},"author":1,"featured_media":0,"parent":0,"menu_order":0,"comment_status":"closed","ping_status":"closed","template":"template-home.php","meta":{"footnotes":"","_elementor_edit_mode":"builder","_elementor_template_type":"wp-page","_elementor_data":"[{\"id\":\"dba5e1d\",\"elType\":\"container\",\"settings\":[],\"elements\":[{\"id\":\"3a444b8\",\"elType\":\"widget\",\"settings\":{\"content_width\":\"full\",\"editor\":\"<p>\\u00a0<\\\/p><p><span style=\\\"color: #165788;\\\"><b>Experiencia Loyola<\\\/b><\\\/span><\\\/p><p>La Licenciatura en <b><span style=\\\"color: #165788;\\\">Derecho<\\\/span> <\\\/b>ofrece un plan de estudios bajo el modelo por competencias en el que las experiencias se encuentran centradas en ti para:<\\\/p><ul><li>Aplicar tus conocimientos y habilidades jur\\u00eddicas en diferentes situaciones de conflicto en la sociedad, desde una visi\\u00f3n \\u00e9tica y responsable.<\\\/li><li>Diagnosticar problemas jur\\u00eddicos de forma anal\\u00edtica y proponer alternativas de soluci\\u00f3n en conformidad con el marco jur\\u00eddico vigente en el \\u00e1mbito nacional e internacional.<\\\/li><li>Analizar los cambios pol\\u00edticos, econ\\u00f3micos, sociales, culturales y jur\\u00eddicos del Sistema Mexicano de Seguridad y Justicia para la vigencia del estado democr\\u00e1tico, mismo que permite comprender la realidad actual mediante el estudio y conocimiento de las leyes, de la historia y del contexto social de M\\u00e9xico para escuchar las necesidades de quienes te consultan y de tu entorno.<\\\/li><\\\/ul>\"},\"elements\":[],\"widgetType\":\"text-editor\"}],\"isInner\":false},{\"id\":\"36569e5\",\"elType\":\"container\",\"settings\":[],\"elements\":[{\"id\":\"39b8d8a\",\"elType\":\"widget\",\"settings\":{\"content_width\":\"full\",\"editor\":\"<p><span style=\\\"color: #165788;\\\"><b>Derecho es para ti<\\\/b><\\\/span><\\\/p><p>Si te gusta:<\\\/p><ul><li>Analizar y argumentar.<\\\/li><li>Negociar.<\\\/li><li>Fomentar la equidad y la justicia.<\\\/li><li>Comprometerse y fomentar la equidad y la justicia para el mejoramiento de la comunidad.<\\\/li><li>Ser l\\u00edder de opini\\u00f3n.<\\\/li><li>Trabajar en equipo.<\\\/li><\\\/ul>\"},\"elements\":[],\"widgetType\":\"text-editor\"}],\"isInner\":false},{\"id\":\"13a000e\",\"elType\":\"container\",\"settings\":[],\"elements\":[{\"id\":\"e65beb6\",\"elType\":\"widget\",\"settings\":{\"content_width\":\"full\",\"editor\":\"<p><span style=\\\"color: #165788;\\\"><b>Inspiraci\\u00f3n sin Fronteras<\\\/b><\\\/span><\\\/p><p>Se desarrollan las siguientes competencias:<\\\/p><ul><li>Diagnosticar los problemas jur\\u00eddicos en el \\u00e1mbito regional, nacional e internacional.<\\\/li><li>Aplicar criterios de investigaci\\u00f3n cient\\u00edfica en su actividad profesional.<\\\/li><li>Concebir alternativas de soluci\\u00f3n de acuerdo al margen jur\\u00eddico vigente comprendiendo los distintos puntos de vista.<\\\/li><li>Redactar textos y expresarse oralmente en un lenguaje fluido y t\\u00e9cnico, usando t\\u00e9rminos jur\\u00eddicos precisos y claros.<\\\/li><li>Razonar, interpretar y Argumentar jur\\u00eddicamente desde una perspectiva jur\\u00eddica y con un enfoque humanista e interdisciplinario.<\\\/li><li>Considerar la pertinencia del uso de medios alternativos en la soluci\\u00f3n de conflictos.<\\\/li><li>Actuar de manera conciliadora y mediadora con las partes, en los problemas jur\\u00eddicos que se enfrentan, logrando con ello una justicia restaurativa.<\\\/li><li>Utilizar las herramientas tecnol\\u00f3gicas jur\\u00eddicas, como apoyo en la soluci\\u00f3n eficaz de los conflictos jur\\u00eddicos.<\\\/li><li>Actuar como promotor de la justicia social, el bien com\\u00fan, la equidad y la seguridad jur\\u00eddica, con la finalidad de luchar por un Estado de Derecho.<\\\/li><\\\/ul>\"},\"elements\":[],\"widgetType\":\"text-editor\"}],\"isInner\":false},{\"id\":\"7a509fb\",\"elType\":\"container\",\"settings\":[],\"elements\":[{\"id\":\"c1fe46c\",\"elType\":\"widget\",\"settings\":{\"content_width\":\"full\",\"editor\":\"<p><span style=\\\"color: #165788;\\\"><b>Vida profesional<\\\/b><\\\/span><\\\/p><p>Con la Licenciatura en <b>Derecho <\\\/b>podr\\u00e1s desempe\\u00f1arte en las \\u00e1reas del sector p\\u00fablico o privado como asesor, consultor jur\\u00eddico o representante legal, asesor jur\\u00eddico de funcionarios en los tres niveles de gobierno, as\\u00ed mismo siendo capacitador, docente o investigador, int\\u00e9rprete legal o agente diplom\\u00e1tico o bien como empresario con su propio bufete o despacho de abogados.<\\\/p>\"},\"elements\":[],\"widgetType\":\"text-editor\"}],\"isInner\":false},{\"id\":\"dfca575\",\"elType\":\"container\",\"settings\":{\"container_type\":\"grid\",\"grid_columns_grid\":{\"unit\":\"fr\",\"size\":\"3\"},\"grid_rows_grid\":{\"unit\":\"fr\",\"size\":\"1\"},\"grid_rows_grid_mobile\":{\"unit\":\"fr\",\"size\":\"1\"}},\"elements\":[{\"id\":\"f3477b3\",\"elType\":\"widget\",\"settings\":{\"content_width\":\"full\",\"editor\":\"<p><span style=\\\"color: #165788;\\\"><b>Intercambio Acad\\u00e9mico<\\\/b><\\\/span><\\\/p><p>Siendo parte de la comunidad Loyola es posible gozar de intercambio acad\\u00e9mico con otras universidades del pa\\u00eds o del extranjero con las que se tenga convenio y de acuerdo a los lineamientos, pol\\u00edticas y procedimientos establecidos por la universidad.<\\\/p><p>Conoce sobre el procedimiento para el\\u00a0<em><a href=\\\"https:\\\/\\\/www.loyola.edu.mx\\\/?page_id=4394\\\" target=\\\"_blank\\\" rel=\\\"noopener\\\"><span style=\\\"color: #165788;\\\">Intercambio Acad\\u00e9mico<\\\/span><\\\/a><\\\/em>.<\\\/p>\"},\"elements\":[],\"widgetType\":\"text-editor\"},{\"id\":\"0e21a04\",\"elType\":\"widget\",\"settings\":{\"content_width\":\"full\",\"editor\":\"<p><span style=\\\"color: #165788;\\\"><b>Seguro M\\u00e9dico<\\\/b><\\\/span><\\\/p><p>Durante el semestre vigente, las y los estudiantes est\\u00e1n amparados por una p\\u00f3liza de seguro en caso de accidentes escolares, durante su permanencia en el campus as\\u00ed como en actividades organizadas y supervisadas por la Direcci\\u00f3n General Acad\\u00e9mica.<\\\/p><p>Conoce m\\u00e1s del\\u00a0<em><a href=\\\"https:\\\/\\\/www.loyola.edu.mx\\\/?page_id=4389\\\" target=\\\"_blank\\\" rel=\\\"noopener\\\"><span style=\\\"color: #165788;\\\">Seguro M\\u00e9dico<\\\/span><\\\/a><\\\/em>.\\u00a0<\\\/p>\"},\"elements\":[],\"widgetType\":\"text-editor\"},{\"id\":\"d6b6f05\",\"elType\":\"widget\",\"settings\":{\"content_width\":\"full\",\"editor\":\"<p><span style=\\\"color: #165788;\\\"><b>Transporte escolar<\\\/b><\\\/span><\\\/p><p>Como apoyo al traslado, las y los estudiantes pueden hacer uso del transporte escolar para llegar al\\u00a0<span style=\\\"color: #165788;\\\"><em><a style=\\\"color: #165788;\\\" href=\\\"https:\\\/\\\/www.loyola.edu.mx\\\/?page_id=4325\\\" target=\\\"_blank\\\" rel=\\\"noopener\\\">Campus Loyola<\\\/a><\\\/em><\\\/span>. Este transporte maneja horarios que optimizan el servicio.<\\\/p><p>Conoce m\\u00e1s del<em><span style=\\\"color: #165788;\\\">\\u00a0<\\\/span><\\\/em><a href=\\\"https:\\\/\\\/www.loyola.edu.mx\\\/?page_id=4392\\\" target=\\\"_blank\\\" rel=\\\"noopener\\\"><em><span style=\\\"color: #165788;\\\">Transporte escolar<\\\/span><\\\/em><\\\/a>.\\u00a0<\\\/p>\"},\"elements\":[],\"widgetType\":\"text-editor\"}],\"isInner\":false},{\"id\":\"9121769\",\"elType\":\"container\",\"settings\":{\"container_type\":\"grid\",\"grid_columns_grid\":{\"unit\":\"fr\",\"size\":\"2\"},\"grid_rows_grid\":{\"unit\":\"fr\",\"size\":\"1\"},\"grid_rows_grid_mobile\":{\"unit\":\"fr\",\"size\":\"1\"}},\"elements\":[{\"id\":\"60df9e4\",\"elType\":\"widget\",\"settings\":{\"content_width\":\"full\",\"editor\":\"<p>Pide informes en <em><span style=\\\"color: #165788;\\\"><a style=\\\"color: #165788;\\\" href=\\\"https:\\\/\\\/www.loyola.edu.mx\\\/?page_id=5603\\\" target=\\\"_blank\\\" rel=\\\"noopener\\\">Admisiones Licenciatura<\\\/a><\\\/span><\\\/em>.<\\\/p>\"},\"elements\":[],\"widgetType\":\"text-editor\"},{\"id\":\"95051cc\",\"elType\":\"widget\",\"settings\":{\"content_width\":\"full\",\"editor\":\"<p>Revisa la\\u00a0<a href=\\\"https:\\\/\\\/www.loyola.edu.mx\\\/?page_id=4356\\\" target=\\\"_blank\\\" rel=\\\"noopener\\\"><em><span style=\\\"color: #165788;\\\">Convocatoria a Becas Licenciatura<\\\/span><\\\/em><\\\/a>.<\\\/p>\"},\"elements\":[],\"widgetType\":\"text-editor\"}],\"isInner\":false},{\"id\":\"abe5698\",\"elType\":\"container\",\"settings\":{\"container_type\":\"grid\",\"grid_columns_grid\":{\"unit\":\"fr\",\"size\":1},\"grid_rows_grid\":{\"unit\":\"fr\",\"size\":\"1\"},\"grid_rows_grid_mobile\":{\"unit\":\"fr\",\"size\":\"1\"}},\"elements\":[{\"id\":\"2732023\",\"elType\":\"container\",\"settings\":{\"container_type\":\"grid\",\"grid_columns_grid\":{\"unit\":\"fr\",\"size\":1},\"grid_rows_grid\":{\"unit\":\"fr\",\"size\":\"1\"},\"grid_rows_grid_mobile\":{\"unit\":\"fr\",\"size\":\"1\"},\"content_width\":\"full\",\"grid_justify_items\":\"center\",\"grid_align_items\":\"center\"},\"elements\":[{\"id\":\"1b124b5\",\"elType\":\"widget\",\"settings\":{\"title\":\"Descarga aqu\\u00ed el folleto de Derecho\",\"align\":\"center\",\"title_color\":\"#FFFFFF\",\"typography_typography\":\"custom\",\"typography_font_family\":\"Montserrat\",\"typography_font_size\":{\"unit\":\"px\",\"size\":36,\"sizes\":[]},\"typography_font_weight\":\"700\",\"_padding\":{\"unit\":\"px\",\"top\":\"15\",\"right\":\"15\",\"bottom\":\"15\",\"left\":\"15\",\"isLinked\":true},\"_element_width\":\"initial\",\"_element_custom_width\":{\"unit\":\"%\",\"size\":70,\"sizes\":[]},\"_flex_align_self\":\"center\",\"_box_shadow_box_shadow_type\":\"yes\",\"link\":{\"url\":\"https:\\\/\\\/www.loyola.edu.mx\\\/wp-content\\\/uploads\\\/2025\\\/07\\\/Folleto_Derecho_Web.pdf\",\"is_external\":\"on\",\"nofollow\":\"\",\"custom_attributes\":\"\"},\"_background_background\":\"gradient\",\"_background_color\":\"#00338D\",\"_background_color_b\":\"#00A1DE\",\"content_width\":\"full\"},\"elements\":[],\"widgetType\":\"heading\"}],\"isInner\":true}],\"isInner\":false},{\"id\":\"9b78a74\",\"elType\":\"container\",\"settings\":{\"container_type\":\"grid\",\"grid_columns_grid\":{\"unit\":\"fr\",\"size\":1},\"grid_rows_grid\":{\"unit\":\"fr\",\"size\":\"1\"},\"grid_rows_grid_mobile\":{\"unit\":\"fr\",\"size\":\"1\"}},\"elements\":[{\"id\":\"2d4847c\",\"elType\":\"widget\",\"settings\":{\"content_width\":\"full\",\"editor\":\"<p><strong><span style=\\\"font-size: 14pt;\\\"><span style=\\\"font-size: 12pt;\\\">Derecho<\\\/span><\\\/span><\\\/strong><\\\/p><ul><li style=\\\"text-align: left;\\\"><span style=\\\"font-size: 12pt;\\\">Plan de estudios Semestral con Reconocimiento de Validez Oficial de la Secretar\\u00eda de Educaci\\u00f3n P\\u00fablica.<\\\/span><\\\/li><li style=\\\"text-align: left;\\\"><span style=\\\"font-size: 12pt;\\\">N\\u00famero de Acuerdo: 942036.<\\\/span><\\\/li><li style=\\\"text-align: left;\\\"><span style=\\\"font-size: 12pt;\\\">Fecha de incorporaci\\u00f3n: 14\\\/07\\\/1994.<\\\/span><\\\/li><li style=\\\"text-align: left;\\\"><span style=\\\"font-size: 12pt;\\\">Modalidad: Escolarizada.<\\\/span><\\\/li><li style=\\\"text-align: left;\\\"><span style=\\\"font-size: 12pt;\\\">Clave de Centro de Trabajo (CCT): 12PSU0021D.<\\\/span><\\\/li><\\\/ul>\",\"_margin\":{\"unit\":\"px\",\"top\":\"0\",\"right\":\"0\",\"bottom\":\"0\",\"left\":\"0\",\"isLinked\":true},\"_border_border\":\"none\",\"_border_color\":\"#020101\",\"_border_radius\":{\"unit\":\"px\",\"top\":\"0\",\"right\":\"0\",\"bottom\":\"0\",\"left\":\"0\",\"isLinked\":true},\"_box_shadow_box_shadow_type\":\"yes\",\"_box_shadow_box_shadow\":{\"horizontal\":0,\"vertical\":0,\"blur\":0,\"spread\":0,\"color\":\"#000000\"},\"_box_shadow_box_shadow_position\":\"inset\"},\"elements\":[],\"widgetType\":\"text-editor\"}],\"isInner\":false}]","_elementor_page_settings":null},"class_list":["post-5799","page","type-page","status-publish","hentry"],"_links":{"self":[{"href":"https:\/\/www.loyola.edu.mx\/index.php?rest_route=\/wp\/v2\/pages\/5799","targetHints":{"allow":["GET"]}}],"collection":[{"href":"https:\/\/www.loyola.edu.mx\/index.php?rest_route=\/wp\/v2\/pages"}],"about":[{"href":"https:\/\/www.loyola.edu.mx\/index.php?rest_route=\/wp\/v2\/types\/page"}],"author":[{"embeddable":true,"href":"https:\/\/www.loyola.edu.mx\/index.php?rest_route=\/wp\/v2\/users\/1"}],"replies":[{"embeddable":true,"href":"https:\/\/www.loyola.edu.mx\/index.php?rest_route=%2Fwp%2Fv2%2Fcomments&post=5799"}],"version-history":[{"count":16,"href":"https:\/\/www.loyola.edu.mx\/index.php?rest_route=\/wp\/v2\/pages\/5799\/revisions"}],"predecessor-version":[{"id":9319,"href":"https:\/\/www.loyola.edu.mx\/index.php?rest_route=\/wp\/v2\/pages\/5799\/revisions\/9319"}],"wp:attachment":[{"href":"https:\/\/www.loyola.edu.mx\/index.php?rest_route=%2Fwp%2Fv2%2Fmedia&parent=5799"}],"curies":[{"name":"wp","href":"https:\/\/api.w.org\/{rel}","templated":true}]}}