{"id":5801,"date":"2024-10-05T07:00:04","date_gmt":"2024-10-05T07:00:04","guid":{"rendered":"https:\/\/www.loyola.edu.mx\/?page_id=5801"},"modified":"2025-07-18T17:43:18","modified_gmt":"2025-07-18T17:43:18","slug":"diseno-grafico","status":"publish","type":"page","link":"https:\/\/www.loyola.edu.mx\/?page_id=5801","title":{"rendered":"Dise\u00f1o Gr\u00e1fico"},"content":{"rendered":"\t\t<div data-elementor-type=\"wp-page\" data-elementor-id=\"5801\" class=\"elementor elementor-5801\">\n\t\t\t\t<div class=\"elementor-element elementor-element-882a4c0 e-flex e-con-boxed e-con e-parent\" data-id=\"882a4c0\" data-element_type=\"container\" data-e-type=\"container\">\n\t\t\t\t\t<div class=\"e-con-inner\">\n\t\t\t\t<div class=\"elementor-element elementor-element-cab5ee7 elementor-widget elementor-widget-text-editor\" data-id=\"cab5ee7\" data-element_type=\"widget\" data-e-type=\"widget\" data-widget_type=\"text-editor.default\">\n\t\t\t\t<div class=\"elementor-widget-container\">\n\t\t\t\t\t\t\t\t\t<p>\u00a0<\/p><p><span style=\"color: #165788;\"><b>Experiencia Loyola<\/b><\/span><\/p><p>La Licenciatura en <span style=\"color: #165788;\"><b>Dise\u00f1o Gr\u00e1fico<\/b><\/span> ofrece un plan de estudios bajo el modelo por competencias en el que las experiencias se encuentran centradas en ti para:<\/p><ul><li>Ser capaz de dominar las herramientas de expresi\u00f3n gr\u00e1fica, el manejo de las formas y figuras para su aplicaci\u00f3n en objetos, materiales impresos y sitios web.<\/li><li>Tener conocimientos y experiencias que ampliar\u00e1n tu visi\u00f3n sobre el dise\u00f1o, estrategias y proyectos de comunicaci\u00f3n visual que puedes desarrollar en el campo laboral.<\/li><\/ul>\t\t\t\t\t\t\t\t<\/div>\n\t\t\t\t<\/div>\n\t\t\t\t\t<\/div>\n\t\t\t\t<\/div>\n\t\t<div class=\"elementor-element elementor-element-68c9bbb e-flex e-con-boxed e-con e-parent\" data-id=\"68c9bbb\" data-element_type=\"container\" data-e-type=\"container\">\n\t\t\t\t\t<div class=\"e-con-inner\">\n\t\t\t\t<div class=\"elementor-element elementor-element-be139ed elementor-widget elementor-widget-text-editor\" data-id=\"be139ed\" data-element_type=\"widget\" data-e-type=\"widget\" data-widget_type=\"text-editor.default\">\n\t\t\t\t<div class=\"elementor-widget-container\">\n\t\t\t\t\t\t\t\t\t<p><span style=\"color: #165788;\"><b>Dise\u00f1o Gr\u00e1fico es para ti<\/b><\/span><\/p><p>Si te gusta:<\/p><ul><li>Comunicar visualmente.<\/li><li>Experimentar con formas, im\u00e1genes y colores.<\/li><li>Fotografiar y dibujar.<\/li><li>Disfrutar del arte y expresiones culturales.<\/li><li>Innovar y crear.<\/li><\/ul>\t\t\t\t\t\t\t\t<\/div>\n\t\t\t\t<\/div>\n\t\t\t\t\t<\/div>\n\t\t\t\t<\/div>\n\t\t<div class=\"elementor-element elementor-element-3a0acc7 e-flex e-con-boxed e-con e-parent\" data-id=\"3a0acc7\" data-element_type=\"container\" data-e-type=\"container\">\n\t\t\t\t\t<div class=\"e-con-inner\">\n\t\t\t\t<div class=\"elementor-element elementor-element-c174929 elementor-widget elementor-widget-text-editor\" data-id=\"c174929\" data-element_type=\"widget\" data-e-type=\"widget\" data-widget_type=\"text-editor.default\">\n\t\t\t\t<div class=\"elementor-widget-container\">\n\t\t\t\t\t\t\t\t\t<p><span style=\"color: #165788;\"><b>Inspiraci\u00f3n sin Fronteras<\/b><\/span><\/p><p>Se desarrollan las siguientes competencias:<\/p><ul><li>Identificar necesidades que requieran soluciones gr\u00e1ficas creativas para el mejoramiento de la comunicaci\u00f3n, la informaci\u00f3n y la convivencia.<\/li><li>Elaborar proyectos de comunicaci\u00f3n visual, creativos y \u00fatiles para las necesidades que los usuarios demanden en organizaciones o a nivel personal demanden.<\/li><li>Colaborar productivamente en proyectos de dise\u00f1o gr\u00e1fico que demanden la intervenci\u00f3n de perfiles profesionales distintos.<\/li><li>Dise\u00f1ar proyectos y\/o productos gr\u00e1ficos innovadores que satisfagan las necesidades de su entorno social.<\/li><li>Dise\u00f1ar campa\u00f1as de comunicaci\u00f3n gr\u00e1fica: educativas, publicitarias o propagand\u00edsticas efectivas que utilicen herramientas tecnol\u00f3gicas avanzadas.<\/li><\/ul>\t\t\t\t\t\t\t\t<\/div>\n\t\t\t\t<\/div>\n\t\t\t\t\t<\/div>\n\t\t\t\t<\/div>\n\t\t<div class=\"elementor-element elementor-element-f764250 e-flex e-con-boxed e-con e-parent\" data-id=\"f764250\" data-element_type=\"container\" data-e-type=\"container\">\n\t\t\t\t\t<div class=\"e-con-inner\">\n\t\t\t\t<div class=\"elementor-element elementor-element-5946dc3 elementor-widget elementor-widget-text-editor\" data-id=\"5946dc3\" data-element_type=\"widget\" data-e-type=\"widget\" data-widget_type=\"text-editor.default\">\n\t\t\t\t<div class=\"elementor-widget-container\">\n\t\t\t\t\t\t\t\t\t<p>\u00a0<\/p><p><span style=\"color: #165788;\"><b>Vida profesional<\/b><\/span><\/p><p>Con la Licenciatura en <span style=\"color: #165788;\"><b>Dise\u00f1o Gr\u00e1fico<\/b><\/span> podr\u00e1s colaborar en el sector p\u00fablico o privado como dise\u00f1ador editorial de libros o revistas, desarrollador de dise\u00f1o web o aplicaciones, \u00e1reas de comunicaci\u00f3n visual, agencias de publicidad como bien como empresario independiente. Como: publicista, desarrollador web o aplicaciones, asesor o consultor independiente.<\/p>\t\t\t\t\t\t\t\t<\/div>\n\t\t\t\t<\/div>\n\t\t\t\t\t<\/div>\n\t\t\t\t<\/div>\n\t\t<div class=\"elementor-element elementor-element-fc23fe4 e-grid e-con-boxed e-con e-parent\" data-id=\"fc23fe4\" data-element_type=\"container\" data-e-type=\"container\">\n\t\t\t\t\t<div class=\"e-con-inner\">\n\t\t\t\t<div class=\"elementor-element elementor-element-253d528 elementor-widget elementor-widget-text-editor\" data-id=\"253d528\" data-element_type=\"widget\" data-e-type=\"widget\" data-widget_type=\"text-editor.default\">\n\t\t\t\t<div class=\"elementor-widget-container\">\n\t\t\t\t\t\t\t\t\t<p><span style=\"color: #165788;\"><b>Intercambio Acad\u00e9mico<\/b><\/span><\/p><p>Siendo parte de la comunidad Loyola es posible gozar de intercambio acad\u00e9mico con otras universidades del pa\u00eds o del extranjero con las que se tenga convenio y de acuerdo a los lineamientos, pol\u00edticas y procedimientos establecidos por la universidad.<\/p><p>Conoce sobre el procedimiento para el\u00a0<em><a href=\"https:\/\/www.loyola.edu.mx\/?page_id=4394\" target=\"_blank\" rel=\"noopener\"><span style=\"color: #165788;\">Intercambio Acad\u00e9mico<\/span><\/a><\/em>.<\/p>\t\t\t\t\t\t\t\t<\/div>\n\t\t\t\t<\/div>\n\t\t\t\t<div class=\"elementor-element elementor-element-a78fd4f elementor-widget elementor-widget-text-editor\" data-id=\"a78fd4f\" data-element_type=\"widget\" data-e-type=\"widget\" data-widget_type=\"text-editor.default\">\n\t\t\t\t<div class=\"elementor-widget-container\">\n\t\t\t\t\t\t\t\t\t<p><span style=\"color: #165788;\"><b>Seguro M\u00e9dico<\/b><\/span><\/p><p>Durante el semestre vigente, las y los estudiantes est\u00e1n amparados por una p\u00f3liza de seguro en caso de accidentes escolares, durante su permanencia en el campus as\u00ed como en actividades organizadas y supervisadas por la Direcci\u00f3n General Acad\u00e9mica.<\/p><p>Conoce m\u00e1s del\u00a0<em><a href=\"https:\/\/www.loyola.edu.mx\/?page_id=4389\" target=\"_blank\" rel=\"noopener\"><span style=\"color: #165788;\">Seguro M\u00e9dico<\/span><\/a><\/em>.\u00a0<\/p>\t\t\t\t\t\t\t\t<\/div>\n\t\t\t\t<\/div>\n\t\t\t\t<div class=\"elementor-element elementor-element-dd7c12b elementor-widget elementor-widget-text-editor\" data-id=\"dd7c12b\" data-element_type=\"widget\" data-e-type=\"widget\" data-widget_type=\"text-editor.default\">\n\t\t\t\t<div class=\"elementor-widget-container\">\n\t\t\t\t\t\t\t\t\t<p><span style=\"color: #165788;\"><b>Transporte escolar<\/b><\/span><\/p><p>Como apoyo al traslado, las y los estudiantes pueden hacer uso del transporte escolar para llegar al\u00a0<span style=\"color: #165788;\"><em><a style=\"color: #165788;\" href=\"https:\/\/www.loyola.edu.mx\/?page_id=4325\" target=\"_blank\" rel=\"noopener\">Campus Loyola<\/a><\/em><\/span>. Este transporte maneja horarios que optimizan el servicio.<\/p><p>Conoce m\u00e1s del<em><span style=\"color: #165788;\">\u00a0<\/span><\/em><a href=\"https:\/\/www.loyola.edu.mx\/?page_id=4392\" target=\"_blank\" rel=\"noopener\"><em><span style=\"color: #165788;\">Transporte escolar<\/span><\/em><\/a>.\u00a0<\/p>\t\t\t\t\t\t\t\t<\/div>\n\t\t\t\t<\/div>\n\t\t\t\t\t<\/div>\n\t\t\t\t<\/div>\n\t\t<div class=\"elementor-element elementor-element-d4aa3b5 e-grid e-con-boxed e-con e-parent\" data-id=\"d4aa3b5\" data-element_type=\"container\" data-e-type=\"container\">\n\t\t\t\t\t<div class=\"e-con-inner\">\n\t\t\t\t<div class=\"elementor-element elementor-element-709770f elementor-widget elementor-widget-text-editor\" data-id=\"709770f\" data-element_type=\"widget\" data-e-type=\"widget\" data-widget_type=\"text-editor.default\">\n\t\t\t\t<div class=\"elementor-widget-container\">\n\t\t\t\t\t\t\t\t\t<p>Pide informes en <em><span style=\"color: #165788;\"><a style=\"color: #165788;\" href=\"https:\/\/www.loyola.edu.mx\/?page_id=5603\" target=\"_blank\" rel=\"noopener\">Admisiones Licenciatura<\/a><\/span><\/em>.<\/p>\t\t\t\t\t\t\t\t<\/div>\n\t\t\t\t<\/div>\n\t\t\t\t<div class=\"elementor-element elementor-element-21c0010 elementor-widget elementor-widget-text-editor\" data-id=\"21c0010\" data-element_type=\"widget\" data-e-type=\"widget\" data-widget_type=\"text-editor.default\">\n\t\t\t\t<div class=\"elementor-widget-container\">\n\t\t\t\t\t\t\t\t\t<p>Revisa la\u00a0<a href=\"https:\/\/www.loyola.edu.mx\/?page_id=4356\" target=\"_blank\" rel=\"noopener\"><em><span style=\"color: #165788;\">Convocatoria a Becas Licenciatura<\/span><\/em><\/a>.<\/p>\t\t\t\t\t\t\t\t<\/div>\n\t\t\t\t<\/div>\n\t\t\t\t\t<\/div>\n\t\t\t\t<\/div>\n\t\t<div class=\"elementor-element elementor-element-11f5ef4 e-grid e-con-boxed e-con e-parent\" data-id=\"11f5ef4\" data-element_type=\"container\" data-e-type=\"container\">\n\t\t\t\t\t<div class=\"e-con-inner\">\n\t\t<div class=\"elementor-element elementor-element-9c8e434 e-grid e-con-full e-con e-child\" data-id=\"9c8e434\" data-element_type=\"container\" data-e-type=\"container\">\n\t\t\t\t<div class=\"elementor-element elementor-element-c4deb6e elementor-widget__width-initial elementor-widget elementor-widget-heading\" data-id=\"c4deb6e\" data-element_type=\"widget\" data-e-type=\"widget\" data-widget_type=\"heading.default\">\n\t\t\t\t<div class=\"elementor-widget-container\">\n\t\t\t\t\t<h2 class=\"elementor-heading-title elementor-size-default\"><a href=\"https:\/\/www.loyola.edu.mx\/wp-content\/uploads\/2025\/07\/Folleto_DG_Web.pdf\" target=\"_blank\">Descarga aqu\u00ed el folleto de Dise\u00f1o Gr\u00e1fico<\/a><\/h2>\t\t\t\t<\/div>\n\t\t\t\t<\/div>\n\t\t\t\t<\/div>\n\t\t\t\t\t<\/div>\n\t\t\t\t<\/div>\n\t\t<div class=\"elementor-element elementor-element-161dbc9 e-grid e-con-boxed e-con e-parent\" data-id=\"161dbc9\" data-element_type=\"container\" data-e-type=\"container\">\n\t\t\t\t\t<div class=\"e-con-inner\">\n\t\t\t\t<div class=\"elementor-element elementor-element-fe5f848 elementor-widget elementor-widget-text-editor\" data-id=\"fe5f848\" data-element_type=\"widget\" data-e-type=\"widget\" data-widget_type=\"text-editor.default\">\n\t\t\t\t<div class=\"elementor-widget-container\">\n\t\t\t\t\t\t\t\t\t<p><strong><span style=\"font-size: 14pt;\"><span style=\"font-size: 12pt;\">Dise\u00f1o Gr\u00e1fico<\/span><\/span><\/strong><\/p><ul><li style=\"text-align: left;\"><span style=\"font-size: 12pt;\">Plan de estudios Semestral con Reconocimiento de Validez Oficial de la Secretar\u00eda de Educaci\u00f3n P\u00fablica.<\/span><\/li><li style=\"text-align: left;\"><span style=\"font-size: 12pt;\">N\u00famero de Acuerdo: 942227.<\/span><\/li><li style=\"text-align: left;\"><span style=\"font-size: 12pt;\">Fecha de incorporaci\u00f3n: 24\/11\/1994.<\/span><\/li><li style=\"text-align: left;\"><span style=\"font-size: 12pt;\">Modalidad: Escolarizada.<\/span><\/li><li style=\"text-align: left;\"><span style=\"font-size: 12pt;\">Clave de Centro de Trabajo (CCT): 12PSU0021D.<\/span><\/li><\/ul>\t\t\t\t\t\t\t\t<\/div>\n\t\t\t\t<\/div>\n\t\t\t\t\t<\/div>\n\t\t\t\t<\/div>\n\t\t\t\t<\/div>\n\t\t","protected":false},"excerpt":{"rendered":"<p>\u00a0 Experiencia Loyola La Licenciatura en Dise\u00f1o Gr\u00e1fico ofrece un plan de estudios bajo el modelo por competencias en el que las experiencias se encuentran centradas en ti para: Ser capaz de dominar las herramientas de expresi\u00f3n gr\u00e1fica, el manejo de las formas y figuras para su aplicaci\u00f3n en objetos, materiales impresos y sitios web. [&hellip;]<\/p>\n","protected":false},"author":1,"featured_media":0,"parent":0,"menu_order":0,"comment_status":"closed","ping_status":"closed","template":"template-home.php","meta":{"footnotes":"","_elementor_edit_mode":"builder","_elementor_template_type":"wp-page","_elementor_data":"[{\"id\":\"882a4c0\",\"elType\":\"container\",\"settings\":[],\"elements\":[{\"id\":\"cab5ee7\",\"elType\":\"widget\",\"settings\":{\"content_width\":\"full\",\"editor\":\"<p>\\u00a0<\\\/p><p><span style=\\\"color: #165788;\\\"><b>Experiencia Loyola<\\\/b><\\\/span><\\\/p><p>La Licenciatura en <span style=\\\"color: #165788;\\\"><b>Dise\\u00f1o Gr\\u00e1fico<\\\/b><\\\/span> ofrece un plan de estudios bajo el modelo por competencias en el que las experiencias se encuentran centradas en ti para:<\\\/p><ul><li>Ser capaz de dominar las herramientas de expresi\\u00f3n gr\\u00e1fica, el manejo de las formas y figuras para su aplicaci\\u00f3n en objetos, materiales impresos y sitios web.<\\\/li><li>Tener conocimientos y experiencias que ampliar\\u00e1n tu visi\\u00f3n sobre el dise\\u00f1o, estrategias y proyectos de comunicaci\\u00f3n visual que puedes desarrollar en el campo laboral.<\\\/li><\\\/ul>\"},\"elements\":[],\"widgetType\":\"text-editor\"}],\"isInner\":false},{\"id\":\"68c9bbb\",\"elType\":\"container\",\"settings\":[],\"elements\":[{\"id\":\"be139ed\",\"elType\":\"widget\",\"settings\":{\"content_width\":\"full\",\"editor\":\"<p><span style=\\\"color: #165788;\\\"><b>Dise\\u00f1o Gr\\u00e1fico es para ti<\\\/b><\\\/span><\\\/p><p>Si te gusta:<\\\/p><ul><li>Comunicar visualmente.<\\\/li><li>Experimentar con formas, im\\u00e1genes y colores.<\\\/li><li>Fotografiar y dibujar.<\\\/li><li>Disfrutar del arte y expresiones culturales.<\\\/li><li>Innovar y crear.<\\\/li><\\\/ul>\"},\"elements\":[],\"widgetType\":\"text-editor\"}],\"isInner\":false},{\"id\":\"3a0acc7\",\"elType\":\"container\",\"settings\":[],\"elements\":[{\"id\":\"c174929\",\"elType\":\"widget\",\"settings\":{\"content_width\":\"full\",\"editor\":\"<p><span style=\\\"color: #165788;\\\"><b>Inspiraci\\u00f3n sin Fronteras<\\\/b><\\\/span><\\\/p><p>Se desarrollan las siguientes competencias:<\\\/p><ul><li>Identificar necesidades que requieran soluciones gr\\u00e1ficas creativas para el mejoramiento de la comunicaci\\u00f3n, la informaci\\u00f3n y la convivencia.<\\\/li><li>Elaborar proyectos de comunicaci\\u00f3n visual, creativos y \\u00fatiles para las necesidades que los usuarios demanden en organizaciones o a nivel personal demanden.<\\\/li><li>Colaborar productivamente en proyectos de dise\\u00f1o gr\\u00e1fico que demanden la intervenci\\u00f3n de perfiles profesionales distintos.<\\\/li><li>Dise\\u00f1ar proyectos y\\\/o productos gr\\u00e1ficos innovadores que satisfagan las necesidades de su entorno social.<\\\/li><li>Dise\\u00f1ar campa\\u00f1as de comunicaci\\u00f3n gr\\u00e1fica: educativas, publicitarias o propagand\\u00edsticas efectivas que utilicen herramientas tecnol\\u00f3gicas avanzadas.<\\\/li><\\\/ul>\"},\"elements\":[],\"widgetType\":\"text-editor\"}],\"isInner\":false},{\"id\":\"f764250\",\"elType\":\"container\",\"settings\":[],\"elements\":[{\"id\":\"5946dc3\",\"elType\":\"widget\",\"settings\":{\"content_width\":\"full\",\"editor\":\"<p>\\u00a0<\\\/p><p><span style=\\\"color: #165788;\\\"><b>Vida profesional<\\\/b><\\\/span><\\\/p><p>Con la Licenciatura en <span style=\\\"color: #165788;\\\"><b>Dise\\u00f1o Gr\\u00e1fico<\\\/b><\\\/span> podr\\u00e1s colaborar en el sector p\\u00fablico o privado como dise\\u00f1ador editorial de libros o revistas, desarrollador de dise\\u00f1o web o aplicaciones, \\u00e1reas de comunicaci\\u00f3n visual, agencias de publicidad como bien como empresario independiente. Como: publicista, desarrollador web o aplicaciones, asesor o consultor independiente.<\\\/p>\"},\"elements\":[],\"widgetType\":\"text-editor\"}],\"isInner\":false},{\"id\":\"fc23fe4\",\"elType\":\"container\",\"settings\":{\"container_type\":\"grid\",\"grid_columns_grid\":{\"unit\":\"fr\",\"size\":\"3\"},\"grid_rows_grid\":{\"unit\":\"fr\",\"size\":\"1\"},\"grid_rows_grid_mobile\":{\"unit\":\"fr\",\"size\":\"1\"}},\"elements\":[{\"id\":\"253d528\",\"elType\":\"widget\",\"settings\":{\"content_width\":\"full\",\"editor\":\"<p><span style=\\\"color: #165788;\\\"><b>Intercambio Acad\\u00e9mico<\\\/b><\\\/span><\\\/p><p>Siendo parte de la comunidad Loyola es posible gozar de intercambio acad\\u00e9mico con otras universidades del pa\\u00eds o del extranjero con las que se tenga convenio y de acuerdo a los lineamientos, pol\\u00edticas y procedimientos establecidos por la universidad.<\\\/p><p>Conoce sobre el procedimiento para el\\u00a0<em><a href=\\\"https:\\\/\\\/www.loyola.edu.mx\\\/?page_id=4394\\\" target=\\\"_blank\\\" rel=\\\"noopener\\\"><span style=\\\"color: #165788;\\\">Intercambio Acad\\u00e9mico<\\\/span><\\\/a><\\\/em>.<\\\/p>\"},\"elements\":[],\"widgetType\":\"text-editor\"},{\"id\":\"a78fd4f\",\"elType\":\"widget\",\"settings\":{\"content_width\":\"full\",\"editor\":\"<p><span style=\\\"color: #165788;\\\"><b>Seguro M\\u00e9dico<\\\/b><\\\/span><\\\/p><p>Durante el semestre vigente, las y los estudiantes est\\u00e1n amparados por una p\\u00f3liza de seguro en caso de accidentes escolares, durante su permanencia en el campus as\\u00ed como en actividades organizadas y supervisadas por la Direcci\\u00f3n General Acad\\u00e9mica.<\\\/p><p>Conoce m\\u00e1s del\\u00a0<em><a href=\\\"https:\\\/\\\/www.loyola.edu.mx\\\/?page_id=4389\\\" target=\\\"_blank\\\" rel=\\\"noopener\\\"><span style=\\\"color: #165788;\\\">Seguro M\\u00e9dico<\\\/span><\\\/a><\\\/em>.\\u00a0<\\\/p>\"},\"elements\":[],\"widgetType\":\"text-editor\"},{\"id\":\"dd7c12b\",\"elType\":\"widget\",\"settings\":{\"content_width\":\"full\",\"editor\":\"<p><span style=\\\"color: #165788;\\\"><b>Transporte escolar<\\\/b><\\\/span><\\\/p><p>Como apoyo al traslado, las y los estudiantes pueden hacer uso del transporte escolar para llegar al\\u00a0<span style=\\\"color: #165788;\\\"><em><a style=\\\"color: #165788;\\\" href=\\\"https:\\\/\\\/www.loyola.edu.mx\\\/?page_id=4325\\\" target=\\\"_blank\\\" rel=\\\"noopener\\\">Campus Loyola<\\\/a><\\\/em><\\\/span>. Este transporte maneja horarios que optimizan el servicio.<\\\/p><p>Conoce m\\u00e1s del<em><span style=\\\"color: #165788;\\\">\\u00a0<\\\/span><\\\/em><a href=\\\"https:\\\/\\\/www.loyola.edu.mx\\\/?page_id=4392\\\" target=\\\"_blank\\\" rel=\\\"noopener\\\"><em><span style=\\\"color: #165788;\\\">Transporte escolar<\\\/span><\\\/em><\\\/a>.\\u00a0<\\\/p>\"},\"elements\":[],\"widgetType\":\"text-editor\"}],\"isInner\":false},{\"id\":\"d4aa3b5\",\"elType\":\"container\",\"settings\":{\"container_type\":\"grid\",\"grid_columns_grid\":{\"unit\":\"fr\",\"size\":\"2\"},\"grid_rows_grid\":{\"unit\":\"fr\",\"size\":\"1\"},\"grid_rows_grid_mobile\":{\"unit\":\"fr\",\"size\":\"1\"}},\"elements\":[{\"id\":\"709770f\",\"elType\":\"widget\",\"settings\":{\"content_width\":\"full\",\"editor\":\"<p>Pide informes en <em><span style=\\\"color: #165788;\\\"><a style=\\\"color: #165788;\\\" href=\\\"https:\\\/\\\/www.loyola.edu.mx\\\/?page_id=5603\\\" target=\\\"_blank\\\" rel=\\\"noopener\\\">Admisiones Licenciatura<\\\/a><\\\/span><\\\/em>.<\\\/p>\"},\"elements\":[],\"widgetType\":\"text-editor\"},{\"id\":\"21c0010\",\"elType\":\"widget\",\"settings\":{\"content_width\":\"full\",\"editor\":\"<p>Revisa la\\u00a0<a href=\\\"https:\\\/\\\/www.loyola.edu.mx\\\/?page_id=4356\\\" target=\\\"_blank\\\" rel=\\\"noopener\\\"><em><span style=\\\"color: #165788;\\\">Convocatoria a Becas Licenciatura<\\\/span><\\\/em><\\\/a>.<\\\/p>\"},\"elements\":[],\"widgetType\":\"text-editor\"}],\"isInner\":false},{\"id\":\"11f5ef4\",\"elType\":\"container\",\"settings\":{\"container_type\":\"grid\",\"grid_columns_grid\":{\"unit\":\"fr\",\"size\":1},\"grid_rows_grid\":{\"unit\":\"fr\",\"size\":\"1\"},\"grid_rows_grid_mobile\":{\"unit\":\"fr\",\"size\":\"1\"}},\"elements\":[{\"id\":\"9c8e434\",\"elType\":\"container\",\"settings\":{\"container_type\":\"grid\",\"grid_columns_grid\":{\"unit\":\"fr\",\"size\":1},\"grid_rows_grid\":{\"unit\":\"fr\",\"size\":\"1\"},\"grid_rows_grid_mobile\":{\"unit\":\"fr\",\"size\":\"1\"},\"content_width\":\"full\",\"grid_justify_items\":\"center\",\"grid_align_items\":\"center\"},\"elements\":[{\"id\":\"c4deb6e\",\"elType\":\"widget\",\"settings\":{\"title\":\"Descarga aqu\\u00ed el folleto de Dise\\u00f1o Gr\\u00e1fico\",\"align\":\"center\",\"title_color\":\"#FFFFFF\",\"typography_typography\":\"custom\",\"typography_font_family\":\"Montserrat\",\"typography_font_size\":{\"unit\":\"px\",\"size\":36,\"sizes\":[]},\"typography_font_weight\":\"700\",\"_padding\":{\"unit\":\"px\",\"top\":\"15\",\"right\":\"15\",\"bottom\":\"15\",\"left\":\"15\",\"isLinked\":true},\"_element_width\":\"initial\",\"_element_custom_width\":{\"unit\":\"%\",\"size\":70,\"sizes\":[]},\"_flex_align_self\":\"center\",\"_box_shadow_box_shadow_type\":\"yes\",\"link\":{\"url\":\"https:\\\/\\\/www.loyola.edu.mx\\\/wp-content\\\/uploads\\\/2025\\\/07\\\/Folleto_DG_Web.pdf\",\"is_external\":\"on\",\"nofollow\":\"\",\"custom_attributes\":\"\"},\"_background_background\":\"gradient\",\"_background_color\":\"#00338D\",\"_background_color_b\":\"#00A1DE\",\"content_width\":\"full\"},\"elements\":[],\"widgetType\":\"heading\"}],\"isInner\":true}],\"isInner\":false},{\"id\":\"161dbc9\",\"elType\":\"container\",\"settings\":{\"container_type\":\"grid\",\"grid_columns_grid\":{\"unit\":\"fr\",\"size\":1},\"grid_rows_grid\":{\"unit\":\"fr\",\"size\":\"1\"},\"grid_rows_grid_mobile\":{\"unit\":\"fr\",\"size\":\"1\"}},\"elements\":[{\"id\":\"fe5f848\",\"elType\":\"widget\",\"settings\":{\"content_width\":\"full\",\"editor\":\"<p><strong><span style=\\\"font-size: 14pt;\\\"><span style=\\\"font-size: 12pt;\\\">Dise\\u00f1o Gr\\u00e1fico<\\\/span><\\\/span><\\\/strong><\\\/p><ul><li style=\\\"text-align: left;\\\"><span style=\\\"font-size: 12pt;\\\">Plan de estudios Semestral con Reconocimiento de Validez Oficial de la Secretar\\u00eda de Educaci\\u00f3n P\\u00fablica.<\\\/span><\\\/li><li style=\\\"text-align: left;\\\"><span style=\\\"font-size: 12pt;\\\">N\\u00famero de Acuerdo: 942227.<\\\/span><\\\/li><li style=\\\"text-align: left;\\\"><span style=\\\"font-size: 12pt;\\\">Fecha de incorporaci\\u00f3n: 24\\\/11\\\/1994.<\\\/span><\\\/li><li style=\\\"text-align: left;\\\"><span style=\\\"font-size: 12pt;\\\">Modalidad: Escolarizada.<\\\/span><\\\/li><li style=\\\"text-align: left;\\\"><span style=\\\"font-size: 12pt;\\\">Clave de Centro de Trabajo (CCT): 12PSU0021D.<\\\/span><\\\/li><\\\/ul>\",\"_margin\":{\"unit\":\"px\",\"top\":\"0\",\"right\":\"0\",\"bottom\":\"0\",\"left\":\"0\",\"isLinked\":true},\"_border_border\":\"none\",\"_border_color\":\"#020101\",\"_border_radius\":{\"unit\":\"px\",\"top\":\"0\",\"right\":\"0\",\"bottom\":\"0\",\"left\":\"0\",\"isLinked\":true},\"_box_shadow_box_shadow_type\":\"yes\",\"_box_shadow_box_shadow\":{\"horizontal\":0,\"vertical\":0,\"blur\":0,\"spread\":0,\"color\":\"#000000\"},\"_box_shadow_box_shadow_position\":\"inset\"},\"elements\":[],\"widgetType\":\"text-editor\"}],\"isInner\":false}]","_elementor_page_settings":null},"class_list":["post-5801","page","type-page","status-publish","hentry"],"_links":{"self":[{"href":"https:\/\/www.loyola.edu.mx\/index.php?rest_route=\/wp\/v2\/pages\/5801","targetHints":{"allow":["GET"]}}],"collection":[{"href":"https:\/\/www.loyola.edu.mx\/index.php?rest_route=\/wp\/v2\/pages"}],"about":[{"href":"https:\/\/www.loyola.edu.mx\/index.php?rest_route=\/wp\/v2\/types\/page"}],"author":[{"embeddable":true,"href":"https:\/\/www.loyola.edu.mx\/index.php?rest_route=\/wp\/v2\/users\/1"}],"replies":[{"embeddable":true,"href":"https:\/\/www.loyola.edu.mx\/index.php?rest_route=%2Fwp%2Fv2%2Fcomments&post=5801"}],"version-history":[{"count":13,"href":"https:\/\/www.loyola.edu.mx\/index.php?rest_route=\/wp\/v2\/pages\/5801\/revisions"}],"predecessor-version":[{"id":9316,"href":"https:\/\/www.loyola.edu.mx\/index.php?rest_route=\/wp\/v2\/pages\/5801\/revisions\/9316"}],"wp:attachment":[{"href":"https:\/\/www.loyola.edu.mx\/index.php?rest_route=%2Fwp%2Fv2%2Fmedia&parent=5801"}],"curies":[{"name":"wp","href":"https:\/\/api.w.org\/{rel}","templated":true}]}}