{"id":5807,"date":"2024-10-05T07:01:15","date_gmt":"2024-10-05T07:01:15","guid":{"rendered":"https:\/\/www.loyola.edu.mx\/?page_id=5807"},"modified":"2025-07-18T17:57:46","modified_gmt":"2025-07-18T17:57:46","slug":"mercadotecnia","status":"publish","type":"page","link":"https:\/\/www.loyola.edu.mx\/?page_id=5807","title":{"rendered":"Mercadotecnia"},"content":{"rendered":"\t\t<div data-elementor-type=\"wp-page\" data-elementor-id=\"5807\" class=\"elementor elementor-5807\">\n\t\t\t\t<div class=\"elementor-element elementor-element-d807d80 e-flex e-con-boxed e-con e-parent\" data-id=\"d807d80\" data-element_type=\"container\" data-e-type=\"container\">\n\t\t\t\t\t<div class=\"e-con-inner\">\n\t\t\t\t<div class=\"elementor-element elementor-element-c7a16cc elementor-widget elementor-widget-text-editor\" data-id=\"c7a16cc\" data-element_type=\"widget\" data-e-type=\"widget\" data-widget_type=\"text-editor.default\">\n\t\t\t\t<div class=\"elementor-widget-container\">\n\t\t\t\t\t\t\t\t\t<p>\u00a0<\/p><p><span style=\"color: #165788;\"><b>Experiencia Loyola<\/b><\/span><\/p><p>La Licenciatura en <b><span style=\"color: #165788;\">Mercadotecnia<\/span> <\/b>ofrece un plan de estudios bajo el modelo por competencias en el que las experiencias se encuentran centradas en ti para:<\/p><ul><li>Dise\u00f1ar estrategias comerciales.<\/li><li>Identificar oportunidades de negocios.<\/li><li>Crear e innovar bienes y servicios de acuerdo a las tendencias que surjan en el mercado y en los consumidores.<\/li><\/ul>\t\t\t\t\t\t\t\t<\/div>\n\t\t\t\t<\/div>\n\t\t\t\t\t<\/div>\n\t\t\t\t<\/div>\n\t\t<div class=\"elementor-element elementor-element-b3f8841 e-flex e-con-boxed e-con e-parent\" data-id=\"b3f8841\" data-element_type=\"container\" data-e-type=\"container\">\n\t\t\t\t\t<div class=\"e-con-inner\">\n\t\t\t\t<div class=\"elementor-element elementor-element-9e2f40f elementor-widget elementor-widget-text-editor\" data-id=\"9e2f40f\" data-element_type=\"widget\" data-e-type=\"widget\" data-widget_type=\"text-editor.default\">\n\t\t\t\t<div class=\"elementor-widget-container\">\n\t\t\t\t\t\t\t\t\t<p><span style=\"color: #165788;\"><b>Mercadotecnia es para ti<\/b><\/span><\/p><p>Si te gusta:<\/p><ul><li>Desarrollar campa\u00f1as publicitarias, que crean una marca o generan productos de problem\u00e1ticas que llamen su atenci\u00f3n<\/li><li>Analizar el comportamiento de las personas en sus h\u00e1bitos<\/li><li>Dirigir y promover el cambio.<\/li><li>Tener disposici\u00f3n y facilidad para acceder a estudios y pr\u00e1cticas relacionadas con la necesidades y deseos de los consumidores.<\/li><li>Plantear problemas y proponer soluciones innovadoras que generen valor para el consumidor, la empresa, los empleados y el producto, siempre con una visi\u00f3n humanista teniendo como sello el desarrollo social.<\/li><\/ul>\t\t\t\t\t\t\t\t<\/div>\n\t\t\t\t<\/div>\n\t\t\t\t\t<\/div>\n\t\t\t\t<\/div>\n\t\t<div class=\"elementor-element elementor-element-a60fb6d e-flex e-con-boxed e-con e-parent\" data-id=\"a60fb6d\" data-element_type=\"container\" data-e-type=\"container\">\n\t\t\t\t\t<div class=\"e-con-inner\">\n\t\t\t\t<div class=\"elementor-element elementor-element-3b5d911 elementor-widget elementor-widget-text-editor\" data-id=\"3b5d911\" data-element_type=\"widget\" data-e-type=\"widget\" data-widget_type=\"text-editor.default\">\n\t\t\t\t<div class=\"elementor-widget-container\">\n\t\t\t\t\t\t\t\t\t<p><span style=\"color: #165788;\"><b>Inspiraci\u00f3n sin Fronteras<\/b><\/span><\/p><p>Se desarrollan las siguientes competencias:<\/p><ul><li>Identificar oportunidades y problemas de mercado.<\/li><li>Detectar necesidades y deseos de los consumidores, ofreciendo un diagn\u00f3stico integral y preciso del mercado.<\/li><li>Formular estrategias que conlleven a la comercializaci\u00f3n de productos y servicios, de organizaciones privadas, gubernamentales o de la sociedad civil, en su \u00e1mbito local, nacional o internacional.<\/li><li>Creer soluciones innovadoras, de la mano de la tecnolog\u00eda, atendiendo aspectos de responsabilidad ambiental y de compromiso social.<\/li><\/ul>\t\t\t\t\t\t\t\t<\/div>\n\t\t\t\t<\/div>\n\t\t\t\t\t<\/div>\n\t\t\t\t<\/div>\n\t\t<div class=\"elementor-element elementor-element-2f36820 e-flex e-con-boxed e-con e-parent\" data-id=\"2f36820\" data-element_type=\"container\" data-e-type=\"container\">\n\t\t\t\t\t<div class=\"e-con-inner\">\n\t\t\t\t<div class=\"elementor-element elementor-element-b3de470 elementor-widget elementor-widget-text-editor\" data-id=\"b3de470\" data-element_type=\"widget\" data-e-type=\"widget\" data-widget_type=\"text-editor.default\">\n\t\t\t\t<div class=\"elementor-widget-container\">\n\t\t\t\t\t\t\t\t\t<p><span style=\"color: #165788;\"><b>Vida profesional<\/b><\/span><\/p><p>Con la Licenciatura en <b><span style=\"color: #165788;\">Mercadotecnia<\/span> <\/b>podr\u00e1s desempe\u00f1arte en las \u00e1reas del sector p\u00fablico o privado en agencias de publicidad y mercadotecnia, en departamento de investigaci\u00f3n de mercados, en \u00e1reas de promoci\u00f3n y desarrollo de productos, en agencias de publicitarias, ventas y comercializaci\u00f3n, como asesor o consultor independiente.<\/p>\t\t\t\t\t\t\t\t<\/div>\n\t\t\t\t<\/div>\n\t\t\t\t\t<\/div>\n\t\t\t\t<\/div>\n\t\t<div class=\"elementor-element elementor-element-76ed36a e-grid e-con-boxed e-con e-parent\" data-id=\"76ed36a\" data-element_type=\"container\" data-e-type=\"container\">\n\t\t\t\t\t<div class=\"e-con-inner\">\n\t\t\t\t<div class=\"elementor-element elementor-element-510c132 elementor-widget elementor-widget-text-editor\" data-id=\"510c132\" data-element_type=\"widget\" data-e-type=\"widget\" data-widget_type=\"text-editor.default\">\n\t\t\t\t<div class=\"elementor-widget-container\">\n\t\t\t\t\t\t\t\t\t<p><span style=\"color: #165788;\"><b>Intercambio Acad\u00e9mico<\/b><\/span><\/p><p>Siendo parte de la comunidad Loyola es posible gozar de intercambio acad\u00e9mico con otras universidades del pa\u00eds o del extranjero con las que se tenga convenio y de acuerdo a los lineamientos, pol\u00edticas y procedimientos establecidos por la universidad.<\/p><p>Conoce sobre el procedimiento para el\u00a0<em><a href=\"https:\/\/www.loyola.edu.mx\/?page_id=4394\" target=\"_blank\" rel=\"noopener\"><span style=\"color: #165788;\">Intercambio Acad\u00e9mico<\/span><\/a><\/em>.<\/p>\t\t\t\t\t\t\t\t<\/div>\n\t\t\t\t<\/div>\n\t\t\t\t<div class=\"elementor-element elementor-element-f08205a elementor-widget elementor-widget-text-editor\" data-id=\"f08205a\" data-element_type=\"widget\" data-e-type=\"widget\" data-widget_type=\"text-editor.default\">\n\t\t\t\t<div class=\"elementor-widget-container\">\n\t\t\t\t\t\t\t\t\t<p><span style=\"color: #165788;\"><b>Seguro M\u00e9dico<\/b><\/span><\/p><p>Durante el semestre vigente, las y los estudiantes est\u00e1n amparados por una p\u00f3liza de seguro en caso de accidentes escolares, durante su permanencia en el campus as\u00ed como en actividades organizadas y supervisadas por la Direcci\u00f3n General Acad\u00e9mica.<\/p><p>Conoce m\u00e1s del\u00a0<em><a href=\"https:\/\/www.loyola.edu.mx\/?page_id=4389\" target=\"_blank\" rel=\"noopener\"><span style=\"color: #165788;\">Seguro M\u00e9dico<\/span><\/a><\/em>.\u00a0<\/p>\t\t\t\t\t\t\t\t<\/div>\n\t\t\t\t<\/div>\n\t\t\t\t<div class=\"elementor-element elementor-element-867cb64 elementor-widget elementor-widget-text-editor\" data-id=\"867cb64\" data-element_type=\"widget\" data-e-type=\"widget\" data-widget_type=\"text-editor.default\">\n\t\t\t\t<div class=\"elementor-widget-container\">\n\t\t\t\t\t\t\t\t\t<p><span style=\"color: #165788;\"><b>Transporte escolar<\/b><\/span><\/p><p>Como apoyo al traslado, las y los estudiantes pueden hacer uso del transporte escolar para llegar al\u00a0<span style=\"color: #165788;\"><em><a style=\"color: #165788;\" href=\"https:\/\/www.loyola.edu.mx\/?page_id=4325\" target=\"_blank\" rel=\"noopener\">Campus Loyola<\/a><\/em><\/span>. Este transporte maneja horarios que optimizan el servicio.<\/p><p>Conoce m\u00e1s del<em><span style=\"color: #165788;\">\u00a0<\/span><\/em><a href=\"https:\/\/www.loyola.edu.mx\/?page_id=4392\" target=\"_blank\" rel=\"noopener\"><em><span style=\"color: #165788;\">Transporte escolar<\/span><\/em><\/a>.\u00a0<\/p>\t\t\t\t\t\t\t\t<\/div>\n\t\t\t\t<\/div>\n\t\t\t\t\t<\/div>\n\t\t\t\t<\/div>\n\t\t<div class=\"elementor-element elementor-element-4a26b27 e-grid e-con-boxed e-con e-parent\" data-id=\"4a26b27\" data-element_type=\"container\" data-e-type=\"container\">\n\t\t\t\t\t<div class=\"e-con-inner\">\n\t\t\t\t<div class=\"elementor-element elementor-element-aedd3cc elementor-widget elementor-widget-text-editor\" data-id=\"aedd3cc\" data-element_type=\"widget\" data-e-type=\"widget\" data-widget_type=\"text-editor.default\">\n\t\t\t\t<div class=\"elementor-widget-container\">\n\t\t\t\t\t\t\t\t\t<p>Pide informes en <em><span style=\"color: #165788;\"><a style=\"color: #165788;\" href=\"https:\/\/www.loyola.edu.mx\/?page_id=5603\" target=\"_blank\" rel=\"noopener\">Admisiones Licenciatura<\/a><\/span><\/em>.<\/p>\t\t\t\t\t\t\t\t<\/div>\n\t\t\t\t<\/div>\n\t\t\t\t<div class=\"elementor-element elementor-element-067b05c elementor-widget elementor-widget-text-editor\" data-id=\"067b05c\" data-element_type=\"widget\" data-e-type=\"widget\" data-widget_type=\"text-editor.default\">\n\t\t\t\t<div class=\"elementor-widget-container\">\n\t\t\t\t\t\t\t\t\t<p>Revisa la\u00a0<a href=\"https:\/\/www.loyola.edu.mx\/?page_id=4356\" target=\"_blank\" rel=\"noopener\"><em><span style=\"color: #165788;\">Convocatoria a Becas Licenciatura<\/span><\/em><\/a>.<\/p>\t\t\t\t\t\t\t\t<\/div>\n\t\t\t\t<\/div>\n\t\t\t\t\t<\/div>\n\t\t\t\t<\/div>\n\t\t<div class=\"elementor-element elementor-element-40c21af e-grid e-con-boxed e-con e-parent\" data-id=\"40c21af\" data-element_type=\"container\" data-e-type=\"container\">\n\t\t\t\t\t<div class=\"e-con-inner\">\n\t\t<div class=\"elementor-element elementor-element-00ace7b e-grid e-con-full e-con e-child\" data-id=\"00ace7b\" data-element_type=\"container\" data-e-type=\"container\">\n\t\t\t\t<div class=\"elementor-element elementor-element-4ca3ac3 elementor-widget__width-initial elementor-widget elementor-widget-heading\" data-id=\"4ca3ac3\" data-element_type=\"widget\" data-e-type=\"widget\" data-widget_type=\"heading.default\">\n\t\t\t\t<div class=\"elementor-widget-container\">\n\t\t\t\t\t<h2 class=\"elementor-heading-title elementor-size-default\"><a href=\"https:\/\/www.loyola.edu.mx\/wp-content\/uploads\/2025\/07\/Folleto_Merca_Web.pdf\" target=\"_blank\">Descarga aqu\u00ed el folleto de Mercadotecnia<\/a><\/h2>\t\t\t\t<\/div>\n\t\t\t\t<\/div>\n\t\t\t\t<\/div>\n\t\t\t\t\t<\/div>\n\t\t\t\t<\/div>\n\t\t<div class=\"elementor-element elementor-element-40e5261 e-grid e-con-boxed e-con e-parent\" data-id=\"40e5261\" data-element_type=\"container\" data-e-type=\"container\">\n\t\t\t\t\t<div class=\"e-con-inner\">\n\t\t\t\t<div class=\"elementor-element elementor-element-624a215 elementor-widget elementor-widget-text-editor\" data-id=\"624a215\" data-element_type=\"widget\" data-e-type=\"widget\" data-widget_type=\"text-editor.default\">\n\t\t\t\t<div class=\"elementor-widget-container\">\n\t\t\t\t\t\t\t\t\t<p><strong><span style=\"font-size: 14pt;\"><span style=\"font-size: 12pt;\">Mercadotecnia<\/span><\/span><\/strong><\/p><ul><li style=\"text-align: left;\"><span style=\"font-size: 12pt;\">Plan de estudios Semestral con Reconocimiento de Validez Oficial de la Secretar\u00eda de Educaci\u00f3n P\u00fablica.<\/span><\/li><li style=\"text-align: left;\"><span style=\"font-size: 12pt;\">N\u00famero de Acuerdo: 992239.<\/span><\/li><li style=\"text-align: left;\"><span style=\"font-size: 12pt;\">Fecha de incorporaci\u00f3n: 06\/08\/1999.<\/span><\/li><li style=\"text-align: left;\"><span style=\"font-size: 12pt;\">Modalidad: Escolarizada.<\/span><\/li><li style=\"text-align: left;\"><span style=\"font-size: 12pt;\">Clave de Centro de Trabajo (CCT): 12PSU0021D.<\/span><\/li><\/ul>\t\t\t\t\t\t\t\t<\/div>\n\t\t\t\t<\/div>\n\t\t\t\t\t<\/div>\n\t\t\t\t<\/div>\n\t\t\t\t<\/div>\n\t\t","protected":false},"excerpt":{"rendered":"<p>\u00a0 Experiencia Loyola La Licenciatura en Mercadotecnia ofrece un plan de estudios bajo el modelo por competencias en el que las experiencias se encuentran centradas en ti para: Dise\u00f1ar estrategias comerciales. Identificar oportunidades de negocios. Crear e innovar bienes y servicios de acuerdo a las tendencias que surjan en el mercado y en los consumidores. [&hellip;]<\/p>\n","protected":false},"author":1,"featured_media":0,"parent":0,"menu_order":0,"comment_status":"closed","ping_status":"closed","template":"template-home.php","meta":{"footnotes":"","_elementor_edit_mode":"builder","_elementor_template_type":"wp-page","_elementor_data":"[{\"id\":\"d807d80\",\"elType\":\"container\",\"settings\":[],\"elements\":[{\"id\":\"c7a16cc\",\"elType\":\"widget\",\"settings\":{\"content_width\":\"full\",\"editor\":\"<p>\\u00a0<\\\/p><p><span style=\\\"color: #165788;\\\"><b>Experiencia Loyola<\\\/b><\\\/span><\\\/p><p>La Licenciatura en <b><span style=\\\"color: #165788;\\\">Mercadotecnia<\\\/span> <\\\/b>ofrece un plan de estudios bajo el modelo por competencias en el que las experiencias se encuentran centradas en ti para:<\\\/p><ul><li>Dise\\u00f1ar estrategias comerciales.<\\\/li><li>Identificar oportunidades de negocios.<\\\/li><li>Crear e innovar bienes y servicios de acuerdo a las tendencias que surjan en el mercado y en los consumidores.<\\\/li><\\\/ul>\"},\"elements\":[],\"widgetType\":\"text-editor\"}],\"isInner\":false},{\"id\":\"b3f8841\",\"elType\":\"container\",\"settings\":[],\"elements\":[{\"id\":\"9e2f40f\",\"elType\":\"widget\",\"settings\":{\"content_width\":\"full\",\"editor\":\"<p><span style=\\\"color: #165788;\\\"><b>Mercadotecnia es para ti<\\\/b><\\\/span><\\\/p><p>Si te gusta:<\\\/p><ul><li>Desarrollar campa\\u00f1as publicitarias, que crean una marca o generan productos de problem\\u00e1ticas que llamen su atenci\\u00f3n<\\\/li><li>Analizar el comportamiento de las personas en sus h\\u00e1bitos<\\\/li><li>Dirigir y promover el cambio.<\\\/li><li>Tener disposici\\u00f3n y facilidad para acceder a estudios y pr\\u00e1cticas relacionadas con la necesidades y deseos de los consumidores.<\\\/li><li>Plantear problemas y proponer soluciones innovadoras que generen valor para el consumidor, la empresa, los empleados y el producto, siempre con una visi\\u00f3n humanista teniendo como sello el desarrollo social.<\\\/li><\\\/ul>\"},\"elements\":[],\"widgetType\":\"text-editor\"}],\"isInner\":false},{\"id\":\"a60fb6d\",\"elType\":\"container\",\"settings\":[],\"elements\":[{\"id\":\"3b5d911\",\"elType\":\"widget\",\"settings\":{\"content_width\":\"full\",\"editor\":\"<p><span style=\\\"color: #165788;\\\"><b>Inspiraci\\u00f3n sin Fronteras<\\\/b><\\\/span><\\\/p><p>Se desarrollan las siguientes competencias:<\\\/p><ul><li>Identificar oportunidades y problemas de mercado.<\\\/li><li>Detectar necesidades y deseos de los consumidores, ofreciendo un diagn\\u00f3stico integral y preciso del mercado.<\\\/li><li>Formular estrategias que conlleven a la comercializaci\\u00f3n de productos y servicios, de organizaciones privadas, gubernamentales o de la sociedad civil, en su \\u00e1mbito local, nacional o internacional.<\\\/li><li>Creer soluciones innovadoras, de la mano de la tecnolog\\u00eda, atendiendo aspectos de responsabilidad ambiental y de compromiso social.<\\\/li><\\\/ul>\"},\"elements\":[],\"widgetType\":\"text-editor\"}],\"isInner\":false},{\"id\":\"2f36820\",\"elType\":\"container\",\"settings\":[],\"elements\":[{\"id\":\"b3de470\",\"elType\":\"widget\",\"settings\":{\"content_width\":\"full\",\"editor\":\"<p><span style=\\\"color: #165788;\\\"><b>Vida profesional<\\\/b><\\\/span><\\\/p><p>Con la Licenciatura en <b><span style=\\\"color: #165788;\\\">Mercadotecnia<\\\/span> <\\\/b>podr\\u00e1s desempe\\u00f1arte en las \\u00e1reas del sector p\\u00fablico o privado en agencias de publicidad y mercadotecnia, en departamento de investigaci\\u00f3n de mercados, en \\u00e1reas de promoci\\u00f3n y desarrollo de productos, en agencias de publicitarias, ventas y comercializaci\\u00f3n, como asesor o consultor independiente.<\\\/p>\"},\"elements\":[],\"widgetType\":\"text-editor\"}],\"isInner\":false},{\"id\":\"76ed36a\",\"elType\":\"container\",\"settings\":{\"container_type\":\"grid\",\"grid_columns_grid\":{\"unit\":\"fr\",\"size\":\"3\"},\"grid_rows_grid\":{\"unit\":\"fr\",\"size\":\"1\"},\"grid_rows_grid_mobile\":{\"unit\":\"fr\",\"size\":\"1\"}},\"elements\":[{\"id\":\"510c132\",\"elType\":\"widget\",\"settings\":{\"content_width\":\"full\",\"editor\":\"<p><span style=\\\"color: #165788;\\\"><b>Intercambio Acad\\u00e9mico<\\\/b><\\\/span><\\\/p><p>Siendo parte de la comunidad Loyola es posible gozar de intercambio acad\\u00e9mico con otras universidades del pa\\u00eds o del extranjero con las que se tenga convenio y de acuerdo a los lineamientos, pol\\u00edticas y procedimientos establecidos por la universidad.<\\\/p><p>Conoce sobre el procedimiento para el\\u00a0<em><a href=\\\"https:\\\/\\\/www.loyola.edu.mx\\\/?page_id=4394\\\" target=\\\"_blank\\\" rel=\\\"noopener\\\"><span style=\\\"color: #165788;\\\">Intercambio Acad\\u00e9mico<\\\/span><\\\/a><\\\/em>.<\\\/p>\"},\"elements\":[],\"widgetType\":\"text-editor\"},{\"id\":\"f08205a\",\"elType\":\"widget\",\"settings\":{\"content_width\":\"full\",\"editor\":\"<p><span style=\\\"color: #165788;\\\"><b>Seguro M\\u00e9dico<\\\/b><\\\/span><\\\/p><p>Durante el semestre vigente, las y los estudiantes est\\u00e1n amparados por una p\\u00f3liza de seguro en caso de accidentes escolares, durante su permanencia en el campus as\\u00ed como en actividades organizadas y supervisadas por la Direcci\\u00f3n General Acad\\u00e9mica.<\\\/p><p>Conoce m\\u00e1s del\\u00a0<em><a href=\\\"https:\\\/\\\/www.loyola.edu.mx\\\/?page_id=4389\\\" target=\\\"_blank\\\" rel=\\\"noopener\\\"><span style=\\\"color: #165788;\\\">Seguro M\\u00e9dico<\\\/span><\\\/a><\\\/em>.\\u00a0<\\\/p>\"},\"elements\":[],\"widgetType\":\"text-editor\"},{\"id\":\"867cb64\",\"elType\":\"widget\",\"settings\":{\"content_width\":\"full\",\"editor\":\"<p><span style=\\\"color: #165788;\\\"><b>Transporte escolar<\\\/b><\\\/span><\\\/p><p>Como apoyo al traslado, las y los estudiantes pueden hacer uso del transporte escolar para llegar al\\u00a0<span style=\\\"color: #165788;\\\"><em><a style=\\\"color: #165788;\\\" href=\\\"https:\\\/\\\/www.loyola.edu.mx\\\/?page_id=4325\\\" target=\\\"_blank\\\" rel=\\\"noopener\\\">Campus Loyola<\\\/a><\\\/em><\\\/span>. Este transporte maneja horarios que optimizan el servicio.<\\\/p><p>Conoce m\\u00e1s del<em><span style=\\\"color: #165788;\\\">\\u00a0<\\\/span><\\\/em><a href=\\\"https:\\\/\\\/www.loyola.edu.mx\\\/?page_id=4392\\\" target=\\\"_blank\\\" rel=\\\"noopener\\\"><em><span style=\\\"color: #165788;\\\">Transporte escolar<\\\/span><\\\/em><\\\/a>.\\u00a0<\\\/p>\"},\"elements\":[],\"widgetType\":\"text-editor\"}],\"isInner\":false},{\"id\":\"4a26b27\",\"elType\":\"container\",\"settings\":{\"container_type\":\"grid\",\"grid_columns_grid\":{\"unit\":\"fr\",\"size\":\"2\"},\"grid_rows_grid\":{\"unit\":\"fr\",\"size\":\"1\"},\"grid_rows_grid_mobile\":{\"unit\":\"fr\",\"size\":\"1\"}},\"elements\":[{\"id\":\"aedd3cc\",\"elType\":\"widget\",\"settings\":{\"content_width\":\"full\",\"editor\":\"<p>Pide informes en <em><span style=\\\"color: #165788;\\\"><a style=\\\"color: #165788;\\\" href=\\\"https:\\\/\\\/www.loyola.edu.mx\\\/?page_id=5603\\\" target=\\\"_blank\\\" rel=\\\"noopener\\\">Admisiones Licenciatura<\\\/a><\\\/span><\\\/em>.<\\\/p>\"},\"elements\":[],\"widgetType\":\"text-editor\"},{\"id\":\"067b05c\",\"elType\":\"widget\",\"settings\":{\"content_width\":\"full\",\"editor\":\"<p>Revisa la\\u00a0<a href=\\\"https:\\\/\\\/www.loyola.edu.mx\\\/?page_id=4356\\\" target=\\\"_blank\\\" rel=\\\"noopener\\\"><em><span style=\\\"color: #165788;\\\">Convocatoria a Becas Licenciatura<\\\/span><\\\/em><\\\/a>.<\\\/p>\"},\"elements\":[],\"widgetType\":\"text-editor\"}],\"isInner\":false},{\"id\":\"40c21af\",\"elType\":\"container\",\"settings\":{\"container_type\":\"grid\",\"grid_columns_grid\":{\"unit\":\"fr\",\"size\":1},\"grid_rows_grid\":{\"unit\":\"fr\",\"size\":\"1\"},\"grid_rows_grid_mobile\":{\"unit\":\"fr\",\"size\":\"1\"}},\"elements\":[{\"id\":\"00ace7b\",\"elType\":\"container\",\"settings\":{\"container_type\":\"grid\",\"grid_columns_grid\":{\"unit\":\"fr\",\"size\":1},\"grid_rows_grid\":{\"unit\":\"fr\",\"size\":\"1\"},\"grid_rows_grid_mobile\":{\"unit\":\"fr\",\"size\":\"1\"},\"content_width\":\"full\",\"grid_justify_items\":\"center\",\"grid_align_items\":\"center\"},\"elements\":[{\"id\":\"4ca3ac3\",\"elType\":\"widget\",\"settings\":{\"title\":\"Descarga aqu\\u00ed el folleto de Mercadotecnia\",\"align\":\"center\",\"title_color\":\"#FFFFFF\",\"typography_typography\":\"custom\",\"typography_font_family\":\"Montserrat\",\"typography_font_size\":{\"unit\":\"px\",\"size\":36,\"sizes\":[]},\"typography_font_weight\":\"700\",\"_padding\":{\"unit\":\"px\",\"top\":\"15\",\"right\":\"15\",\"bottom\":\"15\",\"left\":\"15\",\"isLinked\":true},\"_element_width\":\"initial\",\"_element_custom_width\":{\"unit\":\"%\",\"size\":70,\"sizes\":[]},\"_flex_align_self\":\"center\",\"_box_shadow_box_shadow_type\":\"yes\",\"link\":{\"url\":\"https:\\\/\\\/www.loyola.edu.mx\\\/wp-content\\\/uploads\\\/2025\\\/07\\\/Folleto_Merca_Web.pdf\",\"is_external\":\"on\",\"nofollow\":\"\",\"custom_attributes\":\"\"},\"_background_background\":\"gradient\",\"_background_color\":\"#00338D\",\"_background_color_b\":\"#00A1DE\",\"content_width\":\"full\"},\"elements\":[],\"widgetType\":\"heading\"}],\"isInner\":true}],\"isInner\":false},{\"id\":\"40e5261\",\"elType\":\"container\",\"settings\":{\"container_type\":\"grid\",\"grid_columns_grid\":{\"unit\":\"fr\",\"size\":1},\"grid_rows_grid\":{\"unit\":\"fr\",\"size\":\"1\"},\"grid_rows_grid_mobile\":{\"unit\":\"fr\",\"size\":\"1\"}},\"elements\":[{\"id\":\"624a215\",\"elType\":\"widget\",\"settings\":{\"content_width\":\"full\",\"editor\":\"<p><strong><span style=\\\"font-size: 14pt;\\\"><span style=\\\"font-size: 12pt;\\\">Mercadotecnia<\\\/span><\\\/span><\\\/strong><\\\/p><ul><li style=\\\"text-align: left;\\\"><span style=\\\"font-size: 12pt;\\\">Plan de estudios Semestral con Reconocimiento de Validez Oficial de la Secretar\\u00eda de Educaci\\u00f3n P\\u00fablica.<\\\/span><\\\/li><li style=\\\"text-align: left;\\\"><span style=\\\"font-size: 12pt;\\\">N\\u00famero de Acuerdo: 992239.<\\\/span><\\\/li><li style=\\\"text-align: left;\\\"><span style=\\\"font-size: 12pt;\\\">Fecha de incorporaci\\u00f3n: 06\\\/08\\\/1999.<\\\/span><\\\/li><li style=\\\"text-align: left;\\\"><span style=\\\"font-size: 12pt;\\\">Modalidad: Escolarizada.<\\\/span><\\\/li><li style=\\\"text-align: left;\\\"><span style=\\\"font-size: 12pt;\\\">Clave de Centro de Trabajo (CCT): 12PSU0021D.<\\\/span><\\\/li><\\\/ul>\",\"_margin\":{\"unit\":\"px\",\"top\":\"0\",\"right\":\"0\",\"bottom\":\"0\",\"left\":\"0\",\"isLinked\":true},\"_border_border\":\"none\",\"_border_color\":\"#020101\",\"_border_radius\":{\"unit\":\"px\",\"top\":\"0\",\"right\":\"0\",\"bottom\":\"0\",\"left\":\"0\",\"isLinked\":true},\"_box_shadow_box_shadow_type\":\"yes\",\"_box_shadow_box_shadow\":{\"horizontal\":0,\"vertical\":0,\"blur\":0,\"spread\":0,\"color\":\"#000000\"},\"_box_shadow_box_shadow_position\":\"inset\"},\"elements\":[],\"widgetType\":\"text-editor\"}],\"isInner\":false}]","_elementor_page_settings":null},"class_list":["post-5807","page","type-page","status-publish","hentry"],"_links":{"self":[{"href":"https:\/\/www.loyola.edu.mx\/index.php?rest_route=\/wp\/v2\/pages\/5807","targetHints":{"allow":["GET"]}}],"collection":[{"href":"https:\/\/www.loyola.edu.mx\/index.php?rest_route=\/wp\/v2\/pages"}],"about":[{"href":"https:\/\/www.loyola.edu.mx\/index.php?rest_route=\/wp\/v2\/types\/page"}],"author":[{"embeddable":true,"href":"https:\/\/www.loyola.edu.mx\/index.php?rest_route=\/wp\/v2\/users\/1"}],"replies":[{"embeddable":true,"href":"https:\/\/www.loyola.edu.mx\/index.php?rest_route=%2Fwp%2Fv2%2Fcomments&post=5807"}],"version-history":[{"count":13,"href":"https:\/\/www.loyola.edu.mx\/index.php?rest_route=\/wp\/v2\/pages\/5807\/revisions"}],"predecessor-version":[{"id":9332,"href":"https:\/\/www.loyola.edu.mx\/index.php?rest_route=\/wp\/v2\/pages\/5807\/revisions\/9332"}],"wp:attachment":[{"href":"https:\/\/www.loyola.edu.mx\/index.php?rest_route=%2Fwp%2Fv2%2Fmedia&parent=5807"}],"curies":[{"name":"wp","href":"https:\/\/api.w.org\/{rel}","templated":true}]}}