{"id":6607,"date":"2025-01-03T23:04:54","date_gmt":"2025-01-03T23:04:54","guid":{"rendered":"https:\/\/www.loyola.edu.mx\/?page_id=6607"},"modified":"2025-01-06T20:01:15","modified_gmt":"2025-01-06T20:01:15","slug":"oferta-academica","status":"publish","type":"page","link":"https:\/\/www.loyola.edu.mx\/?page_id=6607","title":{"rendered":"Oferta Acad\u00e9mica"},"content":{"rendered":"\t\t<div data-elementor-type=\"wp-page\" data-elementor-id=\"6607\" class=\"elementor elementor-6607\">\n\t\t\t\t<div class=\"elementor-element elementor-element-7b5720a5 e-flex e-con-boxed e-con e-parent\" data-id=\"7b5720a5\" data-element_type=\"container\" data-e-type=\"container\">\n\t\t\t\t\t<div class=\"e-con-inner\">\n\t\t\t\t<div class=\"elementor-element elementor-element-645d88f8 elementor-widget elementor-widget-text-editor\" data-id=\"645d88f8\" data-element_type=\"widget\" data-e-type=\"widget\" data-widget_type=\"text-editor.default\">\n\t\t\t\t<div class=\"elementor-widget-container\">\n\t\t\t\t\t\t\t\t\t<p>\u00a0<\/p><p>El Sistema Educativo Loyola del Pac\u00edfico es una instituci\u00f3n educativa que tiene un gran diferenciador con otras instituciones educativas: <b><span style=\"color: #165788;\">la formaci\u00f3n integral basada en el Modelo Pedag\u00f3gico Ignaciano<\/span>.<\/b><\/p><p>Si quieres saber m\u00e1s, conoce nuestra oferta acad\u00e9mica:<\/p><div data-section-style=\"7\"><ul><li role=\"checkbox\"><em><a href=\"https:\/\/www.loyola.edu.mx\/?page_id=4374\" target=\"_blank\" rel=\"noopener\"><span style=\"color: #165788;\">Secu Loyola<\/span><\/a><\/em>.<\/li><li role=\"checkbox\"><em><span style=\"color: #165788;\"><a style=\"color: #165788;\" href=\"https:\/\/www.loyola.edu.mx\/?page_id=4376\" target=\"_blank\" rel=\"noopener\">Prepa Loyola<\/a><\/span><\/em>.<\/li><li role=\"checkbox\"><em><span style=\"color: #165788;\"><a style=\"color: #165788;\" href=\"https:\/\/www.loyola.edu.mx\/?page_id=5789\" target=\"_blank\" rel=\"noopener\">Uni Loyola<\/a><\/span><\/em>.<\/li><li role=\"checkbox\"><em><span style=\"color: #165788;\"><a style=\"color: #165788;\" href=\"https:\/\/www.loyola.edu.mx\/?page_id=4381\" target=\"_blank\" rel=\"noopener\">Posgrado Loyola<\/a><\/span><\/em>.<\/li><\/ul><\/div>\t\t\t\t\t\t\t\t<\/div>\n\t\t\t\t<\/div>\n\t\t\t\t\t<\/div>\n\t\t\t\t<\/div>\n\t\t\t\t<\/div>\n\t\t","protected":false},"excerpt":{"rendered":"<p>\u00a0 El Sistema Educativo Loyola del Pac\u00edfico es una instituci\u00f3n educativa que tiene un gran diferenciador con otras instituciones educativas: la formaci\u00f3n integral basada en el Modelo Pedag\u00f3gico Ignaciano. Si quieres saber m\u00e1s, conoce nuestra oferta acad\u00e9mica: Secu Loyola. Prepa Loyola. Uni Loyola. Posgrado Loyola.<\/p>\n","protected":false},"author":11,"featured_media":0,"parent":0,"menu_order":0,"comment_status":"closed","ping_status":"closed","template":"template-home.php","meta":{"footnotes":"","_elementor_edit_mode":"builder","_elementor_template_type":"wp-page","_elementor_data":"[{\"id\":\"7b5720a5\",\"elType\":\"container\",\"settings\":[],\"elements\":[{\"id\":\"645d88f8\",\"elType\":\"widget\",\"settings\":{\"editor\":\"<p>\\u00a0<\\\/p><p>El Sistema Educativo Loyola del Pac\\u00edfico es una instituci\\u00f3n educativa que tiene un gran diferenciador con otras instituciones educativas: <b><span style=\\\"color: #165788;\\\">la formaci\\u00f3n integral basada en el Modelo Pedag\\u00f3gico Ignaciano<\\\/span>.<\\\/b><\\\/p><p>Si quieres saber m\\u00e1s, conoce nuestra oferta acad\\u00e9mica:<\\\/p><div data-section-style=\\\"7\\\"><ul><li role=\\\"checkbox\\\"><em><a href=\\\"https:\\\/\\\/www.loyola.edu.mx\\\/?page_id=4374\\\" target=\\\"_blank\\\" rel=\\\"noopener\\\"><span style=\\\"color: #165788;\\\">Secu Loyola<\\\/span><\\\/a><\\\/em>.<\\\/li><li role=\\\"checkbox\\\"><em><span style=\\\"color: #165788;\\\"><a style=\\\"color: #165788;\\\" href=\\\"https:\\\/\\\/www.loyola.edu.mx\\\/?page_id=4376\\\" target=\\\"_blank\\\" rel=\\\"noopener\\\">Prepa Loyola<\\\/a><\\\/span><\\\/em>.<\\\/li><li role=\\\"checkbox\\\"><em><span style=\\\"color: #165788;\\\"><a style=\\\"color: #165788;\\\" href=\\\"https:\\\/\\\/www.loyola.edu.mx\\\/?page_id=5789\\\" target=\\\"_blank\\\" rel=\\\"noopener\\\">Uni Loyola<\\\/a><\\\/span><\\\/em>.<\\\/li><li role=\\\"checkbox\\\"><em><span style=\\\"color: #165788;\\\"><a style=\\\"color: #165788;\\\" href=\\\"https:\\\/\\\/www.loyola.edu.mx\\\/?page_id=4381\\\" target=\\\"_blank\\\" rel=\\\"noopener\\\">Posgrado Loyola<\\\/a><\\\/span><\\\/em>.<\\\/li><\\\/ul><\\\/div>\"},\"elements\":[],\"widgetType\":\"text-editor\"}],\"isInner\":false}]","_elementor_page_settings":null},"class_list":["post-6607","page","type-page","status-publish","hentry"],"_links":{"self":[{"href":"https:\/\/www.loyola.edu.mx\/index.php?rest_route=\/wp\/v2\/pages\/6607","targetHints":{"allow":["GET"]}}],"collection":[{"href":"https:\/\/www.loyola.edu.mx\/index.php?rest_route=\/wp\/v2\/pages"}],"about":[{"href":"https:\/\/www.loyola.edu.mx\/index.php?rest_route=\/wp\/v2\/types\/page"}],"author":[{"embeddable":true,"href":"https:\/\/www.loyola.edu.mx\/index.php?rest_route=\/wp\/v2\/users\/11"}],"replies":[{"embeddable":true,"href":"https:\/\/www.loyola.edu.mx\/index.php?rest_route=%2Fwp%2Fv2%2Fcomments&post=6607"}],"version-history":[{"count":6,"href":"https:\/\/www.loyola.edu.mx\/index.php?rest_route=\/wp\/v2\/pages\/6607\/revisions"}],"predecessor-version":[{"id":6944,"href":"https:\/\/www.loyola.edu.mx\/index.php?rest_route=\/wp\/v2\/pages\/6607\/revisions\/6944"}],"wp:attachment":[{"href":"https:\/\/www.loyola.edu.mx\/index.php?rest_route=%2Fwp%2Fv2%2Fmedia&parent=6607"}],"curies":[{"name":"wp","href":"https:\/\/api.w.org\/{rel}","templated":true}]}}