{"id":6708,"date":"2025-01-04T03:39:21","date_gmt":"2025-01-04T03:39:21","guid":{"rendered":"https:\/\/www.loyola.edu.mx\/?page_id=6708"},"modified":"2025-07-18T18:12:34","modified_gmt":"2025-07-18T18:12:34","slug":"ciencias-politicas-y-administracion-publica","status":"publish","type":"page","link":"https:\/\/www.loyola.edu.mx\/?page_id=6708","title":{"rendered":"Ciencias Pol\u00edticas y Administraci\u00f3n P\u00fablica"},"content":{"rendered":"\t\t<div data-elementor-type=\"wp-page\" data-elementor-id=\"6708\" class=\"elementor elementor-6708\">\n\t\t\t\t<div class=\"elementor-element elementor-element-9985acd e-flex e-con-boxed e-con e-parent\" data-id=\"9985acd\" data-element_type=\"container\" data-e-type=\"container\">\n\t\t\t\t\t<div class=\"e-con-inner\">\n\t\t\t\t<div class=\"elementor-element elementor-element-20780c2 elementor-widget elementor-widget-text-editor\" data-id=\"20780c2\" data-element_type=\"widget\" data-e-type=\"widget\" data-widget_type=\"text-editor.default\">\n\t\t\t\t<div class=\"elementor-widget-container\">\n\t\t\t\t\t\t\t\t\t<p>\u00a0<\/p><p><span style=\"color: #165788;\"><b>Experiencia Loyola<\/b><\/span><\/p><p>La Licenciatura en <strong><span style=\"color: #165788;\">Ciencias Pol\u00edticas y Administraci\u00f3n P\u00fablica<\/span><\/strong><b> <\/b>ofrece un plan de estudios bajo el modelo por competencias en el que las experiencias se encuentran centradas en ti para:<\/p><ul><li>Analizar necesidades sociales y sus posibles sociales.<\/li><li>Evaluar el funcionamiento de las instituciones y actores pol\u00edticos.<\/li><li>Interpretar y evaluar mensajes y discursos del \u00e1mbito pol\u00edtico.<\/li><li>Participar en la gesti\u00f3n de campa\u00f1as pol\u00edticas y electorales.<\/li><li>Realizar diagn\u00f3sticos y asesorar sobre temas vinculados con las relaciones internacionales.<\/li><\/ul>\t\t\t\t\t\t\t\t<\/div>\n\t\t\t\t<\/div>\n\t\t\t\t\t<\/div>\n\t\t\t\t<\/div>\n\t\t<div class=\"elementor-element elementor-element-d24520b e-flex e-con-boxed e-con e-parent\" data-id=\"d24520b\" data-element_type=\"container\" data-e-type=\"container\">\n\t\t\t\t\t<div class=\"e-con-inner\">\n\t\t\t\t<div class=\"elementor-element elementor-element-dc25a78 elementor-widget elementor-widget-text-editor\" data-id=\"dc25a78\" data-element_type=\"widget\" data-e-type=\"widget\" data-widget_type=\"text-editor.default\">\n\t\t\t\t<div class=\"elementor-widget-container\">\n\t\t\t\t\t\t\t\t\t<p><span style=\"color: #165788;\"><b>Ciencias Pol\u00edticas y Administraci\u00f3n P\u00fablica es para ti<\/b><\/span><\/p><p>Si te gusta:<\/p><ul><li>Analizar necesidades sociales y sus posibles sociales.<\/li><li>Evaluar el funcionamiento de las instituciones y actores pol\u00edticos.<\/li><li>Interpretar y evaluar mensajes y discursos del \u00e1mbito pol\u00edtico.<\/li><li>Participar en la gesti\u00f3n de campa\u00f1as pol\u00edticas y electorales.<\/li><li>Realizar diagn\u00f3sticos y asesorar sobre temas vinculados con las relaciones internacionales.<\/li><\/ul>\t\t\t\t\t\t\t\t<\/div>\n\t\t\t\t<\/div>\n\t\t\t\t\t<\/div>\n\t\t\t\t<\/div>\n\t\t<div class=\"elementor-element elementor-element-cff369b e-flex e-con-boxed e-con e-parent\" data-id=\"cff369b\" data-element_type=\"container\" data-e-type=\"container\">\n\t\t\t\t\t<div class=\"e-con-inner\">\n\t\t\t\t<div class=\"elementor-element elementor-element-dc7e421 elementor-widget elementor-widget-text-editor\" data-id=\"dc7e421\" data-element_type=\"widget\" data-e-type=\"widget\" data-widget_type=\"text-editor.default\">\n\t\t\t\t<div class=\"elementor-widget-container\">\n\t\t\t\t\t\t\t\t\t<p><span style=\"color: #165788;\"><b>Inspiraci\u00f3n sin Fronteras<\/b><\/span><\/p><p>Se desarrollan las siguientes competencias:<\/p><ul><li>Analizar los cambios en el contexto pol\u00edtico y social para sustentar la toma de decisiones en el \u00e1mbito p\u00fablico.<\/li><li>Elaborar propuestas de pol\u00edticas p\u00fablicas o mecanismos institucionales de cooperaci\u00f3n para promover acciones que mejoren la participaci\u00f3n y la rendici\u00f3n de cuentas.<\/li><li>Evaluar las decisiones gubernamentales por medio del estudio de sus resultados y el an\u00e1lisis de las formas de la gesti\u00f3n realizada.<\/li><\/ul>\t\t\t\t\t\t\t\t<\/div>\n\t\t\t\t<\/div>\n\t\t\t\t\t<\/div>\n\t\t\t\t<\/div>\n\t\t<div class=\"elementor-element elementor-element-db7e083 e-flex e-con-boxed e-con e-parent\" data-id=\"db7e083\" data-element_type=\"container\" data-e-type=\"container\">\n\t\t\t\t\t<div class=\"e-con-inner\">\n\t\t\t\t<div class=\"elementor-element elementor-element-48c4ba3 elementor-widget elementor-widget-text-editor\" data-id=\"48c4ba3\" data-element_type=\"widget\" data-e-type=\"widget\" data-widget_type=\"text-editor.default\">\n\t\t\t\t<div class=\"elementor-widget-container\">\n\t\t\t\t\t\t\t\t\t<p><span style=\"color: #165788;\"><b>Vida profesional<\/b><\/span><\/p><p>Con la Licenciatura en <span style=\"color: #165788;\"><b>Ciencias Pol\u00edticas y Administraci\u00f3n P\u00fablica<\/b><\/span> podr\u00e1s trabajar en los diferentes niveles del poder ejecutivo y legislativo, tanto a nivel local, como federal, as\u00ed como en el sector p\u00fablico y privado. Tambi\u00e9n podr\u00e1 laborar en partidos pol\u00edticos, sindicatos, agrupaciones pol\u00edticas, organizaciones de la sociedad civil, organismos internacionales, gremios empresariales, medios de comunicaci\u00f3n y el servicio diplom\u00e1tico. Consultor o asesor especializado en temas de gesti\u00f3n y pol\u00edtica, analista pol\u00edtico, dise\u00f1ador de pol\u00edticas p\u00fablicas o campa\u00f1as electorales.<\/p>\t\t\t\t\t\t\t\t<\/div>\n\t\t\t\t<\/div>\n\t\t\t\t\t<\/div>\n\t\t\t\t<\/div>\n\t\t<div class=\"elementor-element elementor-element-361741b e-grid e-con-boxed e-con e-parent\" data-id=\"361741b\" data-element_type=\"container\" data-e-type=\"container\">\n\t\t\t\t\t<div class=\"e-con-inner\">\n\t\t\t\t<div class=\"elementor-element elementor-element-30ddae7 elementor-widget elementor-widget-text-editor\" data-id=\"30ddae7\" data-element_type=\"widget\" data-e-type=\"widget\" data-widget_type=\"text-editor.default\">\n\t\t\t\t<div class=\"elementor-widget-container\">\n\t\t\t\t\t\t\t\t\t<p><span style=\"color: #165788;\"><b>Intercambio Acad\u00e9mico<\/b><\/span><\/p><p>Siendo parte de la comunidad Loyola es posible gozar de intercambio acad\u00e9mico con otras universidades del pa\u00eds o del extranjero con las que se tenga convenio y de acuerdo a los lineamientos, pol\u00edticas y procedimientos establecidos por la universidad.<\/p><p>Conoce sobre el procedimiento para el\u00a0<em><a href=\"https:\/\/www.loyola.edu.mx\/?page_id=4394\" target=\"_blank\" rel=\"noopener\"><span style=\"color: #165788;\">Intercambio Acad\u00e9mico<\/span><\/a><\/em>.<\/p>\t\t\t\t\t\t\t\t<\/div>\n\t\t\t\t<\/div>\n\t\t\t\t<div class=\"elementor-element elementor-element-76fb0df elementor-widget elementor-widget-text-editor\" data-id=\"76fb0df\" data-element_type=\"widget\" data-e-type=\"widget\" data-widget_type=\"text-editor.default\">\n\t\t\t\t<div class=\"elementor-widget-container\">\n\t\t\t\t\t\t\t\t\t<p><span style=\"color: #165788;\"><b>Seguro M\u00e9dico<\/b><\/span><\/p><p>Durante el semestre vigente, las y los estudiantes est\u00e1n amparados por una p\u00f3liza de seguro en caso de accidentes escolares, durante su permanencia en el campus as\u00ed como en actividades organizadas y supervisadas por la Direcci\u00f3n General Acad\u00e9mica.<\/p><p>Conoce m\u00e1s del\u00a0<em><a href=\"https:\/\/www.loyola.edu.mx\/?page_id=4389\" target=\"_blank\" rel=\"noopener\"><span style=\"color: #165788;\">Seguro M\u00e9dico<\/span><\/a><\/em>.\u00a0<\/p>\t\t\t\t\t\t\t\t<\/div>\n\t\t\t\t<\/div>\n\t\t\t\t<div class=\"elementor-element elementor-element-e7c576a elementor-widget elementor-widget-text-editor\" data-id=\"e7c576a\" data-element_type=\"widget\" data-e-type=\"widget\" data-widget_type=\"text-editor.default\">\n\t\t\t\t<div class=\"elementor-widget-container\">\n\t\t\t\t\t\t\t\t\t<p><span style=\"color: #165788;\"><b>Transporte escolar<\/b><\/span><\/p><p>Como apoyo al traslado, las y los estudiantes pueden hacer uso del transporte escolar para llegar al\u00a0<span style=\"color: #165788;\"><em><a style=\"color: #165788;\" href=\"https:\/\/www.loyola.edu.mx\/?page_id=4325\" target=\"_blank\" rel=\"noopener\">Campus Loyola<\/a><\/em><\/span>. Este transporte maneja horarios que optimizan el servicio.<\/p><p>Conoce m\u00e1s del<em><span style=\"color: #165788;\">\u00a0<\/span><\/em><a href=\"https:\/\/www.loyola.edu.mx\/?page_id=4392\" target=\"_blank\" rel=\"noopener\"><em><span style=\"color: #165788;\">Transporte escolar<\/span><\/em><\/a>.\u00a0<\/p>\t\t\t\t\t\t\t\t<\/div>\n\t\t\t\t<\/div>\n\t\t\t\t\t<\/div>\n\t\t\t\t<\/div>\n\t\t<div class=\"elementor-element elementor-element-ea12cc2 e-grid e-con-boxed e-con e-parent\" data-id=\"ea12cc2\" data-element_type=\"container\" data-e-type=\"container\">\n\t\t\t\t\t<div class=\"e-con-inner\">\n\t\t\t\t<div class=\"elementor-element elementor-element-5dbce1d elementor-widget elementor-widget-text-editor\" data-id=\"5dbce1d\" data-element_type=\"widget\" data-e-type=\"widget\" data-widget_type=\"text-editor.default\">\n\t\t\t\t<div class=\"elementor-widget-container\">\n\t\t\t\t\t\t\t\t\t<p>Pide informes en <em><span style=\"color: #165788;\"><a style=\"color: #165788;\" href=\"https:\/\/www.loyola.edu.mx\/?page_id=5603\" target=\"_blank\" rel=\"noopener\">Admisiones Licenciatura<\/a><\/span><\/em>.<\/p>\t\t\t\t\t\t\t\t<\/div>\n\t\t\t\t<\/div>\n\t\t\t\t<div class=\"elementor-element elementor-element-333a1e1 elementor-widget elementor-widget-text-editor\" data-id=\"333a1e1\" data-element_type=\"widget\" data-e-type=\"widget\" data-widget_type=\"text-editor.default\">\n\t\t\t\t<div class=\"elementor-widget-container\">\n\t\t\t\t\t\t\t\t\t<p>Revisa la\u00a0<a href=\"https:\/\/www.loyola.edu.mx\/?page_id=4356\" target=\"_blank\" rel=\"noopener\"><em><span style=\"color: #165788;\">Convocatoria a Becas Licenciatura<\/span><\/em><\/a>.<\/p>\t\t\t\t\t\t\t\t<\/div>\n\t\t\t\t<\/div>\n\t\t\t\t\t<\/div>\n\t\t\t\t<\/div>\n\t\t<div class=\"elementor-element elementor-element-3baf06a e-grid e-con-boxed e-con e-parent\" data-id=\"3baf06a\" data-element_type=\"container\" data-e-type=\"container\">\n\t\t\t\t\t<div class=\"e-con-inner\">\n\t\t<div class=\"elementor-element elementor-element-082fa45 e-grid e-con-full e-con e-child\" data-id=\"082fa45\" data-element_type=\"container\" data-e-type=\"container\">\n\t\t\t\t<div class=\"elementor-element elementor-element-6ca762f elementor-widget__width-initial elementor-widget elementor-widget-heading\" data-id=\"6ca762f\" data-element_type=\"widget\" data-e-type=\"widget\" data-widget_type=\"heading.default\">\n\t\t\t\t<div class=\"elementor-widget-container\">\n\t\t\t\t\t<h2 class=\"elementor-heading-title elementor-size-default\"><a href=\"https:\/\/www.loyola.edu.mx\/wp-content\/uploads\/2025\/07\/Folleto_CPAP_Web.pdf\" target=\"_blank\">Descarga aqu\u00ed el folleto de Ciencias Pol\u00edticas y Administraci\u00f3n P\u00fablica<\/a><\/h2>\t\t\t\t<\/div>\n\t\t\t\t<\/div>\n\t\t\t\t<\/div>\n\t\t\t\t\t<\/div>\n\t\t\t\t<\/div>\n\t\t<div class=\"elementor-element elementor-element-d6f4996 e-grid e-con-boxed e-con e-parent\" data-id=\"d6f4996\" data-element_type=\"container\" data-e-type=\"container\">\n\t\t\t\t\t<div class=\"e-con-inner\">\n\t\t\t\t<div class=\"elementor-element elementor-element-1576cfc elementor-widget elementor-widget-text-editor\" data-id=\"1576cfc\" data-element_type=\"widget\" data-e-type=\"widget\" data-widget_type=\"text-editor.default\">\n\t\t\t\t<div class=\"elementor-widget-container\">\n\t\t\t\t\t\t\t\t\t<p><strong><span style=\"font-size: 14pt;\"><span style=\"font-size: 12pt;\">Ciencias Pol\u00edticas y Administraci\u00f3n P\u00fablica<\/span><\/span><\/strong><\/p><ul><li style=\"text-align: left;\"><span style=\"font-size: 12pt;\">Plan de estudios Cuatrimestral con Reconocimiento de Validez Oficial de la Secretar\u00eda de Educaci\u00f3n P\u00fablica.<\/span><\/li><li style=\"text-align: left;\"><span style=\"font-size: 12pt;\">N\u00famero de Acuerdo: 20171940.<\/span><\/li><li style=\"text-align: left;\"><span style=\"font-size: 12pt;\">Fecha de incorporaci\u00f3n: 20\/12\/2017.<\/span><\/li><li style=\"text-align: left;\"><span style=\"font-size: 12pt;\">Modalidad: Mixta.<\/span><\/li><li style=\"text-align: left;\"><span style=\"font-size: 12pt;\">Clave de Centro de Trabajo (CCT): 12PSU0021D.<\/span><\/li><\/ul>\t\t\t\t\t\t\t\t<\/div>\n\t\t\t\t<\/div>\n\t\t\t\t\t<\/div>\n\t\t\t\t<\/div>\n\t\t\t\t<\/div>\n\t\t","protected":false},"excerpt":{"rendered":"<p>\u00a0 Experiencia Loyola La Licenciatura en Ciencias Pol\u00edticas y Administraci\u00f3n P\u00fablica ofrece un plan de estudios bajo el modelo por competencias en el que las experiencias se encuentran centradas en ti para: Analizar necesidades sociales y sus posibles sociales. Evaluar el funcionamiento de las instituciones y actores pol\u00edticos. Interpretar y evaluar mensajes y discursos del [&hellip;]<\/p>\n","protected":false},"author":11,"featured_media":0,"parent":0,"menu_order":0,"comment_status":"closed","ping_status":"closed","template":"template-home.php","meta":{"footnotes":"","_elementor_edit_mode":"builder","_elementor_template_type":"wp-page","_elementor_data":"[{\"id\":\"9985acd\",\"elType\":\"container\",\"settings\":[],\"elements\":[{\"id\":\"20780c2\",\"elType\":\"widget\",\"settings\":{\"content_width\":\"full\",\"editor\":\"<p>\\u00a0<\\\/p><p><span style=\\\"color: #165788;\\\"><b>Experiencia Loyola<\\\/b><\\\/span><\\\/p><p>La Licenciatura en <strong><span style=\\\"color: #165788;\\\">Ciencias Pol\\u00edticas y Administraci\\u00f3n P\\u00fablica<\\\/span><\\\/strong><b> <\\\/b>ofrece un plan de estudios bajo el modelo por competencias en el que las experiencias se encuentran centradas en ti para:<\\\/p><ul><li>Analizar necesidades sociales y sus posibles sociales.<\\\/li><li>Evaluar el funcionamiento de las instituciones y actores pol\\u00edticos.<\\\/li><li>Interpretar y evaluar mensajes y discursos del \\u00e1mbito pol\\u00edtico.<\\\/li><li>Participar en la gesti\\u00f3n de campa\\u00f1as pol\\u00edticas y electorales.<\\\/li><li>Realizar diagn\\u00f3sticos y asesorar sobre temas vinculados con las relaciones internacionales.<\\\/li><\\\/ul>\"},\"elements\":[],\"widgetType\":\"text-editor\"}],\"isInner\":false},{\"id\":\"d24520b\",\"elType\":\"container\",\"settings\":[],\"elements\":[{\"id\":\"dc25a78\",\"elType\":\"widget\",\"settings\":{\"content_width\":\"full\",\"editor\":\"<p><span style=\\\"color: #165788;\\\"><b>Ciencias Pol\\u00edticas y Administraci\\u00f3n P\\u00fablica es para ti<\\\/b><\\\/span><\\\/p><p>Si te gusta:<\\\/p><ul><li>Analizar necesidades sociales y sus posibles sociales.<\\\/li><li>Evaluar el funcionamiento de las instituciones y actores pol\\u00edticos.<\\\/li><li>Interpretar y evaluar mensajes y discursos del \\u00e1mbito pol\\u00edtico.<\\\/li><li>Participar en la gesti\\u00f3n de campa\\u00f1as pol\\u00edticas y electorales.<\\\/li><li>Realizar diagn\\u00f3sticos y asesorar sobre temas vinculados con las relaciones internacionales.<\\\/li><\\\/ul>\"},\"elements\":[],\"widgetType\":\"text-editor\"}],\"isInner\":false},{\"id\":\"cff369b\",\"elType\":\"container\",\"settings\":[],\"elements\":[{\"id\":\"dc7e421\",\"elType\":\"widget\",\"settings\":{\"content_width\":\"full\",\"editor\":\"<p><span style=\\\"color: #165788;\\\"><b>Inspiraci\\u00f3n sin Fronteras<\\\/b><\\\/span><\\\/p><p>Se desarrollan las siguientes competencias:<\\\/p><ul><li>Analizar los cambios en el contexto pol\\u00edtico y social para sustentar la toma de decisiones en el \\u00e1mbito p\\u00fablico.<\\\/li><li>Elaborar propuestas de pol\\u00edticas p\\u00fablicas o mecanismos institucionales de cooperaci\\u00f3n para promover acciones que mejoren la participaci\\u00f3n y la rendici\\u00f3n de cuentas.<\\\/li><li>Evaluar las decisiones gubernamentales por medio del estudio de sus resultados y el an\\u00e1lisis de las formas de la gesti\\u00f3n realizada.<\\\/li><\\\/ul>\"},\"elements\":[],\"widgetType\":\"text-editor\"}],\"isInner\":false},{\"id\":\"db7e083\",\"elType\":\"container\",\"settings\":[],\"elements\":[{\"id\":\"48c4ba3\",\"elType\":\"widget\",\"settings\":{\"content_width\":\"full\",\"editor\":\"<p><span style=\\\"color: #165788;\\\"><b>Vida profesional<\\\/b><\\\/span><\\\/p><p>Con la Licenciatura en <span style=\\\"color: #165788;\\\"><b>Ciencias Pol\\u00edticas y Administraci\\u00f3n P\\u00fablica<\\\/b><\\\/span> podr\\u00e1s trabajar en los diferentes niveles del poder ejecutivo y legislativo, tanto a nivel local, como federal, as\\u00ed como en el sector p\\u00fablico y privado. Tambi\\u00e9n podr\\u00e1 laborar en partidos pol\\u00edticos, sindicatos, agrupaciones pol\\u00edticas, organizaciones de la sociedad civil, organismos internacionales, gremios empresariales, medios de comunicaci\\u00f3n y el servicio diplom\\u00e1tico. Consultor o asesor especializado en temas de gesti\\u00f3n y pol\\u00edtica, analista pol\\u00edtico, dise\\u00f1ador de pol\\u00edticas p\\u00fablicas o campa\\u00f1as electorales.<\\\/p>\"},\"elements\":[],\"widgetType\":\"text-editor\"}],\"isInner\":false},{\"id\":\"361741b\",\"elType\":\"container\",\"settings\":{\"container_type\":\"grid\",\"grid_columns_grid\":{\"unit\":\"fr\",\"size\":\"3\"},\"grid_rows_grid\":{\"unit\":\"fr\",\"size\":\"1\"},\"grid_rows_grid_mobile\":{\"unit\":\"fr\",\"size\":\"1\"}},\"elements\":[{\"id\":\"30ddae7\",\"elType\":\"widget\",\"settings\":{\"content_width\":\"full\",\"editor\":\"<p><span style=\\\"color: #165788;\\\"><b>Intercambio Acad\\u00e9mico<\\\/b><\\\/span><\\\/p><p>Siendo parte de la comunidad Loyola es posible gozar de intercambio acad\\u00e9mico con otras universidades del pa\\u00eds o del extranjero con las que se tenga convenio y de acuerdo a los lineamientos, pol\\u00edticas y procedimientos establecidos por la universidad.<\\\/p><p>Conoce sobre el procedimiento para el\\u00a0<em><a href=\\\"https:\\\/\\\/www.loyola.edu.mx\\\/?page_id=4394\\\" target=\\\"_blank\\\" rel=\\\"noopener\\\"><span style=\\\"color: #165788;\\\">Intercambio Acad\\u00e9mico<\\\/span><\\\/a><\\\/em>.<\\\/p>\"},\"elements\":[],\"widgetType\":\"text-editor\"},{\"id\":\"76fb0df\",\"elType\":\"widget\",\"settings\":{\"content_width\":\"full\",\"editor\":\"<p><span style=\\\"color: #165788;\\\"><b>Seguro M\\u00e9dico<\\\/b><\\\/span><\\\/p><p>Durante el semestre vigente, las y los estudiantes est\\u00e1n amparados por una p\\u00f3liza de seguro en caso de accidentes escolares, durante su permanencia en el campus as\\u00ed como en actividades organizadas y supervisadas por la Direcci\\u00f3n General Acad\\u00e9mica.<\\\/p><p>Conoce m\\u00e1s del\\u00a0<em><a href=\\\"https:\\\/\\\/www.loyola.edu.mx\\\/?page_id=4389\\\" target=\\\"_blank\\\" rel=\\\"noopener\\\"><span style=\\\"color: #165788;\\\">Seguro M\\u00e9dico<\\\/span><\\\/a><\\\/em>.\\u00a0<\\\/p>\"},\"elements\":[],\"widgetType\":\"text-editor\"},{\"id\":\"e7c576a\",\"elType\":\"widget\",\"settings\":{\"content_width\":\"full\",\"editor\":\"<p><span style=\\\"color: #165788;\\\"><b>Transporte escolar<\\\/b><\\\/span><\\\/p><p>Como apoyo al traslado, las y los estudiantes pueden hacer uso del transporte escolar para llegar al\\u00a0<span style=\\\"color: #165788;\\\"><em><a style=\\\"color: #165788;\\\" href=\\\"https:\\\/\\\/www.loyola.edu.mx\\\/?page_id=4325\\\" target=\\\"_blank\\\" rel=\\\"noopener\\\">Campus Loyola<\\\/a><\\\/em><\\\/span>. Este transporte maneja horarios que optimizan el servicio.<\\\/p><p>Conoce m\\u00e1s del<em><span style=\\\"color: #165788;\\\">\\u00a0<\\\/span><\\\/em><a href=\\\"https:\\\/\\\/www.loyola.edu.mx\\\/?page_id=4392\\\" target=\\\"_blank\\\" rel=\\\"noopener\\\"><em><span style=\\\"color: #165788;\\\">Transporte escolar<\\\/span><\\\/em><\\\/a>.\\u00a0<\\\/p>\"},\"elements\":[],\"widgetType\":\"text-editor\"}],\"isInner\":false},{\"id\":\"ea12cc2\",\"elType\":\"container\",\"settings\":{\"container_type\":\"grid\",\"grid_columns_grid\":{\"unit\":\"fr\",\"size\":\"2\"},\"grid_rows_grid\":{\"unit\":\"fr\",\"size\":\"1\"},\"grid_rows_grid_mobile\":{\"unit\":\"fr\",\"size\":\"1\"}},\"elements\":[{\"id\":\"5dbce1d\",\"elType\":\"widget\",\"settings\":{\"content_width\":\"full\",\"editor\":\"<p>Pide informes en <em><span style=\\\"color: #165788;\\\"><a style=\\\"color: #165788;\\\" href=\\\"https:\\\/\\\/www.loyola.edu.mx\\\/?page_id=5603\\\" target=\\\"_blank\\\" rel=\\\"noopener\\\">Admisiones Licenciatura<\\\/a><\\\/span><\\\/em>.<\\\/p>\"},\"elements\":[],\"widgetType\":\"text-editor\"},{\"id\":\"333a1e1\",\"elType\":\"widget\",\"settings\":{\"content_width\":\"full\",\"editor\":\"<p>Revisa la\\u00a0<a href=\\\"https:\\\/\\\/www.loyola.edu.mx\\\/?page_id=4356\\\" target=\\\"_blank\\\" rel=\\\"noopener\\\"><em><span style=\\\"color: #165788;\\\">Convocatoria a Becas Licenciatura<\\\/span><\\\/em><\\\/a>.<\\\/p>\"},\"elements\":[],\"widgetType\":\"text-editor\"}],\"isInner\":false},{\"id\":\"3baf06a\",\"elType\":\"container\",\"settings\":{\"container_type\":\"grid\",\"grid_columns_grid\":{\"unit\":\"fr\",\"size\":1},\"grid_rows_grid\":{\"unit\":\"fr\",\"size\":\"1\"},\"grid_rows_grid_mobile\":{\"unit\":\"fr\",\"size\":\"1\"}},\"elements\":[{\"id\":\"082fa45\",\"elType\":\"container\",\"settings\":{\"container_type\":\"grid\",\"grid_columns_grid\":{\"unit\":\"fr\",\"size\":1},\"grid_rows_grid\":{\"unit\":\"fr\",\"size\":\"1\"},\"grid_rows_grid_mobile\":{\"unit\":\"fr\",\"size\":\"1\"},\"content_width\":\"full\",\"grid_justify_items\":\"center\",\"grid_align_items\":\"center\"},\"elements\":[{\"id\":\"6ca762f\",\"elType\":\"widget\",\"settings\":{\"title\":\"Descarga aqu\\u00ed el folleto de Ciencias Pol\\u00edticas y Administraci\\u00f3n P\\u00fablica\",\"align\":\"center\",\"title_color\":\"#FFFFFF\",\"typography_typography\":\"custom\",\"typography_font_family\":\"Montserrat\",\"typography_font_size\":{\"unit\":\"px\",\"size\":36,\"sizes\":[]},\"typography_font_weight\":\"700\",\"_padding\":{\"unit\":\"px\",\"top\":\"15\",\"right\":\"15\",\"bottom\":\"15\",\"left\":\"15\",\"isLinked\":true},\"_element_width\":\"initial\",\"_element_custom_width\":{\"unit\":\"%\",\"size\":70,\"sizes\":[]},\"_flex_align_self\":\"center\",\"_box_shadow_box_shadow_type\":\"yes\",\"link\":{\"url\":\"https:\\\/\\\/www.loyola.edu.mx\\\/wp-content\\\/uploads\\\/2025\\\/07\\\/Folleto_CPAP_Web.pdf\",\"is_external\":\"on\",\"nofollow\":\"\",\"custom_attributes\":\"\"},\"_background_background\":\"gradient\",\"_background_color\":\"#00338D\",\"_background_color_b\":\"#00A1DE\",\"content_width\":\"full\"},\"elements\":[],\"widgetType\":\"heading\"}],\"isInner\":true}],\"isInner\":false},{\"id\":\"d6f4996\",\"elType\":\"container\",\"settings\":{\"container_type\":\"grid\",\"grid_columns_grid\":{\"unit\":\"fr\",\"size\":1},\"grid_rows_grid\":{\"unit\":\"fr\",\"size\":\"1\"},\"grid_rows_grid_mobile\":{\"unit\":\"fr\",\"size\":\"1\"}},\"elements\":[{\"id\":\"1576cfc\",\"elType\":\"widget\",\"settings\":{\"content_width\":\"full\",\"editor\":\"<p><strong><span style=\\\"font-size: 14pt;\\\"><span style=\\\"font-size: 12pt;\\\">Ciencias Pol\\u00edticas y Administraci\\u00f3n P\\u00fablica<\\\/span><\\\/span><\\\/strong><\\\/p><ul><li style=\\\"text-align: left;\\\"><span style=\\\"font-size: 12pt;\\\">Plan de estudios Cuatrimestral con Reconocimiento de Validez Oficial de la Secretar\\u00eda de Educaci\\u00f3n P\\u00fablica.<\\\/span><\\\/li><li style=\\\"text-align: left;\\\"><span style=\\\"font-size: 12pt;\\\">N\\u00famero de Acuerdo: 20171940.<\\\/span><\\\/li><li style=\\\"text-align: left;\\\"><span style=\\\"font-size: 12pt;\\\">Fecha de incorporaci\\u00f3n: 20\\\/12\\\/2017.<\\\/span><\\\/li><li style=\\\"text-align: left;\\\"><span style=\\\"font-size: 12pt;\\\">Modalidad: Mixta.<\\\/span><\\\/li><li style=\\\"text-align: left;\\\"><span style=\\\"font-size: 12pt;\\\">Clave de Centro de Trabajo (CCT): 12PSU0021D.<\\\/span><\\\/li><\\\/ul>\",\"_margin\":{\"unit\":\"px\",\"top\":\"0\",\"right\":\"0\",\"bottom\":\"0\",\"left\":\"0\",\"isLinked\":true},\"_border_border\":\"none\",\"_border_color\":\"#020101\",\"_border_radius\":{\"unit\":\"px\",\"top\":\"0\",\"right\":\"0\",\"bottom\":\"0\",\"left\":\"0\",\"isLinked\":true},\"_box_shadow_box_shadow_type\":\"yes\",\"_box_shadow_box_shadow\":{\"horizontal\":0,\"vertical\":0,\"blur\":0,\"spread\":0,\"color\":\"#000000\"},\"_box_shadow_box_shadow_position\":\"inset\"},\"elements\":[],\"widgetType\":\"text-editor\"}],\"isInner\":false}]","_elementor_page_settings":null},"class_list":["post-6708","page","type-page","status-publish","hentry"],"_links":{"self":[{"href":"https:\/\/www.loyola.edu.mx\/index.php?rest_route=\/wp\/v2\/pages\/6708","targetHints":{"allow":["GET"]}}],"collection":[{"href":"https:\/\/www.loyola.edu.mx\/index.php?rest_route=\/wp\/v2\/pages"}],"about":[{"href":"https:\/\/www.loyola.edu.mx\/index.php?rest_route=\/wp\/v2\/types\/page"}],"author":[{"embeddable":true,"href":"https:\/\/www.loyola.edu.mx\/index.php?rest_route=\/wp\/v2\/users\/11"}],"replies":[{"embeddable":true,"href":"https:\/\/www.loyola.edu.mx\/index.php?rest_route=%2Fwp%2Fv2%2Fcomments&post=6708"}],"version-history":[{"count":9,"href":"https:\/\/www.loyola.edu.mx\/index.php?rest_route=\/wp\/v2\/pages\/6708\/revisions"}],"predecessor-version":[{"id":9344,"href":"https:\/\/www.loyola.edu.mx\/index.php?rest_route=\/wp\/v2\/pages\/6708\/revisions\/9344"}],"wp:attachment":[{"href":"https:\/\/www.loyola.edu.mx\/index.php?rest_route=%2Fwp%2Fv2%2Fmedia&parent=6708"}],"curies":[{"name":"wp","href":"https:\/\/api.w.org\/{rel}","templated":true}]}}